{"id":120976,"date":"2024-07-20T06:50:22","date_gmt":"2024-07-20T10:50:22","guid":{"rendered":"https:\/\/www.aa87.org\/resources\/all-leaflets\/renseignements-sur-les-alcooliques-anonymes\/"},"modified":"2024-07-20T09:42:48","modified_gmt":"2024-07-20T13:42:48","slug":"renseignements-sur-les-alcooliques-anonymes","status":"publish","type":"page","link":"https:\/\/www.aa87.org\/en\/resources\/all-leaflets\/renseignements-sur-les-alcooliques-anonymes\/","title":{"rendered":"Renseignements sur les Alcooliques anonymes"},"content":{"rendered":"\t\t<div data-elementor-type=\"wp-page\" data-elementor-id=\"120976\" class=\"elementor elementor-120976 elementor-120880\" data-elementor-post-type=\"page\">\n\t\t\t\t\t\t<section class=\"elementor-section elementor-top-section elementor-element elementor-element-9ef6c07 elementor-section-full_width elementor-section-height-default elementor-section-height-default\" data-id=\"9ef6c07\" data-element_type=\"section\" data-e-type=\"section\">\n\t\t\t\t\t\t<div class=\"elementor-container elementor-column-gap-default\">\n\t\t\t\t\t<div class=\"elementor-column elementor-col-50 elementor-top-column elementor-element elementor-element-5e1042a\" data-id=\"5e1042a\" data-element_type=\"column\" data-e-type=\"column\">\n\t\t\t<div class=\"elementor-widget-wrap elementor-element-populated\">\n\t\t\t\t\t\t<div class=\"elementor-element elementor-element-e323ee4 elementor-widget elementor-widget-template\" data-id=\"e323ee4\" data-element_type=\"widget\" data-e-type=\"widget\" data-widget_type=\"template.default\">\n\t\t\t\t<div class=\"elementor-widget-container\">\n\t\t\t\t\t\t\t<div class=\"elementor-template\">\n\t\t\t\t\t<div data-elementor-type=\"page\" data-elementor-id=\"139109\" class=\"elementor elementor-139109 elementor-78071 elementor-78071\" data-elementor-post-type=\"elementor_library\">\n\t\t\t\t\t\t<section class=\"elementor-section elementor-top-section elementor-element elementor-element-129e3bd elementor-section-boxed elementor-section-height-default elementor-section-height-default\" data-id=\"129e3bd\" data-element_type=\"section\" data-e-type=\"section\">\n\t\t\t\t\t\t<div class=\"elementor-container elementor-column-gap-no\">\n\t\t\t\t\t<div class=\"elementor-column elementor-col-100 elementor-top-column elementor-element elementor-element-d9cb6bb\" data-id=\"d9cb6bb\" data-element_type=\"column\" data-e-type=\"column\">\n\t\t\t<div class=\"elementor-widget-wrap elementor-element-populated\">\n\t\t\t\t\t\t<div class=\"elementor-element elementor-element-b5f8dd4 elementor-widget elementor-widget-heading\" data-id=\"b5f8dd4\" data-element_type=\"widget\" data-e-type=\"widget\" data-widget_type=\"heading.default\">\n\t\t\t\t<div class=\"elementor-widget-container\">\n\t\t\t\t\t<h2 class=\"elementor-heading-title elementor-size-default\">Resources<\/h2>\t\t\t\t<\/div>\n\t\t\t\t<\/div>\n\t\t\t\t<div class=\"elementor-element elementor-element-fffa476 elementor-widget__width-inherit side-menu elementor-widget elementor-widget-ova_menu\" data-id=\"fffa476\" data-element_type=\"widget\" data-e-type=\"widget\" data-widget_type=\"ova_menu.default\">\n\t\t\t\t<div class=\"elementor-widget-container\">\n\t\t\t\t\t\n\t\t<div class=\"ova_menu_clasic\">\n\t\t\t<div class=\"ova_wrap_nav column NavBtn_left NavBtn_left_m\">\n\n\t\t\t\t\t<button class=\"ova_openNav\" aria-label=\"Menu Mobile\">\n\t\t\t\t\t\t<i class=\"fas fa-bars\"><\/i>\n\t\t\t\t\t<\/button>\n\n\t\t\t\t\t<div class=\"ova_nav canvas_left canvas_bg_gray\">\n\t\t\t\t\t\t<a href=\"javascript:void(0)\" class=\"ova_closeNav\"><i class=\"fas fa-times\"><\/i><\/a>\n\t\t\t\t\t\t<ul id=\"menu-side-menu-ressources-en\" class=\"menu sub_menu_dir_right\"><li id=\"menu-item-137784\" class=\"menu-item menu-item-type-custom menu-item-object-custom menu-item-137784\" menu-level=\"1\"><a href=\"https:\/\/aa87.sharepoint.com\/\">Portal<\/a><\/li>\n<li id=\"menu-item-84974\" class=\"menu-item menu-item-type-custom menu-item-object-custom menu-item-84974\" menu-level=\"1\"><a href=\"https:\/\/www.aa87.org\/en\/events\/\">Calendar<\/a><\/li>\n<li id=\"menu-item-139586\" class=\"menu-item menu-item-type-custom menu-item-object-custom menu-item-139586\" menu-level=\"1\"><a href=\"https:\/\/www.aa87.org\/en\/resources\/bulletins\/\">Bulletins<\/a><\/li>\n<li id=\"menu-item-137785\" class=\"menu-item menu-item-type-custom menu-item-object-custom menu-item-137785\" menu-level=\"1\"><a href=\"https:\/\/www.aa87.org\/en\/parcourirdesvideos\/\">Watch videos<\/a><\/li>\n<li id=\"menu-item-84975\" class=\"externalicon menu-item menu-item-type-custom menu-item-object-custom menu-item-84975\" menu-level=\"1\"><a target=\"_blank\" href=\"https:\/\/www.dropbox.com\/sh\/twtz2gne0qc6qnm\/AACwdc53fluTH7veDCF65QHka?dl=0\/\" class=\"externalicon\">Un jour autrefois <img decoding=\"async\" class=\"lienexterne\" src=\"https:\/\/www.aa87.org\/wp-content\/uploads\/2020\/07\/external16.png\" \/><\/a><\/li>\n<li id=\"menu-item-84976\" class=\"externalicon menu-item menu-item-type-custom menu-item-object-custom menu-item-84976\" menu-level=\"1\"><a target=\"_blank\" href=\"https:\/\/www.unjouralafois-emission.org\/\" class=\"externalicon\">Un jour \u00e0 la fois  <img decoding=\"async\" class=\"lienexterne\" src=\"https:\/\/www.aa87.org\/wp-content\/uploads\/2020\/07\/external16.png\" \/><\/a><\/li>\n<li id=\"menu-item-84977\" class=\"externalicon menu-item menu-item-type-custom menu-item-object-custom menu-item-84977\" menu-level=\"1\"><a target=\"_blank\" href=\"https:\/\/www.aa87.org\/en\/resources\/rq\/\" class=\"externalicon\">Daily Reflections<\/a><\/li>\n<li id=\"menu-item-139584\" class=\"menu-item menu-item-type-custom menu-item-object-custom menu-item-139584\" menu-level=\"1\"><a href=\"https:\/\/www.aa87.org\/en\/resources\/all-leaflets\/\">All leaflets<\/a><\/li>\n<li id=\"menu-item-139587\" class=\"menu-item menu-item-type-custom menu-item-object-custom menu-item-139587\" menu-level=\"1\"><a href=\"https:\/\/www.aa87.org\/en\/resources\/newcomer-kit\/\">Newcomer Kit<\/a><\/li>\n<li id=\"menu-item-137786\" class=\"menu-item menu-item-type-custom menu-item-object-custom menu-item-137786\" menu-level=\"1\"><a href=\"https:\/\/www.aa87.org\/en\/pochettersg\/\">GSR kit<\/a><\/li>\n<li id=\"menu-item-139590\" class=\"menu-item menu-item-type-custom menu-item-object-custom menu-item-139590\" menu-level=\"1\"><a href=\"https:\/\/www.aa87.org\/en\/forms\/\">Forms<\/a><\/li>\n<li id=\"menu-item-139585\" class=\"menu-item menu-item-type-custom menu-item-object-custom menu-item-139585\" menu-level=\"1\"><a href=\"https:\/\/www.aa87.org\/en\/congres-a-venir\/\">Upcoming AA Convention<\/a><\/li>\n<li id=\"menu-item-139589\" class=\"menu-item menu-item-type-custom menu-item-object-custom menu-item-139589\" menu-level=\"1\"><a href=\"https:\/\/www.aa87.org\/en\/category\/services-en\/\">Services<\/a><\/li>\n<\/ul>\t\t\t            <div class=\"shortcode\"><\/div>\n\t\t\t\t\t<\/div>\n\n\t\t\t\t<div class=\"ova_closeCanvas ova_closeNav\"><\/div>\n\t\t\t<\/div>\n\t\t<\/div>\n\t\t\n\n\t\t\t\t\t<\/div>\n\t\t\t\t<\/div>\n\t\t\t\t\t<\/div>\n\t\t<\/div>\n\t\t\t\t\t<\/div>\n\t\t<\/section>\n\t\t\t\t<\/div>\n\t\t\t\t<\/div>\n\t\t\t\t\t\t<\/div>\n\t\t\t\t<\/div>\n\t\t\t\t\t<\/div>\n\t\t<\/div>\n\t\t\t\t<div class=\"elementor-column elementor-col-50 elementor-top-column elementor-element elementor-element-49e2a1e\" data-id=\"49e2a1e\" data-element_type=\"column\" data-e-type=\"column\" data-settings=\"{&quot;background_background&quot;:&quot;classic&quot;}\">\n\t\t\t<div class=\"elementor-widget-wrap elementor-element-populated\">\n\t\t\t\t\t\t<section class=\"elementor-section elementor-inner-section elementor-element elementor-element-e81a268 elementor-section-boxed elementor-section-height-default elementor-section-height-default\" data-id=\"e81a268\" data-element_type=\"section\" data-e-type=\"section\">\n\t\t\t\t\t\t<div class=\"elementor-container elementor-column-gap-default\">\n\t\t\t\t\t<div class=\"elementor-column elementor-col-50 elementor-inner-column elementor-element elementor-element-ae0f561\" data-id=\"ae0f561\" data-element_type=\"column\" data-e-type=\"column\">\n\t\t\t<div class=\"elementor-widget-wrap elementor-element-populated\">\n\t\t\t\t\t\t<div class=\"elementor-element elementor-element-6242aa4 elementor-widget elementor-widget-text-editor\" data-id=\"6242aa4\" data-element_type=\"widget\" data-e-type=\"widget\" data-widget_type=\"text-editor.default\">\n\t\t\t\t<div class=\"elementor-widget-container\">\n\t\t\t\t\t\t\t\t\t<p><a href=\"https:\/\/www.aa87.org\/wp-content\/uploads\/2022\/05\/FF-2-Renseignements-sur-les-Alcooliques-anonymes.pdf\">D\u00e9pliant en format PDF<\/a><\/p>\t\t\t\t\t\t\t\t<\/div>\n\t\t\t\t<\/div>\n\t\t\t\t\t<\/div>\n\t\t<\/div>\n\t\t\t\t<div class=\"elementor-column elementor-col-50 elementor-inner-column elementor-element elementor-element-47823cf\" data-id=\"47823cf\" data-element_type=\"column\" data-e-type=\"column\">\n\t\t\t<div class=\"elementor-widget-wrap\">\n\t\t\t\t\t\t\t<\/div>\n\t\t<\/div>\n\t\t\t\t\t<\/div>\n\t\t<\/section>\n\t\t\t\t<div class=\"elementor-element elementor-element-0b9a500 elementor-widget elementor-widget-text-editor\" data-id=\"0b9a500\" data-element_type=\"widget\" data-e-type=\"widget\" data-widget_type=\"text-editor.default\">\n\t\t\t\t<div class=\"elementor-widget-container\">\n\t\t\t\t\t\t\t\t\t<h3 style=\"text-align: center;\">Renseignements sur les Alcooliques anonymes<\/h3><h4 style=\"text-align: center;\">\u00c0 l\u2019intention de toute nouvelle personne chez les<br \/>AA \u00c0 l\u2019intention de quiconque dirige quelqu\u2019un chez les AA<\/h4><p>Ces informations s\u2019adressent tant aux personnes qui ont un probl\u00e8me d\u2019alcoolqu\u2019\u00e0 celles qui connaissent des gens ayant peut-\u00eatre un telprobl\u00e8me. La plupart de ces renseignements sont pr\u00e9sent\u00e9s avec plus de d\u00e9tails dans les publications d\u2019AA World Services, Inc. Ce document vous renseigne sur ce que l\u2019on peut attendre des Alcooliques anonymes en d\u00e9crivant ce que sont les AA, ce que font les AA et ce qu\u2019ils ne font pas.<\/p><h4>Ce que sont les AA<\/h4><p>Les Alcooliques anonymes sont une association internationale d\u2019hommes et de femmes ayant d\u00e9j\u00e0 eu un probl\u00e8me d\u2019alcool. Une association non professionnelle, autosuffisante, multiraciale, apolitique, pr\u00e9sente presque partout. Il n\u2019y a aucune condition d\u2019\u00e2ge ou d\u2019instruction. Quiconque veut r\u00e9gler son probl\u00e8me d\u2019alcool peut en devenir membre.<\/p><h4>L\u2019unicit\u00e9 de but et les probl\u00e8mes autres que l\u2019alcool<\/h4><p>L\u2019alcoolisme et la toxicomanie sont souvent d\u00e9finis comme des \u00ab abus de substance \u00bb ou des \u00ab d\u00e9pendances chimiques \u00bb. En cons\u00e9quence, on dirige souvent les alcooliques et les non-alcooliques chez les AA, et on les encourage \u00e0 assister aux r\u00e9unions ou \u00e0 devenir membres des AA. Toute personne peut assister aux r\u00e9unions ouvertes des AA, mais seules celles ayant un probl\u00e8me d\u2019alcool peuvent assister aux r\u00e9unions ferm\u00e9es ou devenir membres des AA.<\/p><p>Un psychiatre r\u00e9put\u00e9, qui a si\u00e9g\u00e9 comme administrateur non alcoolique du Conseil des Services g\u00e9n\u00e9raux des AA, a d\u00e9clar\u00e9 ce qui suit: \u00ab L\u2019unicit\u00e9 de but est essentielle au traitement efficace de l\u2019alcoolisme. Si on insiste tellement sur la question, au point d\u2019exag\u00e9rer, c\u2019es tpour vaincre le d\u00e9ni. Le d\u00e9ni associ\u00e9 \u00e0 l\u2019alcoolisme est rus\u00e9, d\u00e9routant et puissant, en plus d\u2019affecter le patient, ceux qui lui viennent en aide et la communaut\u00e9. \u00c0 moins de mettre sans cesse l\u2019alcoolisme au premier plan, d\u2019autres sujets usurperont l\u2019attention de tous le sint\u00e9ress\u00e9s.\u00bb<\/p><h4>Ce que fait le Mouvement des AA<\/h4><p>1. Les membres des AA partagent leur exp\u00e9rience avec tous ceux et celles qui ont besoin d\u2019aide concernant leurprobl\u00e8me d\u2019alcool; ils accueillent ou \u00ab parrainent \u00bb personnellement l\u2019alcoolique arrivant chez les AA, peu importe d\u2019o\u00f9 ilv ient.<\/p><p>2. Le programme des AA, expos\u00e9 dans nos Douze \u00c9tapes, offre \u00e0 l\u2019alcoolique un moyen de mener une vie satisfaisante sans alcool.<\/p><p>3. Ce programme est \u00e9tudi\u00e9 aux r\u00e9unions des groupes des AA:<\/p><p style=\"padding-left: 40px;\">a) R\u00e9unions ouvertes avec conf\u00e9rencier \u2014 ouvertes aux alcooliques et aux non-alcooliques. (L\u2019assistance \u00e0 une r\u00e9union des AA ouverte est la meilleure mani\u00e8re d\u2019apprendrece que sont les AA, ce qu\u2019ils font et ce qu\u2019ils ne font pas.) Dans les r\u00e9unions avec conf\u00e9rencier, des membres des AA racontent leur v\u00e9cu, d\u00e9crivent leurs exp\u00e9riences avec l\u2019alcool, leur rencontre avec les AA et les changements survenus dans leur vie gr\u00e2ce aux Alcooliques anonymes.<\/p><p style=\"padding-left: 40px;\">b)R\u00e9unions ouvertes avec discussion \u2014 un membre parle bri\u00e8vement de son exp\u00e9rience avec l\u2019alcool, puis dirige la discussion vers le r\u00e9tablissement chez les AA ou vers tout probl\u00e8me reli\u00e9\u00e0l\u2019alcool sugg\u00e9r\u00e9par quelqu\u2019un. (Les r\u00e9unions ferm\u00e9es sont r\u00e9serv\u00e9es aux membres des AA ou \u00e0 toute personne qui pourrait avoir un probl\u00e8me.)<\/p><p style=\"padding-left: 40px;\">c) R\u00e9unions ferm\u00e9es avec discussion \u2014 se passent exactement comme les r\u00e9unions ouvertes avec discussion, mais sont r\u00e9serv\u00e9es aux alcooliques ou aux membres potentiels.<\/p><p style=\"padding-left: 40px;\">d) R\u00e9unions sur les \u00c9tapes (habituellementferm\u00e9es) \u2014 \u00e9tude de l\u2019une ou l\u2019autre des Douze \u00c9tapes.<\/p><p style=\"padding-left: 40px;\">e) Les membres des AA am\u00e8nent aussi des r\u00e9unions dans les centres correctionnels et de traitement.<\/p><p style=\"padding-left: 40px;\">f) On peut inviter des membres des AA \u00e0 animer des r\u00e9unions d\u2019information sur les AA dans le cadre de programmes tels qu\u2019A.S.A.P.\u00a0 (Alcohol Safety Action Project) ou DWI (Conduite en \u00e9tat d\u2019\u00e9bri\u00e9t\u00e9). Ces r\u00e9unions d\u2019information sur les AA ne sont pas des r\u00e9unions r\u00e9guli\u00e8res de groupes des AA.<\/p><h4>Ce que ne fait pas le Mouvement des AA<\/h4><p>1. Ne fournit pas la motivation de d\u00e9part pour que les alcooliques se r\u00e9tablissent.<\/p><p>2. Ne sollicite pas les membres.<\/p><p>3. N\u2019entreprend ni ne parraine de recherche.<\/p><p>4. Ne tient pas de registre de membres ou de dossiers de cas personnels.<\/p><p>5. Ne prend pas part aux \u00ab conseils \u00bb d\u2019organis mes sociaux.<\/p><p>6. N\u2019exerce ni surveillance ni contr\u00f4le sur ses membres.<\/p><p>7. Ne fait ni diagnostic ni pronostic m\u00e9dical ou psychologique.<\/p><p>8. Ne procure ni services de d\u00e9sintoxication ou de soins infirmiers, ni hospitalisation, ni m\u00e9dicaments, ni traitements m\u00e9dicaux ou psychiatriques.<\/p><p>9. N\u2019offre pas de services religieux, ni n\u2019organise ou parraine de retraites.<\/p><p>10. N\u2019organise pas de campagnes d\u2019information sur l\u2019alcool. 11.Ne procure ni h\u00e9bergement, ni nourriture, ni v\u00eatements, ni emplois, ni argent, ni aucun autre service social.<\/p><p>12. Ne fournit aucun service d\u2019orientation familiale ou professionnelle.<\/p><p>13. N\u2019accepte aucun argent pour sesservices, ni de contributions venant de sources ext\u00e9rieures aux AA.<\/p><p>14. Ne fournit pas de lettres der\u00e9f\u00e9rence aux commissions de lib\u00e9ration conditionnelle, aux avocats, aux repr\u00e9sentants des tribunaux,<br \/>aux agences sociales, aux employeurs et autres.<\/p><h4>Les membres envoy\u00e9s par les tribunaux et les centres de traitement<\/h4><p>Ces derni\u00e8res ann\u00e9es, les groupes des AA ont accueilli un flot de nouveaux membres envoy\u00e9s par les tribunaux et les centres de traitement. Certains sont venus chez les AA d\u2019eux-m\u00eames, d\u2019autres ont fait l\u2019objet d\u2019une certaine pression. Dans notre brochure intitul\u00e9e \u00ab Collaboration des membres des AA \u00bb, on peut lire ceci:<\/p><p style=\"padding-left: 40px;\">Nous ne pouvons exercer de discrimination \u00e0 l\u2019\u00e9gard d\u2019aucun futur membre des AA, homme ou femme, m\u00eame s\u2019il vient \u00e0 nous sur ordre du tribunal, d\u2019un employeur ou de tout autre organisme.<\/p><p style=\"padding-left: 40px;\">Bien que la force de notre Mouvement repose sur l\u2019adh\u00e9sion volontaire des membres des AA, plusieurs d\u2019entre nous ont d\u2019abord assist\u00e9 \u00e0 des r\u00e9unions parce qu\u2019ils y \u00e9taient forc\u00e9s, soit par quelqu\u2019un d\u2019autre ou par leur malaise int\u00e9rieur. Le contact constant avec les AA nous a rendus conscients de la vraie nature de notre mal-adie&#8230; Ce qui pr\u00e9occupe les AA, ce n\u2019est pas des avoir qui nous a envoy\u00e9 la personne. Ce qui nous int\u00e9resse, c\u2019est la personne qui a un probl\u00e8me d\u2019alcool&#8230; Nous ne pouvons pas pr\u00e9dire qui va se r\u00e9tablir, pas plus que nous ne pouvons d\u00e9cider de la fa\u00e7on dont un autre alcoolique devrait chercher \u00e0 se r\u00e9tablir.<\/p><h4>La preuve de pr\u00e9sence aux r\u00e9unions<\/h4><p>Parfois, le r\u00e9f\u00e9rant demande la preuve de pr\u00e9sence aux r\u00e9unions des AA.<\/p><p>Les groupes coop\u00e8rent diff\u00e9remment. Il n\u2019y aaucune r\u00e8gle d\u00e9finie. La nature et le degr\u00e9 d\u2019engagement dans cette proc\u00e9dure sont laiss\u00e9s \u00e0 la discr\u00e9tion de chaque groupe.<\/p><p>Certains groupes, avec le consentement du futur membre, demandent \u00e0 un membre des AA de confirmer la pr\u00e9sence sur un feuillet fourni par le r\u00e9f\u00e9rant. La personne r\u00e9f\u00e9r\u00e9e doit s\u2019assurer du retour de la preuve de pr\u00e9sence.<\/p><p>Cette preuve de pr\u00e9sence aux r\u00e9unions ne fait pas partie de la proc\u00e9dure AA. Chaque groupe est autonome et ale droit de choisir s\u2019il signe ou non des fiches de tribunaux. Dans certaines r\u00e9gions, les personnes qui assistent \u00e0une r\u00e9union se rapportent elles-m\u00eames, \u00e0 la demande de l\u2019organisme qui les envoie, \u00e9vitant ainsi de briser l\u2019anonymat des membres des AA.<\/p><h4>Publications<\/h4><p>Les publications des AA approuv\u00e9es par la Conf\u00e9rence sont disponibles en fran\u00e7ais et en espagnol. Pour recevoir des exemplaires additionnels de ce document ou notre catalogue des publications, veuillez \u00e9crire ou t\u00e9l\u00e9phoner au Bureau des Services g\u00e9n\u00e9raux.<\/p><p>AA Grapevine, une revue internationale mensuelle \u2014 aussi appel\u00e9e \u00ab notre r\u00e9union par \u00e9crit \u00bb publie des articles int\u00e9ressants sur le r\u00e9tablissement de l\u2019alcoolisme venant surtout de la plume de membres des AA. C\u2019est une introduction utile et un lien constant vers la diversit\u00e9 du Mouvement des AA, et une mine d\u2019exp\u00e9rience de r\u00e9tablissement. La revue en langue espagnole La Vi\u00f1a est publi\u00e9e tous lesd eux mois.<\/p><p>Pour des informations sur le Grapevine ou pour un abonnement au Grapevine ou \u00e0la Vi\u00f1a : (212) 870-3404 ; fax (212) 870-3301; site Web: www.aagrapevine.org.<\/p><h4>Conclusion<\/h4><p>L\u2019objectif primordial des AA est de transmettre notre message de r\u00e9tablissement \u00e0 l\u2019alcoolique qui cherche de l\u2019aide. Presque tous les traitements contre l\u2019alcoolisme visent \u00e0 aider l\u2019alcoolique \u00e0 rester abstinent. Peu importe la route suivie, nous allons tous dans la m\u00eame direction: le r\u00e9tablissement de l\u2019alcoolique. Ensemble, nous pouvons accomplir ce qu\u2019aucun de nous ne peut faire seul. Nous pouvons \u00eatre une source d\u2019exp\u00e9rience personnelle et un support constant pour les alcooliques en \u00e9tablissement.<\/p><p style=\"text-align: center;\">A.A.WorldServices,Inc.,Box459,GrandCentralStation<br \/>ew York, NY 10163. Tel.(212) 870-3400. www.aa.org<\/p>\t\t\t\t\t\t\t\t<\/div>\n\t\t\t\t<\/div>\n\t\t\t\t\t<\/div>\n\t\t<\/div>\n\t\t\t\t\t<\/div>\n\t\t<\/section>\n\t\t\t\t<\/div>\n\t\t","protected":false},"excerpt":{"rendered":"<p>D\u00e9pliant en format PDF Renseignements sur les Alcooliques anonymes \u00c0 l\u2019intention de toute nouvelle personne chez les AA \u00c0 l\u2019intention de quiconque dirige quelqu\u2019un chez les AA Ces informations s\u2019adressent [&hellip;]<\/p>\n","protected":false},"author":2,"featured_media":0,"parent":84923,"menu_order":0,"comment_status":"closed","ping_status":"closed","template":"elementor_header_footer","meta":{"_price":"","_stock":"","_tribe_ticket_header":"","_tribe_default_ticket_provider":"","_tribe_ticket_capacity":"0","_ticket_start_date":"","_ticket_end_date":"","_tribe_ticket_show_description":"","_tribe_ticket_show_not_going":false,"_tribe_ticket_use_global_stock":"","_tribe_ticket_global_stock_level":"","_global_stock_mode":"","_global_stock_cap":"","_tribe_rsvp_for_event":"","_tribe_ticket_going_count":"","_tribe_ticket_not_going_count":"","_tribe_tickets_list":"[]","_tribe_ticket_has_attendee_info_fields":false,"footnotes":"","_tec_slr_enabled":"","_tec_slr_layout":""},"class_list":["post-120976","page","type-page","status-publish","hentry"],"aioseo_notices":[],"publishpress_future_action":{"enabled":false,"date":"2026-05-15 12:57:45","action":"change-status","newStatus":"draft","terms":[],"taxonomy":"translation_priority","extraData":[]},"publishpress_future_workflow_manual_trigger":{"enabledWorkflows":[]},"ticketed":false,"_links":{"self":[{"href":"https:\/\/www.aa87.org\/en\/wp-json\/wp\/v2\/pages\/120976","targetHints":{"allow":["GET"]}}],"collection":[{"href":"https:\/\/www.aa87.org\/en\/wp-json\/wp\/v2\/pages"}],"about":[{"href":"https:\/\/www.aa87.org\/en\/wp-json\/wp\/v2\/types\/page"}],"author":[{"embeddable":true,"href":"https:\/\/www.aa87.org\/en\/wp-json\/wp\/v2\/users\/2"}],"replies":[{"embeddable":true,"href":"https:\/\/www.aa87.org\/en\/wp-json\/wp\/v2\/comments?post=120976"}],"version-history":[{"count":1,"href":"https:\/\/www.aa87.org\/en\/wp-json\/wp\/v2\/pages\/120976\/revisions"}],"predecessor-version":[{"id":120977,"href":"https:\/\/www.aa87.org\/en\/wp-json\/wp\/v2\/pages\/120976\/revisions\/120977"}],"up":[{"embeddable":true,"href":"https:\/\/www.aa87.org\/en\/wp-json\/wp\/v2\/pages\/84923"}],"wp:attachment":[{"href":"https:\/\/www.aa87.org\/en\/wp-json\/wp\/v2\/media?parent=120976"}],"curies":[{"name":"wp","href":"https:\/\/api.w.org\/{rel}","templated":true}]}}