{"id":142003,"date":"2025-12-19T14:54:42","date_gmt":"2025-12-19T19:54:42","guid":{"rendered":"https:\/\/www.aa87.org\/members\/coin-du-delegue\/"},"modified":"2026-03-30T18:13:30","modified_gmt":"2026-03-30T22:13:30","slug":"coin-du-delegue","status":"publish","type":"page","link":"https:\/\/www.aa87.org\/en\/members\/coin-du-delegue\/","title":{"rendered":"Delegate\u2019s Corner"},"content":{"rendered":"\t\t<div data-elementor-type=\"wp-page\" data-elementor-id=\"142003\" class=\"elementor elementor-142003 elementor-141949\" data-elementor-post-type=\"page\">\n\t\t\t\t\t\t<section class=\"elementor-section elementor-top-section elementor-element elementor-element-01d7d06 elementor-section-boxed elementor-section-height-default elementor-section-height-default\" data-id=\"01d7d06\" data-element_type=\"section\" data-e-type=\"section\">\n\t\t\t\t\t\t<div class=\"elementor-container elementor-column-gap-default\">\n\t\t\t\t\t<div class=\"elementor-column elementor-col-50 elementor-top-column elementor-element elementor-element-f88e330\" data-id=\"f88e330\" data-element_type=\"column\" data-e-type=\"column\">\n\t\t\t<div class=\"elementor-widget-wrap elementor-element-populated\">\n\t\t\t\t\t\t<div class=\"elementor-element elementor-element-be72f88 elementor-widget__width-initial elementor-widget elementor-widget-template\" data-id=\"be72f88\" data-element_type=\"widget\" data-e-type=\"widget\" data-widget_type=\"template.default\">\n\t\t\t\t<div class=\"elementor-widget-container\">\n\t\t\t\t\t\t\t<div class=\"elementor-template\">\n\t\t\t\t\t<div data-elementor-type=\"page\" data-elementor-id=\"85071\" class=\"elementor elementor-85071 elementor-78043 elementor-78043\" data-elementor-post-type=\"elementor_library\">\n\t\t\t\t\t\t<section class=\"elementor-section elementor-top-section elementor-element elementor-element-5f1fc57 elementor-section-boxed elementor-section-height-default elementor-section-height-default\" data-id=\"5f1fc57\" data-element_type=\"section\" data-e-type=\"section\">\n\t\t\t\t\t\t<div class=\"elementor-container elementor-column-gap-no\">\n\t\t\t\t\t<div class=\"elementor-column elementor-col-100 elementor-top-column elementor-element elementor-element-7b63c85\" data-id=\"7b63c85\" data-element_type=\"column\" data-e-type=\"column\">\n\t\t\t<div class=\"elementor-widget-wrap elementor-element-populated\">\n\t\t\t\t\t\t<div class=\"elementor-element elementor-element-d3f2fdf elementor-widget elementor-widget-heading\" data-id=\"d3f2fdf\" data-element_type=\"widget\" data-e-type=\"widget\" data-widget_type=\"heading.default\">\n\t\t\t\t<div class=\"elementor-widget-container\">\n\t\t\t\t\t<h2 class=\"elementor-heading-title elementor-size-default\">Members<\/h2>\t\t\t\t<\/div>\n\t\t\t\t<\/div>\n\t\t\t\t<div class=\"elementor-element elementor-element-ceee455 elementor-widget__width-inherit side-menu elementor-widget elementor-widget-ova_menu\" data-id=\"ceee455\" data-element_type=\"widget\" data-e-type=\"widget\" data-widget_type=\"ova_menu.default\">\n\t\t\t\t<div class=\"elementor-widget-container\">\n\t\t\t\t\t\n\t\t<div class=\"ova_menu_clasic\">\n\t\t\t<div class=\"ova_wrap_nav column NavBtn_left NavBtn_left_m\">\n\n\t\t\t\t\t<button class=\"ova_openNav\" aria-label=\"Menu Mobile\">\n\t\t\t\t\t\t<i class=\"fas fa-bars\"><\/i>\n\t\t\t\t\t<\/button>\n\n\t\t\t\t\t<div class=\"ova_nav canvas_left canvas_bg_gray\">\n\t\t\t\t\t\t<a href=\"javascript:void(0)\" class=\"ova_closeNav\"><i class=\"fas fa-times\"><\/i><\/a>\n\t\t\t\t\t\t<ul id=\"menu-side-menu-membres-en\" class=\"menu sub_menu_dir_right\"><li id=\"menu-item-146921\" class=\"menu-item menu-item-type-post_type menu-item-object-page menu-item-146921\" menu-level=\"1\"><a href=\"https:\/\/www.aa87.org\/en\/members\/districts\/\">Districts<\/a><\/li>\n<li id=\"menu-item-146922\" class=\"menu-item menu-item-type-post_type menu-item-object-page menu-item-146922\" menu-level=\"1\"><a href=\"https:\/\/www.aa87.org\/en\/members\/committees\/\">Committees<\/a><\/li>\n<li id=\"menu-item-146923\" class=\"menu-item menu-item-type-post_type menu-item-object-page menu-item-146923\" menu-level=\"1\"><a href=\"https:\/\/www.aa87.org\/en\/members\/area-committee\/\">Area Committee<\/a><\/li>\n<li id=\"menu-item-146924\" class=\"menu-item menu-item-type-post_type menu-item-object-page menu-item-146924\" menu-level=\"1\"><a href=\"https:\/\/www.aa87.org\/en\/members\/area-steering-committee\/\">Area Steering Committee<\/a><\/li>\n<li id=\"menu-item-146925\" class=\"menu-item menu-item-type-post_type menu-item-object-page menu-item-146925\" menu-level=\"1\"><a href=\"https:\/\/www.aa87.org\/en\/members\/area-assembly\/\">Area Assembly<\/a><\/li>\n<li id=\"menu-item-146926\" class=\"menu-item menu-item-type-post_type menu-item-object-page menu-item-146926\" menu-level=\"1\"><a href=\"https:\/\/www.aa87.org\/en\/members\/area-service-office\/\">Area Service Office<\/a><\/li>\n<li id=\"menu-item-146927\" class=\"menu-item menu-item-type-post_type menu-item-object-page menu-item-146927\" menu-level=\"1\"><a href=\"https:\/\/www.aa87.org\/en\/members\/online-literature-store\/\">Online literature store<\/a><\/li>\n<li id=\"menu-item-146928\" class=\"menu-item menu-item-type-post_type menu-item-object-page menu-item-146928\" menu-level=\"1\"><a href=\"https:\/\/www.aa87.org\/en\/members\/coin-du-delegue\/\">Delegate\u2019s Corner<\/a><\/li>\n<\/ul>\t\t\t            <div class=\"shortcode\"><\/div>\n\t\t\t\t\t<\/div>\n\n\t\t\t\t<div class=\"ova_closeCanvas ova_closeNav\"><\/div>\n\t\t\t<\/div>\n\t\t<\/div>\n\t\t\n\n\t\t\t\t\t<\/div>\n\t\t\t\t<\/div>\n\t\t\t\t\t<\/div>\n\t\t<\/div>\n\t\t\t\t\t<\/div>\n\t\t<\/section>\n\t\t\t\t<\/div>\n\t\t\t\t<\/div>\n\t\t\t\t\t\t<\/div>\n\t\t\t\t<\/div>\n\t\t\t\t\t<\/div>\n\t\t<\/div>\n\t\t\t\t<div class=\"elementor-column elementor-col-50 elementor-top-column elementor-element elementor-element-7965727\" data-id=\"7965727\" data-element_type=\"column\" data-e-type=\"column\">\n\t\t\t<div class=\"elementor-widget-wrap elementor-element-populated\">\n\t\t\t\t\t\t<div class=\"elementor-element elementor-element-267aa3c elementor-widget elementor-widget-heading\" data-id=\"267aa3c\" data-element_type=\"widget\" data-e-type=\"widget\" data-widget_type=\"heading.default\">\n\t\t\t\t<div class=\"elementor-widget-container\">\n\t\t\t\t\t<h2 class=\"elementor-heading-title elementor-size-default\">Delegate\u2019s Corner<\/h2>\t\t\t\t<\/div>\n\t\t\t\t<\/div>\n\t\t\t\t<div class=\"elementor-element elementor-element-0dbd34a elementor-widget elementor-widget-heading\" data-id=\"0dbd34a\" data-element_type=\"widget\" data-e-type=\"widget\" data-widget_type=\"heading.default\">\n\t\t\t\t<div class=\"elementor-widget-container\">\n\t\t\t\t\t<h3 class=\"elementor-heading-title elementor-size-default\">I welcome you to the pages of the Delegate<\/h3>\t\t\t\t<\/div>\n\t\t\t\t<\/div>\n\t\t\t\t<div class=\"elementor-element elementor-element-d84505e elementor-widget elementor-widget-text-editor\" data-id=\"d84505e\" data-element_type=\"widget\" data-e-type=\"widget\" data-widget_type=\"text-editor.default\">\n\t\t\t\t<div class=\"elementor-widget-container\">\n\t\t\t\t\t\t\t\t\t<p>Over the years we have learned that the Delegate who represents the collective voice of our region is very active both in the region and in New York during the week of the Conference in April each year.<\/p><p><strong>I invite you to visit these pages often as the work of a delegate never stops.<\/strong><\/p>\t\t\t\t\t\t\t\t<\/div>\n\t\t\t\t<\/div>\n\t\t\t\t<div class=\"elementor-element elementor-element-bf4914d elementor-widget elementor-widget-pp-advanced-tabs\" data-id=\"bf4914d\" data-element_type=\"widget\" data-e-type=\"widget\" data-widget_type=\"pp-advanced-tabs.default\">\n\t\t\t\t<div class=\"elementor-widget-container\">\n\t\t\t\t\t\t\t<div class=\"pp-advanced-tabs pp-style-0 pp-tabs-responsive-tablet pp-advabced-tabs-responsive\" data-scroll-top=\"yes\">\n\t\t\t<div class=\"pp-advanced-tabs-wrapper pp-tabs-labels at-horizontal  at-no-hover\" role=\"tablist\">\n\t\t\t\t\t\t\t\t\t\t\t<div id=\"pp-advanced-tabs-title-2001\" class=\"pp-advanced-tabs-title pp-tabs-label pp-advanced-tabs-desktop-title pp-tab-active\" data-tab=\"1\" data-index=\"2001\" tabindex=\"0\" role=\"tab\" aria-controls=\"pp-advanced-tabs-content-2001\">\n\n\t\t\t\t\t\t\t\t\n\t\t\t\t\t\t\t\t<span class=\"pp-advanced-tabs-title-text\">The Delegate<\/span>\n\t\t\t\t\t\t\t\t\t\t\t\t\t\t\t<\/div>\n\t\t\t\t\t\t\t\t\t\t\t\t\t<div id=\"pp-advanced-tabs-title-2002\" class=\"pp-advanced-tabs-title pp-tabs-label pp-advanced-tabs-desktop-title \" data-tab=\"2\" data-index=\"2002\" tabindex=\"0\" role=\"tab\" aria-controls=\"pp-advanced-tabs-content-2002\">\n\n\t\t\t\t\t\t\t\t\n\t\t\t\t\t\t\t\t<span class=\"pp-advanced-tabs-title-text\">The Conference<\/span>\n\t\t\t\t\t\t\t\t\t\t\t\t\t\t\t<\/div>\n\t\t\t\t\t\t\t\t\t<\/div>\n\t\t\t<div class=\"pp-advanced-tabs-content-wrapper pp-tabs-panels at-horizontal-content\">\n\t\t\t\t\t\t\t\t\t<div class=\"pp-tabs-panel\">\n\t\t\t\t\t\t<div class=\"pp-advanced-tabs-title pp-tabs-label pp-tab-responsive pp-tab-active  at-no-hover\" data-index=\"2001\">\n\t\t\t\t\t\t\t<div class=\"pp-advanced-tabs-title-inner\">\n\t\t\t\t\t\t\t\t\n\t\t\t\t\t\t\t\t<span class=\"pp-advanced-tabs-title-text\">The Delegate<\/span>\n\t\t\t\t\t\t\t\t<i class=\"pp-toggle-icon pp-tab-open fa\"><\/i>\n\t\t\t\t\t\t\t<\/div>\n\t\t\t\t\t\t<\/div>\n\t\t\t\t\t\t<div id=\"pp-advanced-tabs-content-2001\" class=\"pp-advanced-tabs-content elementor-clearfix pp-advanced-tabs-tab_content pp-tab-active\" data-tab=\"1\" data-index=\"2001\" role=\"tabpanel\" aria-labelledby=\"pp-advanced-tabs-title-2001\">\n\t\t\t\t\t\t\t<p>Regional delegates were elected to participate as trusted servants and to provide the leadership that the Movement needs. Indeed, the Region relies on its delegate to address current issues while helping the Movement prepare for its future.<\/p><p>Given the role that delegates play at the Conference, it is not surprising that much is demanded of delegates in terms of time and effort. Delegates are responsible for understanding the experiences, perspectives, and group conscience of their Region, while also being accountable to the entire US\/Canada Conference. That is why the experience gained from serving as a delegate is unlike any other.<\/p><p>AA Service Manual, page 32<\/p><p>Translated with DeepL.com (free version)<\/p>\t\t\t\t\t\t<\/div>\n\t\t\t\t\t<\/div>\n\t\t\t\t\t\t\t\t\t<div class=\"pp-tabs-panel\">\n\t\t\t\t\t\t<div class=\"pp-advanced-tabs-title pp-tabs-label pp-tab-responsive   at-no-hover\" data-index=\"2002\">\n\t\t\t\t\t\t\t<div class=\"pp-advanced-tabs-title-inner\">\n\t\t\t\t\t\t\t\t\n\t\t\t\t\t\t\t\t<span class=\"pp-advanced-tabs-title-text\">The Conference<\/span>\n\t\t\t\t\t\t\t\t<i class=\"pp-toggle-icon pp-tab-open fa\"><\/i>\n\t\t\t\t\t\t\t<\/div>\n\t\t\t\t\t\t<\/div>\n\t\t\t\t\t\t<div id=\"pp-advanced-tabs-content-2002\" class=\"pp-advanced-tabs-content elementor-clearfix pp-advanced-tabs-tab_content \" data-tab=\"2\" data-index=\"2002\" role=\"tabpanel\" aria-labelledby=\"pp-advanced-tabs-title-2002\">\n\t\t\t\t\t\t\t<p>Although the General Service Conference operates year-round, the annual meeting, usually held in April, is the highlight of the year\u2019s activities, the moment when the collective conscience of AA groups in the United States and Canada comes together to take action that will guide the groups for years to come.<\/p><p>The Conference is the closest thing AA has to a government, but as Bill W. wrote in the first edition of this handbook:<br \/>\u201cOf course, it cannot be repeated too often that while the Conference may give orders to the General Service Office, it can never mandate or govern the Society of Alcoholics Anonymous which it serves.<\/p><p>The Conference represents us, but it cannot govern us.&#8221;<br \/>The Conference itself is not incorporated, but the General Service Board (board of directors) is, as are A.A. World Services, Inc. and AA Grapevine, Inc. The incorporation of these two entities is necessary to carry out the decisions of the Conference, administer funds, and manage the affairs of A.A.<\/p><p>AA Service Manual, page 39<\/p><p>Translated with DeepL.com (free version)<\/p>\t\t\t\t\t\t<\/div>\n\t\t\t\t\t<\/div>\n\t\t\t\t\t\t\t<\/div>\n\t\t<\/div>\n\t\t\t\t\t\t<\/div>\n\t\t\t\t<\/div>\n\t\t\t\t<div class=\"elementor-element elementor-element-0d8e2ed publications elementor-grid-3 elementor-grid-tablet-2 elementor-grid-mobile-1 elementor-widget elementor-widget-pp-posts\" data-id=\"0d8e2ed\" data-element_type=\"widget\" data-e-type=\"widget\" data-widget_type=\"pp-posts.classic\">\n\t\t\t\t<div class=\"elementor-widget-container\">\n\t\t\t\t\t\t\t<div class=\"pp-posts-container\">\n\t\t\t\n\t\t\t\t\t\t\t\t\t\t\n\t\t\t<div class=\"pp-posts pp-posts-skin-classic elementor-grid pp-posts-grid\" data-query-type=\"custom\" data-layout=\"grid\" data-page=\"142003\" data-skin=\"classic\">\n\t\t\t\t\t\t\t\t\t\t\t<div class=\"pp-post-wrap pp-grid-item-wrap elementor-grid-item post-146870 post type-post status-publish format-standard has-post-thumbnail hentry category-delegate\">\n\t\t\t\t\t\t<div class=\"pp-post pp-grid-item\">\n\t\t\t\t\t\t<div class=\"pp-post-thumbnail\">\n\t\t\t<a class=\"pp-post-thumbnail-wrap\" href=\"https:\/\/www.aa87.org\/en\/documents-a-consultes-par-nos-membres-qui-assisteront-a-la-deuxieme-assemblee-pre-conference-le-11-avril-2026\/\" title=\"Documents for review by our members attending the Second Pre-Conference Meeting on April 11, 2026\">\n\t\t\t\t<img fetchpriority=\"high\" decoding=\"async\" width=\"325\" height=\"325\" src=\"https:\/\/www.aa87.org\/wp-content\/uploads\/2022\/04\/accueil-logo-par-defaut.jpg\" class=\"attachment-large size-large wp-image-77334\" alt=\"\" srcset=\"https:\/\/www.aa87.org\/wp-content\/uploads\/2022\/04\/accueil-logo-par-defaut.jpg 325w, https:\/\/www.aa87.org\/wp-content\/uploads\/2022\/04\/accueil-logo-par-defaut-300x300.jpg 300w, https:\/\/www.aa87.org\/wp-content\/uploads\/2022\/04\/accueil-logo-par-defaut-150x150.jpg 150w\" sizes=\"(max-width: 325px) 100vw, 325px\" \/>\t\t\t<\/a>\n\t\t<\/div>\n\t\t\n\t\t\t\t\n\t\t\t\t<div class=\"pp-post-content-wrap\">\n\t\t\t\t\t<div class=\"pp-post-content\">\n\t\t\t\t\t\t\t\t\t\t<div class=\"pp-post-terms-wrap\">\n\t\t\t<span class=\"pp-post-terms\">\n\t\t\t\t<span class=\"pp-post-term\"><a href=\"https:\/\/www.aa87.org\/en\/category\/delegate\/\">Delegate<\/a><\/span>\t\t\t<\/span>\n\t\t<\/div>\n\t\t\t\t\t\t\t\t\t\t<h2 class=\"pp-post-title\">\n\t\t\t\t<a href=\"https:\/\/www.aa87.org\/en\/documents-a-consultes-par-nos-membres-qui-assisteront-a-la-deuxieme-assemblee-pre-conference-le-11-avril-2026\/\">Documents for review by our members attending the Second Pre-Conference Meeting on April 11, 2026<\/a>\t\t\t<\/h2>\n\t\t\t\t\t\t\t\t\t<div class=\"pp-post-meta\">\n\t\t\t\t\t\t\t<\/div>\n\t\t\t\t\t\t\t\t<\/div>\n\t\t\t\t\t\t\t\t\t<\/div>\n\n\t\t\t\t\t\t\t<\/div>\n\t\t\t\t\t<\/div>\n\t\t\t\t<div class=\"pp-post-wrap pp-grid-item-wrap elementor-grid-item post-146614 post type-post status-publish format-standard has-post-thumbnail hentry category-delegate\">\n\t\t\t\t\t\t<div class=\"pp-post pp-grid-item\">\n\t\t\t\t\t\t<div class=\"pp-post-thumbnail\">\n\t\t\t<a class=\"pp-post-thumbnail-wrap\" href=\"https:\/\/www.aa87.org\/en\/message-du-directeur-general-du-bsg\/\" title=\"Message du directeur g\u00e9n\u00e9ral du BSG\">\n\t\t\t\t<img fetchpriority=\"high\" decoding=\"async\" width=\"325\" height=\"325\" src=\"https:\/\/www.aa87.org\/wp-content\/uploads\/2022\/04\/accueil-logo-par-defaut.jpg\" class=\"attachment-large size-large wp-image-77334\" alt=\"\" srcset=\"https:\/\/www.aa87.org\/wp-content\/uploads\/2022\/04\/accueil-logo-par-defaut.jpg 325w, https:\/\/www.aa87.org\/wp-content\/uploads\/2022\/04\/accueil-logo-par-defaut-300x300.jpg 300w, https:\/\/www.aa87.org\/wp-content\/uploads\/2022\/04\/accueil-logo-par-defaut-150x150.jpg 150w\" sizes=\"(max-width: 325px) 100vw, 325px\" \/>\t\t\t<\/a>\n\t\t<\/div>\n\t\t\n\t\t\t\t\n\t\t\t\t<div class=\"pp-post-content-wrap\">\n\t\t\t\t\t<div class=\"pp-post-content\">\n\t\t\t\t\t\t\t\t\t\t<div class=\"pp-post-terms-wrap\">\n\t\t\t<span class=\"pp-post-terms\">\n\t\t\t\t<span class=\"pp-post-term\"><a href=\"https:\/\/www.aa87.org\/en\/category\/delegate\/\">Delegate<\/a><\/span>\t\t\t<\/span>\n\t\t<\/div>\n\t\t\t\t\t\t\t\t\t\t<h2 class=\"pp-post-title\">\n\t\t\t\t<a href=\"https:\/\/www.aa87.org\/en\/message-du-directeur-general-du-bsg\/\">Message du directeur g\u00e9n\u00e9ral du BSG<\/a>\t\t\t<\/h2>\n\t\t\t\t\t\t\t\t\t<div class=\"pp-post-meta\">\n\t\t\t\t\t\t\t<\/div>\n\t\t\t\t\t\t\t\t<\/div>\n\t\t\t\t\t\t\t\t\t<\/div>\n\n\t\t\t\t\t\t\t<\/div>\n\t\t\t\t\t<\/div>\n\t\t\t\t<div class=\"pp-post-wrap pp-grid-item-wrap elementor-grid-item post-146260 post type-post status-publish format-standard has-post-thumbnail hentry category-delegate category-delegue\">\n\t\t\t\t\t\t<div class=\"pp-post pp-grid-item\">\n\t\t\t\t\t\t<div class=\"pp-post-thumbnail\">\n\t\t\t<a class=\"pp-post-thumbnail-wrap\" href=\"https:\/\/www.aa87.org\/en\/series-de-questions-qui-ont-ete-discutees-a-lassemblee-pre-conference-2026\/\" title=\"A series of questions that were discussed at the 2026 pre-conference meeting\">\n\t\t\t\t<img decoding=\"async\" width=\"250\" height=\"250\" src=\"https:\/\/www.aa87.org\/wp-content\/uploads\/2026\/03\/EN-Delegate-English-Questions.png\" class=\"attachment-large size-large wp-image-146261\" alt=\"\" srcset=\"https:\/\/www.aa87.org\/wp-content\/uploads\/2026\/03\/EN-Delegate-English-Questions.png 250w, https:\/\/www.aa87.org\/wp-content\/uploads\/2026\/03\/EN-Delegate-English-Questions-150x150.png 150w\" sizes=\"(max-width: 250px) 100vw, 250px\" \/>\t\t\t<\/a>\n\t\t<\/div>\n\t\t\n\t\t\t\t\n\t\t\t\t<div class=\"pp-post-content-wrap\">\n\t\t\t\t\t<div class=\"pp-post-content\">\n\t\t\t\t\t\t\t\t\t\t<div class=\"pp-post-terms-wrap\">\n\t\t\t<span class=\"pp-post-terms\">\n\t\t\t\t<span class=\"pp-post-term\"><a href=\"https:\/\/www.aa87.org\/en\/category\/delegate\/\">Delegate<\/a><\/span>\t\t\t<\/span>\n\t\t<\/div>\n\t\t\t\t\t\t\t\t\t\t<h2 class=\"pp-post-title\">\n\t\t\t\t<a href=\"https:\/\/www.aa87.org\/en\/series-de-questions-qui-ont-ete-discutees-a-lassemblee-pre-conference-2026\/\">A series of questions that were discussed at the 2026 pre-conference meeting<\/a>\t\t\t<\/h2>\n\t\t\t\t\t\t\t\t\t<div class=\"pp-post-meta\">\n\t\t\t\t\t\t\t<\/div>\n\t\t\t\t\t\t\t\t<\/div>\n\t\t\t\t\t\t\t\t\t<\/div>\n\n\t\t\t\t\t\t\t<\/div>\n\t\t\t\t\t<\/div>\n\t\t\t\t<div class=\"pp-post-wrap pp-grid-item-wrap elementor-grid-item post-144593 post type-post status-publish format-standard has-post-thumbnail hentry category-delegate\">\n\t\t\t\t\t\t<div class=\"pp-post pp-grid-item\">\n\t\t\t\t\t\t<div class=\"pp-post-thumbnail\">\n\t\t\t<a class=\"pp-post-thumbnail-wrap\" href=\"https:\/\/www.aa87.org\/en\/comites-de-la-76e-conference-des-services-generaux\/\" title=\"76th General Service Conference Committees &#8211; Final agenda for the 2026 Conference\">\n\t\t\t\t<img fetchpriority=\"high\" decoding=\"async\" width=\"325\" height=\"325\" src=\"https:\/\/www.aa87.org\/wp-content\/uploads\/2022\/04\/accueil-logo-par-defaut.jpg\" class=\"attachment-large size-large wp-image-77334\" alt=\"\" srcset=\"https:\/\/www.aa87.org\/wp-content\/uploads\/2022\/04\/accueil-logo-par-defaut.jpg 325w, https:\/\/www.aa87.org\/wp-content\/uploads\/2022\/04\/accueil-logo-par-defaut-300x300.jpg 300w, https:\/\/www.aa87.org\/wp-content\/uploads\/2022\/04\/accueil-logo-par-defaut-150x150.jpg 150w\" sizes=\"(max-width: 325px) 100vw, 325px\" \/>\t\t\t<\/a>\n\t\t<\/div>\n\t\t\n\t\t\t\t\n\t\t\t\t<div class=\"pp-post-content-wrap\">\n\t\t\t\t\t<div class=\"pp-post-content\">\n\t\t\t\t\t\t\t\t\t\t<div class=\"pp-post-terms-wrap\">\n\t\t\t<span class=\"pp-post-terms\">\n\t\t\t\t<span class=\"pp-post-term\"><a href=\"https:\/\/www.aa87.org\/en\/category\/delegate\/\">Delegate<\/a><\/span>\t\t\t<\/span>\n\t\t<\/div>\n\t\t\t\t\t\t\t\t\t\t<h2 class=\"pp-post-title\">\n\t\t\t\t<a href=\"https:\/\/www.aa87.org\/en\/comites-de-la-76e-conference-des-services-generaux\/\">76th General Service Conference Committees &#8211; Final agenda for the 2026 Conference<\/a>\t\t\t<\/h2>\n\t\t\t\t\t\t\t\t\t<div class=\"pp-post-meta\">\n\t\t\t\t\t\t\t<\/div>\n\t\t\t\t\t\t\t\t<\/div>\n\t\t\t\t\t\t\t\t\t<\/div>\n\n\t\t\t\t\t\t\t<\/div>\n\t\t\t\t\t<\/div>\n\t\t\t\t<div class=\"pp-post-wrap pp-grid-item-wrap elementor-grid-item post-142533 post type-post status-publish format-standard has-post-thumbnail hentry category-assembly-and-regional-committee category-delegate category-others\">\n\t\t\t\t\t\t<div class=\"pp-post pp-grid-item\">\n\t\t\t\t\t\t<div class=\"pp-post-thumbnail\">\n\t\t\t<a class=\"pp-post-thumbnail-wrap\" href=\"https:\/\/www.aa87.org\/en\/carnet-regional-janvier-2026\/\" title=\"Area Booklet &#8211; January 2026\">\n\t\t\t\t<img decoding=\"async\" width=\"250\" height=\"250\" src=\"https:\/\/www.aa87.org\/wp-content\/uploads\/2025\/12\/Carnet-regional-1.png\" class=\"attachment-large size-large wp-image-143171\" alt=\"\" srcset=\"https:\/\/www.aa87.org\/wp-content\/uploads\/2025\/12\/Carnet-regional-1.png 250w, https:\/\/www.aa87.org\/wp-content\/uploads\/2025\/12\/Carnet-regional-1-150x150.png 150w\" sizes=\"(max-width: 250px) 100vw, 250px\" \/>\t\t\t<\/a>\n\t\t<\/div>\n\t\t\n\t\t\t\t\n\t\t\t\t<div class=\"pp-post-content-wrap\">\n\t\t\t\t\t<div class=\"pp-post-content\">\n\t\t\t\t\t\t\t\t\t\t<div class=\"pp-post-terms-wrap\">\n\t\t\t<span class=\"pp-post-terms\">\n\t\t\t\t<span class=\"pp-post-term\"><a href=\"https:\/\/www.aa87.org\/en\/category\/assembly-and-regional-committee\/\">Assembly and Regional Committee<\/a><\/span>\t\t\t<\/span>\n\t\t<\/div>\n\t\t\t\t\t\t\t\t\t\t<h2 class=\"pp-post-title\">\n\t\t\t\t<a href=\"https:\/\/www.aa87.org\/en\/carnet-regional-janvier-2026\/\">Area Booklet &#8211; January 2026<\/a>\t\t\t<\/h2>\n\t\t\t\t\t\t\t\t\t<div class=\"pp-post-meta\">\n\t\t\t\t\t\t\t<\/div>\n\t\t\t\t\t\t\t\t<\/div>\n\t\t\t\t\t\t\t\t\t<\/div>\n\n\t\t\t\t\t\t\t<\/div>\n\t\t\t\t\t<\/div>\n\t\t\t\t\t\t\t\t\t<\/div>\n\t\t\t\n\t\t\t\n\t\t\t\n\t\t\t\n\t\t\t\t\t\t\t\t\t\t\t<div class=\"pp-posts-pagination-wrap pp-posts-pagination-bottom\">\n\t\t\t\t\t\t\t\t\t<\/div>\n\t\t\t\t\t\t\t\t\t<\/div>\n\n\t\t\n\t\t\t\t\t\t<\/div>\n\t\t\t\t<\/div>\n\t\t\t\t<div class=\"elementor-element elementor-element-7085fd8 elementor-widget elementor-widget-spacer\" data-id=\"7085fd8\" data-element_type=\"widget\" data-e-type=\"widget\" data-widget_type=\"spacer.default\">\n\t\t\t\t<div class=\"elementor-widget-container\">\n\t\t\t\t\t\t\t<div class=\"elementor-spacer\">\n\t\t\t<div class=\"elementor-spacer-inner\"><\/div>\n\t\t<\/div>\n\t\t\t\t\t\t<\/div>\n\t\t\t\t<\/div>\n\t\t\t\t<div class=\"elementor-element elementor-element-1ef7b2c elementor-widget elementor-widget-pp-advanced-accordion\" data-id=\"1ef7b2c\" data-element_type=\"widget\" data-e-type=\"widget\" data-settings=\"{&quot;accordion_type&quot;:&quot;accordion&quot;,&quot;toggle_speed&quot;:300}\" data-widget_type=\"pp-advanced-accordion.default\">\n\t\t\t\t<div class=\"elementor-widget-container\">\n\t\t\t\t\t\t\t<div class=\"pp-advanced-accordion pp-toggle-icon-align-right\" id=\"pp-advanced-accordion-1ef7b2c\" data-accordion-id=\"1ef7b2c\" role=\"tablist\">\n\t\t\t\t\t\t\t<div class=\"pp-accordion-item\">\n\t\t\t\t\t\t\t\t\t\t<div id=\"pp-accordion-tab-title-3241\" class=\"pp-accordion-tab-title\" tabindex=\"0\" data-tab=\"1\" role=\"tab\" aria-controls=\"pp-accordion-tab-content-3241\" aria-expanded=\"false\">\n\t\t\t\t\t\t<span class=\"pp-accordion-title-icon\">\n\t\t\t\t\t\t\t\t\t\t\t\t\t\t\t<span class=\"pp-accordion-tab-icon pp-icon\">\n\t\t\t\t\t\t\t\t\t<i aria-hidden=\"true\" class=\"fas fa-history\"><\/i>\t\t\t\t\t\t\t\t<\/span>\n\t\t\t\t\t\t\t\t\t\t\t\t\t\t<span class=\"pp-accordion-title-text\">\n\t\t\t\t\t\t\t\tHistorique des D\u00e9l\u00e9gu\u00e9s\t\t\t\t\t\t\t<\/span>\n\t\t\t\t\t\t<\/span>\n\t\t\t\t\t\t\t\t\t\t\t\t\t<div class=\"pp-accordion-toggle-icon\">\n\t\t\t\t\t\t\t\t\t\t\t\t\t\t\t\t\t<span class='pp-accordion-toggle-icon-close pp-icon'>\n\t\t\t\t\t\t\t\t\t\t<i aria-hidden=\"true\" class=\"fas fa-plus\"><\/i>\t\t\t\t\t\t\t\t\t<\/span>\n\t\t\t\t\t\t\t\t\t\t\t\t\t\t\t\t\t\t\t\t\t\t\t\t\t<span class='pp-accordion-toggle-icon-open pp-icon'>\n\t\t\t\t\t\t\t\t\t\t<i aria-hidden=\"true\" class=\"fas fa-minus\"><\/i>\t\t\t\t\t\t\t\t\t<\/span>\n\t\t\t\t\t\t\t\t\t\t\t\t\t\t\t<\/div>\n\t\t\t\t\t\t\t\t\t\t\t<\/div>\n\n\t\t\t\t\t<div id=\"pp-accordion-tab-content-3241\" class=\"pp-accordion-tab-content\" data-tab=\"1\" role=\"tabpanel\" aria-labelledby=\"pp-accordion-tab-title-3241\">\n\t\t\t\t\t\t<p><a href=\"https:\/\/www.aa87.org\/en\/membres\/coin-du-delegue-panel-74\/\">2024 - 2025 Delegate - Archive panel 74<\/a><\/p><p><a href=\"https:\/\/www.aa87.org\/en\/membres\/coin-du-delegue-panel-72\/\">2022 - 2023 Delegate - Archive panel 72<\/a><\/p><p><a href=\"https:\/\/www.aa87.org\/en\/delegue-2020-2021-panel-70\/\">2020- 2021 Delegate \u2013 Archive panel 70<\/a><\/p>\t\t\t\t\t<\/div>\n\t\t\t\t<\/div>\n\t\t\t\t\t<\/div>\n\t\t\t\t\t\t<\/div>\n\t\t\t\t<\/div>\n\t\t\t\t\t<\/div>\n\t\t<\/div>\n\t\t\t\t\t<\/div>\n\t\t<\/section>\n\t\t\t\t<\/div>\n\t\t","protected":false},"excerpt":{"rendered":"<p>Delegate\u2019s Corner I welcome you to the pages of the Delegate Over the years we have learned that the Delegate who represents the collective voice of our region is very [&hellip;]<\/p>\n","protected":false},"author":2,"featured_media":0,"parent":84755,"menu_order":0,"comment_status":"closed","ping_status":"closed","template":"elementor_header_footer","meta":{"_price":"","_stock":"","_tribe_ticket_header":"","_tribe_default_ticket_provider":"","_ticket_start_date":"","_ticket_end_date":"","_tribe_ticket_show_description":"","_tribe_ticket_show_not_going":false,"_tribe_ticket_use_global_stock":"","_tribe_ticket_global_stock_level":"","_global_stock_mode":"","_global_stock_cap":"","_tribe_rsvp_for_event":"","_tribe_ticket_going_count":"","_tribe_ticket_not_going_count":"","_tribe_tickets_list":"[]","_tribe_ticket_has_attendee_info_fields":false,"footnotes":"","_tec_slr_enabled":"","_tec_slr_layout":""},"class_list":["post-142003","page","type-page","status-publish","hentry"],"aioseo_notices":[],"publishpress_future_action":{"enabled":false,"date":"2026-04-23 23:46:49","action":"change-status","newStatus":"draft","terms":[],"taxonomy":"translation_priority","extraData":[]},"publishpress_future_workflow_manual_trigger":{"enabledWorkflows":[]},"ticketed":false,"_links":{"self":[{"href":"https:\/\/www.aa87.org\/en\/wp-json\/wp\/v2\/pages\/142003","targetHints":{"allow":["GET"]}}],"collection":[{"href":"https:\/\/www.aa87.org\/en\/wp-json\/wp\/v2\/pages"}],"about":[{"href":"https:\/\/www.aa87.org\/en\/wp-json\/wp\/v2\/types\/page"}],"author":[{"embeddable":true,"href":"https:\/\/www.aa87.org\/en\/wp-json\/wp\/v2\/users\/2"}],"replies":[{"embeddable":true,"href":"https:\/\/www.aa87.org\/en\/wp-json\/wp\/v2\/comments?post=142003"}],"version-history":[{"count":20,"href":"https:\/\/www.aa87.org\/en\/wp-json\/wp\/v2\/pages\/142003\/revisions"}],"predecessor-version":[{"id":146581,"href":"https:\/\/www.aa87.org\/en\/wp-json\/wp\/v2\/pages\/142003\/revisions\/146581"}],"up":[{"embeddable":true,"href":"https:\/\/www.aa87.org\/en\/wp-json\/wp\/v2\/pages\/84755"}],"wp:attachment":[{"href":"https:\/\/www.aa87.org\/en\/wp-json\/wp\/v2\/media?parent=142003"}],"curies":[{"name":"wp","href":"https:\/\/api.w.org\/{rel}","templated":true}]}}