{"id":84918,"date":"2022-05-10T15:51:18","date_gmt":"2022-05-10T19:51:18","guid":{"rendered":"https:\/\/www.aa87.org\/resources\/congres\/"},"modified":"2022-07-07T15:11:50","modified_gmt":"2022-07-07T19:11:50","slug":"conventions","status":"publish","type":"page","link":"https:\/\/www.aa87.org\/en\/resources\/conventions\/","title":{"rendered":"Conventions"},"content":{"rendered":"\t\t<div data-elementor-type=\"wp-page\" data-elementor-id=\"84918\" class=\"elementor elementor-84918 elementor-79197\" data-elementor-post-type=\"page\">\n\t\t\t\t\t\t<section class=\"elementor-section elementor-top-section elementor-element elementor-element-e1dd29d elementor-section-boxed elementor-section-height-default elementor-section-height-default\" data-id=\"e1dd29d\" data-element_type=\"section\" data-e-type=\"section\">\n\t\t\t\t\t\t<div class=\"elementor-container elementor-column-gap-default\">\n\t\t\t\t\t<div class=\"elementor-column elementor-col-50 elementor-top-column elementor-element elementor-element-72ce8f4\" data-id=\"72ce8f4\" data-element_type=\"column\" data-e-type=\"column\">\n\t\t\t<div class=\"elementor-widget-wrap elementor-element-populated\">\n\t\t\t\t\t\t<div class=\"elementor-element elementor-element-a08c09f elementor-widget elementor-widget-template\" data-id=\"a08c09f\" data-element_type=\"widget\" data-e-type=\"widget\" data-widget_type=\"template.default\">\n\t\t\t\t<div class=\"elementor-widget-container\">\n\t\t\t\t\t\t\t<div class=\"elementor-template\">\n\t\t\t\t\t<div data-elementor-type=\"page\" data-elementor-id=\"139109\" class=\"elementor elementor-139109 elementor-78071 elementor-78071\" data-elementor-post-type=\"elementor_library\">\n\t\t\t\t\t\t<section class=\"elementor-section elementor-top-section elementor-element elementor-element-129e3bd elementor-section-boxed elementor-section-height-default elementor-section-height-default\" data-id=\"129e3bd\" data-element_type=\"section\" data-e-type=\"section\">\n\t\t\t\t\t\t<div class=\"elementor-container elementor-column-gap-no\">\n\t\t\t\t\t<div class=\"elementor-column elementor-col-100 elementor-top-column elementor-element elementor-element-d9cb6bb\" data-id=\"d9cb6bb\" data-element_type=\"column\" data-e-type=\"column\">\n\t\t\t<div class=\"elementor-widget-wrap elementor-element-populated\">\n\t\t\t\t\t\t<div class=\"elementor-element elementor-element-b5f8dd4 elementor-widget elementor-widget-heading\" data-id=\"b5f8dd4\" data-element_type=\"widget\" data-e-type=\"widget\" data-widget_type=\"heading.default\">\n\t\t\t\t<div class=\"elementor-widget-container\">\n\t\t\t\t\t<h2 class=\"elementor-heading-title elementor-size-default\">Resources<\/h2>\t\t\t\t<\/div>\n\t\t\t\t<\/div>\n\t\t\t\t<div class=\"elementor-element elementor-element-fffa476 elementor-widget__width-inherit side-menu elementor-widget elementor-widget-ova_menu\" data-id=\"fffa476\" data-element_type=\"widget\" data-e-type=\"widget\" data-widget_type=\"ova_menu.default\">\n\t\t\t\t<div class=\"elementor-widget-container\">\n\t\t\t\t\t\n\t\t<div class=\"ova_menu_clasic\">\n\t\t\t<div class=\"ova_wrap_nav column NavBtn_left NavBtn_left_m\">\n\n\t\t\t\t\t<button class=\"ova_openNav\" aria-label=\"Menu Mobile\">\n\t\t\t\t\t\t<i class=\"fas fa-bars\"><\/i>\n\t\t\t\t\t<\/button>\n\n\t\t\t\t\t<div class=\"ova_nav canvas_left canvas_bg_gray\">\n\t\t\t\t\t\t<a href=\"javascript:void(0)\" class=\"ova_closeNav\"><i class=\"fas fa-times\"><\/i><\/a>\n\t\t\t\t\t\t<ul id=\"menu-side-menu-ressources-en\" class=\"menu sub_menu_dir_right\"><li id=\"menu-item-137784\" class=\"menu-item menu-item-type-custom menu-item-object-custom menu-item-137784\" menu-level=\"1\"><a href=\"https:\/\/aa87.sharepoint.com\/\">Portal<\/a><\/li>\n<li id=\"menu-item-84974\" class=\"menu-item menu-item-type-custom menu-item-object-custom menu-item-84974\" menu-level=\"1\"><a href=\"https:\/\/www.aa87.org\/en\/events\/\">Calendar<\/a><\/li>\n<li id=\"menu-item-139586\" class=\"menu-item menu-item-type-custom menu-item-object-custom menu-item-139586\" menu-level=\"1\"><a href=\"https:\/\/www.aa87.org\/en\/resources\/bulletins\/\">Bulletins<\/a><\/li>\n<li id=\"menu-item-137785\" class=\"menu-item menu-item-type-custom menu-item-object-custom menu-item-137785\" menu-level=\"1\"><a href=\"https:\/\/www.aa87.org\/en\/parcourirdesvideos\/\">Watch videos<\/a><\/li>\n<li id=\"menu-item-84975\" class=\"externalicon menu-item menu-item-type-custom menu-item-object-custom menu-item-84975\" menu-level=\"1\"><a target=\"_blank\" href=\"https:\/\/www.dropbox.com\/sh\/twtz2gne0qc6qnm\/AACwdc53fluTH7veDCF65QHka?dl=0\/\" class=\"externalicon\">Un jour autrefois <img decoding=\"async\" class=\"lienexterne\" src=\"https:\/\/www.aa87.org\/wp-content\/uploads\/2020\/07\/external16.png\" \/><\/a><\/li>\n<li id=\"menu-item-84976\" class=\"externalicon menu-item menu-item-type-custom menu-item-object-custom menu-item-84976\" menu-level=\"1\"><a target=\"_blank\" href=\"https:\/\/www.unjouralafois-emission.org\/\" class=\"externalicon\">Un jour \u00e0 la fois  <img decoding=\"async\" class=\"lienexterne\" src=\"https:\/\/www.aa87.org\/wp-content\/uploads\/2020\/07\/external16.png\" \/><\/a><\/li>\n<li id=\"menu-item-84977\" class=\"externalicon menu-item menu-item-type-custom menu-item-object-custom menu-item-84977\" menu-level=\"1\"><a target=\"_blank\" href=\"https:\/\/www.aa87.org\/en\/resources\/rq\/\" class=\"externalicon\">Daily Reflections<\/a><\/li>\n<li id=\"menu-item-139584\" class=\"menu-item menu-item-type-custom menu-item-object-custom menu-item-139584\" menu-level=\"1\"><a href=\"https:\/\/www.aa87.org\/en\/resources\/all-leaflets\/\">All leaflets<\/a><\/li>\n<li id=\"menu-item-139587\" class=\"menu-item menu-item-type-custom menu-item-object-custom menu-item-139587\" menu-level=\"1\"><a href=\"https:\/\/www.aa87.org\/en\/resources\/newcomer-kit\/\">Newcomer Kit<\/a><\/li>\n<li id=\"menu-item-137786\" class=\"menu-item menu-item-type-custom menu-item-object-custom menu-item-137786\" menu-level=\"1\"><a href=\"https:\/\/www.aa87.org\/en\/pochettersg\/\">GSR kit<\/a><\/li>\n<li id=\"menu-item-139590\" class=\"menu-item menu-item-type-custom menu-item-object-custom menu-item-139590\" menu-level=\"1\"><a href=\"https:\/\/www.aa87.org\/en\/forms\/\">Forms<\/a><\/li>\n<li id=\"menu-item-139585\" class=\"menu-item menu-item-type-custom menu-item-object-custom menu-item-139585\" menu-level=\"1\"><a href=\"https:\/\/www.aa87.org\/en\/congres-a-venir\/\">Upcoming AA Convention<\/a><\/li>\n<li id=\"menu-item-139589\" class=\"menu-item menu-item-type-custom menu-item-object-custom menu-item-139589\" menu-level=\"1\"><a href=\"https:\/\/www.aa87.org\/en\/category\/services-en\/\">Services<\/a><\/li>\n<\/ul>\t\t\t            <div class=\"shortcode\"><\/div>\n\t\t\t\t\t<\/div>\n\n\t\t\t\t<div class=\"ova_closeCanvas ova_closeNav\"><\/div>\n\t\t\t<\/div>\n\t\t<\/div>\n\t\t\n\n\t\t\t\t\t<\/div>\n\t\t\t\t<\/div>\n\t\t\t\t\t<\/div>\n\t\t<\/div>\n\t\t\t\t\t<\/div>\n\t\t<\/section>\n\t\t\t\t<\/div>\n\t\t\t\t<\/div>\n\t\t\t\t\t\t<\/div>\n\t\t\t\t<\/div>\n\t\t\t\t\t<\/div>\n\t\t<\/div>\n\t\t\t\t<div class=\"elementor-column elementor-col-50 elementor-top-column elementor-element elementor-element-bef0398\" data-id=\"bef0398\" data-element_type=\"column\" data-e-type=\"column\">\n\t\t\t<div class=\"elementor-widget-wrap elementor-element-populated\">\n\t\t\t\t\t\t<div class=\"elementor-element elementor-element-3f76e6e elementor-widget elementor-widget-heading\" data-id=\"3f76e6e\" data-element_type=\"widget\" data-e-type=\"widget\" data-widget_type=\"heading.default\">\n\t\t\t\t<div class=\"elementor-widget-container\">\n\t\t\t\t\t<h3 class=\"elementor-heading-title elementor-size-default\">ASTECAA<\/h3>\t\t\t\t<\/div>\n\t\t\t\t<\/div>\n\t\t\t\t<div class=\"elementor-element elementor-element-aa627fa elementor-widget elementor-widget-text-editor\" data-id=\"aa627fa\" data-element_type=\"widget\" data-e-type=\"widget\" data-widget_type=\"text-editor.default\">\n\t\t\t\t<div class=\"elementor-widget-container\">\n\t\t\t\t\t\t\t\t\t<p>Cette Assembl\u00e9e tenue aux deux ans est destin\u00e9e aux d\u00e9l\u00e9gu\u00e9s, les RDR et les RDRA, les coordonnateurs de comit\u00e9s de service, les RSG et les membres des Alcooliques Anonymes qui voudraient se faire entendre lors de cet \u00e9v\u00e9nement pr\u00e9-conf\u00e9rence. C\u2019est aussi une occasion d\u2019entendre les sentiments des membres des dix r\u00e9gions de l\u2019Est du Canada, et non seulement de leur propre r\u00e9gion. C\u2019est un forum o\u00f9 nous pouvons tous examiner, d\u00e9battre et apprendre sur les pr\u00e9occupations et les sujets \u00e0 l\u2019ordre du jour de la prochaine Conf\u00e9rence. C\u2019est une fin de semaine remplie de pr\u00e9sentations stimulantes, de sujets de partage, de paniers aux questions, et de conf\u00e9renciers.<\/p>\t\t\t\t\t\t\t\t<\/div>\n\t\t\t\t<\/div>\n\t\t\t\t<div class=\"elementor-element elementor-element-15ad04f elementor-widget-divider--view-line elementor-widget elementor-widget-divider\" data-id=\"15ad04f\" data-element_type=\"widget\" data-e-type=\"widget\" data-widget_type=\"divider.default\">\n\t\t\t\t<div class=\"elementor-widget-container\">\n\t\t\t\t\t\t\t<div class=\"elementor-divider\">\n\t\t\t<span class=\"elementor-divider-separator\">\n\t\t\t\t\t\t<\/span>\n\t\t<\/div>\n\t\t\t\t\t\t<\/div>\n\t\t\t\t<\/div>\n\t\t\t\t<div class=\"elementor-element elementor-element-c469dbe elementor-widget elementor-widget-heading\" data-id=\"c469dbe\" data-element_type=\"widget\" data-e-type=\"widget\" data-widget_type=\"heading.default\">\n\t\t\t\t<div class=\"elementor-widget-container\">\n\t\t\t\t\t<h3 class=\"elementor-heading-title elementor-size-default\">Congr\u00e8s international<\/h3>\t\t\t\t<\/div>\n\t\t\t\t<\/div>\n\t\t\t\t<div class=\"elementor-element elementor-element-14b8ab4 elementor-widget elementor-widget-text-editor\" data-id=\"14b8ab4\" data-element_type=\"widget\" data-e-type=\"widget\" data-widget_type=\"text-editor.default\">\n\t\t\t\t<div class=\"elementor-widget-container\">\n\t\t\t\t\t\t\t\t\t<p>Ayant lieu tous les cinq ans, le Congr\u00e8s international des AA c\u00e9l\u00e8bre l\u2019anniversaire de la premi\u00e8re rencontre de Bill W. avec le Dr Bob et de la naissance des Alcooliques Anonymes en 1935. Les membres des AA, leurs familles et leurs amis du monde entier participent \u00e0 cet \u00e9v\u00e9nement. Lors du Congr\u00e8s international, les gens assistent \u00e0 des r\u00e9unions, des ateliers, des danses et des \u00e9v\u00e9nements. L\u2019un des temps forts est la traditionnelle c\u00e9r\u00e9monie du drapeau pour c\u00e9l\u00e9brer la sobri\u00e9t\u00e9 dans le monde entier. Vancouver sera l\u2019h\u00f4te du prochain Congr\u00e8s international du 2 au 5 juillet 2025.<\/p>\t\t\t\t\t\t\t\t<\/div>\n\t\t\t\t<\/div>\n\t\t\t\t<div class=\"elementor-element elementor-element-3f36328 elementor-widget-divider--view-line elementor-widget elementor-widget-divider\" data-id=\"3f36328\" data-element_type=\"widget\" data-e-type=\"widget\" data-widget_type=\"divider.default\">\n\t\t\t\t<div class=\"elementor-widget-container\">\n\t\t\t\t\t\t\t<div class=\"elementor-divider\">\n\t\t\t<span class=\"elementor-divider-separator\">\n\t\t\t\t\t\t<\/span>\n\t\t<\/div>\n\t\t\t\t\t\t<\/div>\n\t\t\t\t<\/div>\n\t\t\t\t<div class=\"elementor-element elementor-element-fd60130 elementor-widget elementor-widget-heading\" data-id=\"fd60130\" data-element_type=\"widget\" data-e-type=\"widget\" data-widget_type=\"heading.default\">\n\t\t\t\t<div class=\"elementor-widget-container\">\n\t\t\t\t\t<h3 class=\"elementor-heading-title elementor-size-default\">Journ\u00e9e des centres de d\u00e9tention<\/h3>\t\t\t\t<\/div>\n\t\t\t\t<\/div>\n\t\t\t\t<div class=\"elementor-element elementor-element-98578cf elementor-widget elementor-widget-text-editor\" data-id=\"98578cf\" data-element_type=\"widget\" data-e-type=\"widget\" data-widget_type=\"text-editor.default\">\n\t\t\t\t<div class=\"elementor-widget-container\">\n\t\t\t\t\t\t\t\t\t<p>Une journ\u00e9e consacr\u00e9e \u00e0 des t\u00e9moignages de personnes \u00e0 qui le message des AA leur a \u00e9t\u00e9 transmis alors qu\u2019elles purgeaient une sentence d\u2019emprisonnement et qui sont libres aujourd\u2019hui, r\u00e9tablies et bien actives dans le service et qui ne sont jamais retourn\u00e9es en prison depuis.<\/p>\t\t\t\t\t\t\t\t<\/div>\n\t\t\t\t<\/div>\n\t\t\t\t<div class=\"elementor-element elementor-element-53056bb elementor-widget-divider--view-line elementor-widget elementor-widget-divider\" data-id=\"53056bb\" data-element_type=\"widget\" data-e-type=\"widget\" data-widget_type=\"divider.default\">\n\t\t\t\t<div class=\"elementor-widget-container\">\n\t\t\t\t\t\t\t<div class=\"elementor-divider\">\n\t\t\t<span class=\"elementor-divider-separator\">\n\t\t\t\t\t\t<\/span>\n\t\t<\/div>\n\t\t\t\t\t\t<\/div>\n\t\t\t\t<\/div>\n\t\t\t\t<div class=\"elementor-element elementor-element-b7a12c6 elementor-widget elementor-widget-heading\" data-id=\"b7a12c6\" data-element_type=\"widget\" data-e-type=\"widget\" data-widget_type=\"heading.default\">\n\t\t\t\t<div class=\"elementor-widget-container\">\n\t\t\t\t\t<h3 class=\"elementor-heading-title elementor-size-default\">NAATW<\/h3>\t\t\t\t<\/div>\n\t\t\t\t<\/div>\n\t\t\t\t<div class=\"elementor-element elementor-element-cfe338c elementor-widget elementor-widget-text-editor\" data-id=\"cfe338c\" data-element_type=\"widget\" data-e-type=\"widget\" data-widget_type=\"text-editor.default\">\n\t\t\t\t<div class=\"elementor-widget-container\">\n\t\t\t\t\t\t\t\t\t<p>Le NAATW est l\u2019atelier technologique national des AA. L\u2019atelier est un \u00e9v\u00e9nement annuel o\u00f9 les personnes int\u00e9ress\u00e9es \u00e0 utiliser la technologie au service des Alcooliques Anonymes se r\u00e9unissent pour partager leur exp\u00e9rience. L\u2019atelier est un endroit pour partager des id\u00e9es, entrer en contact avec d\u2019autres membres des AA int\u00e9ress\u00e9s par la technologie et ramener ces id\u00e9es dans nos foyers respectifs. \u00c9v\u00e9nement d\u2019un weekend g\u00e9n\u00e9ralement en septembre.<\/p>\t\t\t\t\t\t\t\t<\/div>\n\t\t\t\t<\/div>\n\t\t\t\t<div class=\"elementor-element elementor-element-fb8d87b elementor-widget-divider--view-line elementor-widget elementor-widget-divider\" data-id=\"fb8d87b\" data-element_type=\"widget\" data-e-type=\"widget\" data-widget_type=\"divider.default\">\n\t\t\t\t<div class=\"elementor-widget-container\">\n\t\t\t\t\t\t\t<div class=\"elementor-divider\">\n\t\t\t<span class=\"elementor-divider-separator\">\n\t\t\t\t\t\t<\/span>\n\t\t<\/div>\n\t\t\t\t\t\t<\/div>\n\t\t\t\t<\/div>\n\t\t\t\t<div class=\"elementor-element elementor-element-5134259 elementor-widget elementor-widget-heading\" data-id=\"5134259\" data-element_type=\"widget\" data-e-type=\"widget\" data-widget_type=\"heading.default\">\n\t\t\t\t<div class=\"elementor-widget-container\">\n\t\t\t\t\t<h3 class=\"elementor-heading-title elementor-size-default\">Autres congr\u00e8s<\/h3>\t\t\t\t<\/div>\n\t\t\t\t<\/div>\n\t\t\t\t<div class=\"elementor-element elementor-element-1cec7cdb pp-icon-list-traditional elementor-list-item-link-inline pp-icon-left elementor-widget elementor-widget-pp-icon-list\" data-id=\"1cec7cdb\" data-element_type=\"widget\" data-e-type=\"widget\" data-widget_type=\"pp-icon-list.default\">\n\t\t\t\t<div class=\"elementor-widget-container\">\n\t\t\t\t\t\t\t<div class=\"pp-list-container\">\n\t\t\t<ul class=\"pp-list-items\">\n\t\t\t\t\t\t\t\t\t\t\t\t\t\t\t\t\t\t\t\t\t<li class=\"pp-icon-list-item elementor-repeater-item-43bd744\">\n\t\t\t\t\t\t\t\t\t\t<span class=\"pp-icon-wrapper\">\n\t\t\t\t\t\t\t\t\t\t<span class=\"pp-icon-list-icon pp-icon \">\n\t\t\t\t\t\t<i aria-hidden=\"true\" class=\"fas fa-check\"><\/i><\/span>\t\t\t<\/span>\n\t\t\t\t\t\t\t\t\t\t<span class=\"pp-icon-list-text\">\n\t\t\t\t\t\t\t\tConf\u00e9rence bilingue sur le Gros Livre\t\t\t\t\t\t\t<\/span>\n\t\t\t\t\t\t\t\t\t\t\t\t\t<\/li>\n\t\t\t\t\t\t\t\t\t\t\t\t\t\t\t\t\t\t\t\t\t\t\t\t\t\t\t<li class=\"pp-icon-list-item elementor-repeater-item-f1691ca\">\n\t\t\t\t\t\t\t\t\t\t<span class=\"pp-icon-wrapper\">\n\t\t\t\t\t\t\t\t\t\t<span class=\"pp-icon-list-icon pp-icon \">\n\t\t\t\t\t\t<i aria-hidden=\"true\" class=\"fas fa-check\"><\/i><\/span>\t\t\t<\/span>\n\t\t\t\t\t\t\t\t\t\t<span class=\"pp-icon-list-text\">\n\t\t\t\t\t\t\t\tBrunch des archives\t\t\t\t\t\t\t<\/span>\n\t\t\t\t\t\t\t\t\t\t\t\t\t<\/li>\n\t\t\t\t\t\t\t\t\t\t\t\t\t\t\t\t\t\t\t\t\t\t\t\t\t\t\t<li class=\"pp-icon-list-item elementor-repeater-item-a73bafe\">\n\t\t\t\t\t\t\t\t\t\t<span class=\"pp-icon-wrapper\">\n\t\t\t\t\t\t\t\t\t\t<span class=\"pp-icon-list-icon pp-icon \">\n\t\t\t\t\t\t<i aria-hidden=\"true\" class=\"fas fa-check\"><\/i><\/span>\t\t\t<\/span>\n\t\t\t\t\t\t\t\t\t\t<span class=\"pp-icon-list-text\">\n\t\t\t\t\t\t\t\tForum territorial de l\u2019est du Canada\t\t\t\t\t\t\t<\/span>\n\t\t\t\t\t\t\t\t\t\t\t\t\t<\/li>\n\t\t\t\t\t\t\t\t\t\t\t\t\t\t\t\t\t\t\t\t\t\t\t\t\t\t\t<li class=\"pp-icon-list-item elementor-repeater-item-3fab917\">\n\t\t\t\t\t\t\t\t\t\t<span class=\"pp-icon-wrapper\">\n\t\t\t\t\t\t\t\t\t\t<span class=\"pp-icon-list-icon pp-icon \">\n\t\t\t\t\t\t<i aria-hidden=\"true\" class=\"fas fa-check\"><\/i><\/span>\t\t\t<\/span>\n\t\t\t\t\t\t\t\t\t\t<span class=\"pp-icon-list-text\">\n\t\t\t\t\t\t\t\tOrientation des d\u00e9l\u00e9gu\u00e9s\t\t\t\t\t\t\t<\/span>\n\t\t\t\t\t\t\t\t\t\t\t\t\t<\/li>\n\t\t\t\t\t\t\t\t\t\t\t\t\t\t\t\t\t\t\t\t\t\t\t\t\t\t\t<li class=\"pp-icon-list-item elementor-repeater-item-1cb023c\">\n\t\t\t\t\t\t\t\t\t\t<span class=\"pp-icon-wrapper\">\n\t\t\t\t\t\t\t\t\t\t<span class=\"pp-icon-list-icon pp-icon \">\n\t\t\t\t\t\t<i aria-hidden=\"true\" class=\"fas fa-check\"><\/i><\/span>\t\t\t<\/span>\n\t\t\t\t\t\t\t\t\t\t<span class=\"pp-icon-list-text\">\n\t\t\t\t\t\t\t\tFin de semaine de gratitude\t\t\t\t\t\t\t<\/span>\n\t\t\t\t\t\t\t\t\t\t\t\t\t<\/li>\n\t\t\t\t\t\t\t\t\t\t\t\t\t<\/ul>\n\t\t<\/div>\n\t\t\t\t\t\t<\/div>\n\t\t\t\t<\/div>\n\t\t\t\t\t<\/div>\n\t\t<\/div>\n\t\t\t\t\t<\/div>\n\t\t<\/section>\n\t\t\t\t<\/div>\n\t\t","protected":false},"excerpt":{"rendered":"<p>ASTECAA Cette Assembl\u00e9e tenue aux deux ans est destin\u00e9e aux d\u00e9l\u00e9gu\u00e9s, les RDR et les RDRA, les coordonnateurs de comit\u00e9s de service, les RSG et les membres des Alcooliques Anonymes [&hellip;]<\/p>\n","protected":false},"author":10,"featured_media":82365,"parent":84760,"menu_order":0,"comment_status":"closed","ping_status":"closed","template":"elementor_header_footer","meta":{"_price":"","_stock":"","_tribe_ticket_header":"","_tribe_default_ticket_provider":"","_tribe_ticket_capacity":"0","_ticket_start_date":"","_ticket_end_date":"","_tribe_ticket_show_description":"","_tribe_ticket_show_not_going":false,"_tribe_ticket_use_global_stock":"","_tribe_ticket_global_stock_level":"","_global_stock_mode":"","_global_stock_cap":"","_tribe_rsvp_for_event":"","_tribe_ticket_going_count":"","_tribe_ticket_not_going_count":"","_tribe_tickets_list":"[]","_tribe_ticket_has_attendee_info_fields":false,"footnotes":"","_tec_slr_enabled":"","_tec_slr_layout":""},"class_list":["post-84918","page","type-page","status-publish","has-post-thumbnail","hentry"],"aioseo_notices":[],"publishpress_future_action":{"enabled":false,"date":"2026-05-15 09:59:14","action":"change-status","newStatus":"draft","terms":[],"taxonomy":"translation_priority","extraData":[]},"publishpress_future_workflow_manual_trigger":{"enabledWorkflows":[]},"ticketed":false,"_links":{"self":[{"href":"https:\/\/www.aa87.org\/en\/wp-json\/wp\/v2\/pages\/84918","targetHints":{"allow":["GET"]}}],"collection":[{"href":"https:\/\/www.aa87.org\/en\/wp-json\/wp\/v2\/pages"}],"about":[{"href":"https:\/\/www.aa87.org\/en\/wp-json\/wp\/v2\/types\/page"}],"author":[{"embeddable":true,"href":"https:\/\/www.aa87.org\/en\/wp-json\/wp\/v2\/users\/10"}],"replies":[{"embeddable":true,"href":"https:\/\/www.aa87.org\/en\/wp-json\/wp\/v2\/comments?post=84918"}],"version-history":[{"count":0,"href":"https:\/\/www.aa87.org\/en\/wp-json\/wp\/v2\/pages\/84918\/revisions"}],"up":[{"embeddable":true,"href":"https:\/\/www.aa87.org\/en\/wp-json\/wp\/v2\/pages\/84760"}],"wp:featuredmedia":[{"embeddable":true,"href":"https:\/\/www.aa87.org\/en\/wp-json\/wp\/v2\/media\/82365"}],"wp:attachment":[{"href":"https:\/\/www.aa87.org\/en\/wp-json\/wp\/v2\/media?parent=84918"}],"curies":[{"name":"wp","href":"https:\/\/api.w.org\/{rel}","templated":true}]}}