{"id":118486,"date":"2024-04-19T15:59:52","date_gmt":"2024-04-19T19:59:52","guid":{"rendered":"https:\/\/www.aa87.org\/congres-a-venir\/"},"modified":"2025-12-25T14:47:20","modified_gmt":"2025-12-25T19:47:20","slug":"congres-a-venir","status":"publish","type":"page","link":"https:\/\/www.aa87.org\/es\/congres-a-venir\/","title":{"rendered":"Pr\u00f3xima Conferencia de AA"},"content":{"rendered":"\t\t<div data-elementor-type=\"wp-page\" data-elementor-id=\"118486\" class=\"elementor elementor-118486 elementor-118477\" data-elementor-post-type=\"page\">\n\t\t\t\t\t\t<section class=\"elementor-section elementor-top-section elementor-element elementor-element-806bcd2 elementor-section-boxed elementor-section-height-default elementor-section-height-default\" data-id=\"806bcd2\" data-element_type=\"section\" data-e-type=\"section\">\n\t\t\t\t\t\t<div class=\"elementor-container elementor-column-gap-default\">\n\t\t\t\t\t<div class=\"elementor-column elementor-col-100 elementor-top-column elementor-element elementor-element-223ec32\" data-id=\"223ec32\" data-element_type=\"column\" data-e-type=\"column\">\n\t\t\t<div class=\"elementor-widget-wrap elementor-element-populated\">\n\t\t\t\t\t\t<div class=\"elementor-element elementor-element-c52400a elementor-grid-4 publications elementor-grid-mobile-2 elementor-grid-tablet-2 elementor-widget elementor-widget-pp-posts\" data-id=\"c52400a\" data-element_type=\"widget\" data-e-type=\"widget\" data-widget_type=\"pp-posts.classic\">\n\t\t\t\t<div class=\"elementor-widget-container\">\n\t\t\t\t\t\t\t<div class=\"pp-posts-container\">\n\t\t\t\n\t\t\t\t\t\t\t\t\t\t\n\t\t\t<div class=\"pp-posts pp-posts-skin-classic elementor-grid pp-posts-grid\" data-query-type=\"custom\" data-layout=\"grid\" data-page=\"118486\" data-skin=\"classic\">\n\t\t\t\t\t\t\t\t\t\t\t<div class=\"pp-post-wrap pp-grid-item-wrap elementor-grid-item post-146999 post type-post status-publish format-standard has-post-thumbnail hentry category-congreso-conferencia category-proximas-actividades\">\n\t\t\t\t\t\t<div class=\"pp-post pp-grid-item\">\n\t\t\t\t\t\t<div class=\"pp-post-thumbnail\">\n\t\t\t<a class=\"pp-post-thumbnail-wrap\" href=\"https:\/\/www.aa87.org\/es\/2026-05-09-40e-congres-aa-du-cap-de-la-madeleine\/\" title=\"2026-05-09 &#8211; 40e Congr\u00e8s AA du Cap-de-la-Madeleine\">\n\t\t\t\t<img fetchpriority=\"high\" decoding=\"async\" width=\"250\" height=\"250\" src=\"https:\/\/www.aa87.org\/wp-content\/uploads\/2026\/04\/FR-40e-Congres-AA-Cap-de-la-Madeleine.png\" class=\"attachment-large size-large wp-image-146993\" alt=\"\" srcset=\"https:\/\/www.aa87.org\/wp-content\/uploads\/2026\/04\/FR-40e-Congres-AA-Cap-de-la-Madeleine.png 250w, https:\/\/www.aa87.org\/wp-content\/uploads\/2026\/04\/FR-40e-Congres-AA-Cap-de-la-Madeleine-150x150.png 150w\" sizes=\"(max-width: 250px) 100vw, 250px\" \/>\t\t\t<\/a>\n\t\t<\/div>\n\t\t\n\t\t\t\t\n\t\t\t\t<div class=\"pp-post-content-wrap\">\n\t\t\t\t\t<div class=\"pp-post-content\">\n\t\t\t\t\t\t\t\t\t\t<div class=\"pp-post-terms-wrap\">\n\t\t\t<span class=\"pp-post-terms\">\n\t\t\t\t<span class=\"pp-post-term\"><a href=\"https:\/\/www.aa87.org\/es\/categoria\/congreso-conferencia\/\">congreso - conferencia<\/a><\/span>\t\t\t<\/span>\n\t\t<\/div>\n\t\t\t\t\t\t\t\t\t\t<h2 class=\"pp-post-title\">\n\t\t\t\t<a href=\"https:\/\/www.aa87.org\/es\/2026-05-09-40e-congres-aa-du-cap-de-la-madeleine\/\">2026-05-09 &#8211; 40e Congr\u00e8s AA du Cap-de-la-Madeleine<\/a>\t\t\t<\/h2>\n\t\t\t\t\t\t\t\t\t<div class=\"pp-post-meta\">\n\t\t\t\t\t\t\t<\/div>\n\t\t\t\t\t\t\t\t<\/div>\n\t\t\t\t\t\t\t\t\t<\/div>\n\n\t\t\t\t\t\t\t<\/div>\n\t\t\t\t\t<\/div>\n\t\t\t\t<div class=\"pp-post-wrap pp-grid-item-wrap elementor-grid-item post-145946 post type-post status-publish format-standard has-post-thumbnail hentry category-congreso-conferencia category-proximas-actividades\">\n\t\t\t\t\t\t<div class=\"pp-post pp-grid-item\">\n\t\t\t\t\t\t<div class=\"pp-post-thumbnail\">\n\t\t\t<a class=\"pp-post-thumbnail-wrap\" href=\"https:\/\/www.aa87.org\/es\/2026-05-09-48e-mini-congres-avec-amour-district-87-15\/\" title=\"2026-05-09 &#8211; 48e mini-Congr\u00e8s Avec Amour District 87-15\">\n\t\t\t\t<img decoding=\"async\" width=\"250\" height=\"250\" src=\"https:\/\/www.aa87.org\/wp-content\/uploads\/2026\/03\/FR-48e-mini-Congres-AA-avec-Amour-District-87-15.png\" class=\"attachment-large size-large wp-image-145880\" alt=\"\" srcset=\"https:\/\/www.aa87.org\/wp-content\/uploads\/2026\/03\/FR-48e-mini-Congres-AA-avec-Amour-District-87-15.png 250w, https:\/\/www.aa87.org\/wp-content\/uploads\/2026\/03\/FR-48e-mini-Congres-AA-avec-Amour-District-87-15-150x150.png 150w\" sizes=\"(max-width: 250px) 100vw, 250px\" \/>\t\t\t<\/a>\n\t\t<\/div>\n\t\t\n\t\t\t\t\n\t\t\t\t<div class=\"pp-post-content-wrap\">\n\t\t\t\t\t<div class=\"pp-post-content\">\n\t\t\t\t\t\t\t\t\t\t<div class=\"pp-post-terms-wrap\">\n\t\t\t<span class=\"pp-post-terms\">\n\t\t\t\t<span class=\"pp-post-term\"><a href=\"https:\/\/www.aa87.org\/es\/categoria\/congreso-conferencia\/\">congreso - conferencia<\/a><\/span>\t\t\t<\/span>\n\t\t<\/div>\n\t\t\t\t\t\t\t\t\t\t<h2 class=\"pp-post-title\">\n\t\t\t\t<a href=\"https:\/\/www.aa87.org\/es\/2026-05-09-48e-mini-congres-avec-amour-district-87-15\/\">2026-05-09 &#8211; 48e mini-Congr\u00e8s Avec Amour District 87-15<\/a>\t\t\t<\/h2>\n\t\t\t\t\t\t\t\t\t<div class=\"pp-post-meta\">\n\t\t\t\t\t\t\t<\/div>\n\t\t\t\t\t\t\t\t<\/div>\n\t\t\t\t\t\t\t\t\t<\/div>\n\n\t\t\t\t\t\t\t<\/div>\n\t\t\t\t\t<\/div>\n\t\t\t\t<div class=\"pp-post-wrap pp-grid-item-wrap elementor-grid-item post-145972 post type-post status-publish format-standard has-post-thumbnail hentry category-congreso-conferencia category-proximas-actividades\">\n\t\t\t\t\t\t<div class=\"pp-post pp-grid-item\">\n\t\t\t\t\t\t<div class=\"pp-post-thumbnail\">\n\t\t\t<a class=\"pp-post-thumbnail-wrap\" href=\"https:\/\/www.aa87.org\/es\/2026-05-15-congres-aa-de-la-rive-sud\/\" title=\"2026-05-15 &#8211; Congr\u00e8s AA de la Rive-Sud\">\n\t\t\t\t<img decoding=\"async\" width=\"250\" height=\"250\" src=\"https:\/\/www.aa87.org\/wp-content\/uploads\/2026\/03\/FR-2026-Congres-AA-de-la-Rive-Sud.png\" class=\"attachment-large size-large wp-image-145883\" alt=\"\" srcset=\"https:\/\/www.aa87.org\/wp-content\/uploads\/2026\/03\/FR-2026-Congres-AA-de-la-Rive-Sud.png 250w, https:\/\/www.aa87.org\/wp-content\/uploads\/2026\/03\/FR-2026-Congres-AA-de-la-Rive-Sud-150x150.png 150w\" sizes=\"(max-width: 250px) 100vw, 250px\" \/>\t\t\t<\/a>\n\t\t<\/div>\n\t\t\n\t\t\t\t\n\t\t\t\t<div class=\"pp-post-content-wrap\">\n\t\t\t\t\t<div class=\"pp-post-content\">\n\t\t\t\t\t\t\t\t\t\t<div class=\"pp-post-terms-wrap\">\n\t\t\t<span class=\"pp-post-terms\">\n\t\t\t\t<span class=\"pp-post-term\"><a href=\"https:\/\/www.aa87.org\/es\/categoria\/congreso-conferencia\/\">congreso - conferencia<\/a><\/span>\t\t\t<\/span>\n\t\t<\/div>\n\t\t\t\t\t\t\t\t\t\t<h2 class=\"pp-post-title\">\n\t\t\t\t<a href=\"https:\/\/www.aa87.org\/es\/2026-05-15-congres-aa-de-la-rive-sud\/\">2026-05-15 &#8211; Congr\u00e8s AA de la Rive-Sud<\/a>\t\t\t<\/h2>\n\t\t\t\t\t\t\t\t\t<div class=\"pp-post-meta\">\n\t\t\t\t\t\t\t<\/div>\n\t\t\t\t\t\t\t\t<\/div>\n\t\t\t\t\t\t\t\t\t<\/div>\n\n\t\t\t\t\t\t\t<\/div>\n\t\t\t\t\t<\/div>\n\t\t\t\t<div class=\"pp-post-wrap pp-grid-item-wrap elementor-grid-item post-145988 post type-post status-publish format-standard has-post-thumbnail hentry category-congreso-conferencia category-proximas-actividades\">\n\t\t\t\t\t\t<div class=\"pp-post pp-grid-item\">\n\t\t\t\t\t\t<div class=\"pp-post-thumbnail\">\n\t\t\t<a class=\"pp-post-thumbnail-wrap\" href=\"https:\/\/www.aa87.org\/es\/2026-06-06-50th-west-island-spring-roundup\/\" title=\"2026-06-06 &#8211; 50th West Island Spring Roundup\">\n\t\t\t\t<img loading=\"lazy\" decoding=\"async\" width=\"250\" height=\"250\" src=\"https:\/\/www.aa87.org\/wp-content\/uploads\/2026\/03\/EN-50th-West-Island-Spring-Roundup.png\" class=\"attachment-large size-large wp-image-145901\" alt=\"\" srcset=\"https:\/\/www.aa87.org\/wp-content\/uploads\/2026\/03\/EN-50th-West-Island-Spring-Roundup.png 250w, https:\/\/www.aa87.org\/wp-content\/uploads\/2026\/03\/EN-50th-West-Island-Spring-Roundup-150x150.png 150w\" sizes=\"(max-width: 250px) 100vw, 250px\" \/>\t\t\t<\/a>\n\t\t<\/div>\n\t\t\n\t\t\t\t\n\t\t\t\t<div class=\"pp-post-content-wrap\">\n\t\t\t\t\t<div class=\"pp-post-content\">\n\t\t\t\t\t\t\t\t\t\t<div class=\"pp-post-terms-wrap\">\n\t\t\t<span class=\"pp-post-terms\">\n\t\t\t\t<span class=\"pp-post-term\"><a href=\"https:\/\/www.aa87.org\/es\/categoria\/congreso-conferencia\/\">congreso - conferencia<\/a><\/span>\t\t\t<\/span>\n\t\t<\/div>\n\t\t\t\t\t\t\t\t\t\t<h2 class=\"pp-post-title\">\n\t\t\t\t<a href=\"https:\/\/www.aa87.org\/es\/2026-06-06-50th-west-island-spring-roundup\/\">2026-06-06 &#8211; 50th West Island Spring Roundup<\/a>\t\t\t<\/h2>\n\t\t\t\t\t\t\t\t\t<div class=\"pp-post-meta\">\n\t\t\t\t\t\t\t<\/div>\n\t\t\t\t\t\t\t\t<\/div>\n\t\t\t\t\t\t\t\t\t<\/div>\n\n\t\t\t\t\t\t\t<\/div>\n\t\t\t\t\t<\/div>\n\t\t\t\t<div class=\"pp-post-wrap pp-grid-item-wrap elementor-grid-item post-147049 post type-post status-publish format-standard has-post-thumbnail hentry category-congreso-conferencia category-proximas-actividades\">\n\t\t\t\t\t\t<div class=\"pp-post pp-grid-item\">\n\t\t\t\t\t\t<div class=\"pp-post-thumbnail\">\n\t\t\t<a class=\"pp-post-thumbnail-wrap\" href=\"https:\/\/www.aa87.org\/es\/2026-08-21-22-23-foro-regional-del-este-del-canada\/\" title=\"2026-08-21, 22, 23 Foro Regional del Este del Canad\u00e1\">\n\t\t\t\t<img loading=\"lazy\" decoding=\"async\" width=\"250\" height=\"250\" src=\"https:\/\/www.aa87.org\/wp-content\/uploads\/2026\/04\/FR-Forum-territorial-de-lEst-du-Canada-2026.png\" class=\"attachment-large size-large wp-image-147021\" alt=\"\" srcset=\"https:\/\/www.aa87.org\/wp-content\/uploads\/2026\/04\/FR-Forum-territorial-de-lEst-du-Canada-2026.png 250w, https:\/\/www.aa87.org\/wp-content\/uploads\/2026\/04\/FR-Forum-territorial-de-lEst-du-Canada-2026-150x150.png 150w\" sizes=\"(max-width: 250px) 100vw, 250px\" \/>\t\t\t<\/a>\n\t\t<\/div>\n\t\t\n\t\t\t\t\n\t\t\t\t<div class=\"pp-post-content-wrap\">\n\t\t\t\t\t<div class=\"pp-post-content\">\n\t\t\t\t\t\t\t\t\t\t<div class=\"pp-post-terms-wrap\">\n\t\t\t<span class=\"pp-post-terms\">\n\t\t\t\t<span class=\"pp-post-term\"><a href=\"https:\/\/www.aa87.org\/es\/categoria\/congreso-conferencia\/\">congreso - conferencia<\/a><\/span>\t\t\t<\/span>\n\t\t<\/div>\n\t\t\t\t\t\t\t\t\t\t<h2 class=\"pp-post-title\">\n\t\t\t\t<a href=\"https:\/\/www.aa87.org\/es\/2026-08-21-22-23-foro-regional-del-este-del-canada\/\">2026-08-21, 22, 23 Foro Regional del Este del Canad\u00e1<\/a>\t\t\t<\/h2>\n\t\t\t\t\t\t\t\t\t<div class=\"pp-post-meta\">\n\t\t\t\t\t\t\t<\/div>\n\t\t\t\t\t\t\t\t<\/div>\n\t\t\t\t\t\t\t\t\t<\/div>\n\n\t\t\t\t\t\t\t<\/div>\n\t\t\t\t\t<\/div>\n\t\t\t\t<div class=\"pp-post-wrap pp-grid-item-wrap elementor-grid-item post-146380 post type-post status-publish format-standard has-post-thumbnail hentry category-congreso-conferencia category-proximas-actividades\">\n\t\t\t\t\t\t<div class=\"pp-post pp-grid-item\">\n\t\t\t\t\t\t<div class=\"pp-post-thumbnail\">\n\t\t\t<a class=\"pp-post-thumbnail-wrap\" href=\"https:\/\/www.aa87.org\/es\/2026-08-29-dia-de-los-centros-de-detencion\/\" title=\"2026-08-29 D\u00eda de los Centros de Detenci\u00f3n\">\n\t\t\t\t<img loading=\"lazy\" decoding=\"async\" width=\"250\" height=\"250\" src=\"https:\/\/www.aa87.org\/wp-content\/uploads\/2025\/04\/ES-Dia-de-los-Centros-de-Detencion.png\" class=\"attachment-large size-large wp-image-131108\" alt=\"\" srcset=\"https:\/\/www.aa87.org\/wp-content\/uploads\/2025\/04\/ES-Dia-de-los-Centros-de-Detencion.png 250w, https:\/\/www.aa87.org\/wp-content\/uploads\/2025\/04\/ES-Dia-de-los-Centros-de-Detencion-150x150.png 150w\" sizes=\"(max-width: 250px) 100vw, 250px\" \/>\t\t\t<\/a>\n\t\t<\/div>\n\t\t\n\t\t\t\t\n\t\t\t\t<div class=\"pp-post-content-wrap\">\n\t\t\t\t\t<div class=\"pp-post-content\">\n\t\t\t\t\t\t\t\t\t\t<div class=\"pp-post-terms-wrap\">\n\t\t\t<span class=\"pp-post-terms\">\n\t\t\t\t<span class=\"pp-post-term\"><a href=\"https:\/\/www.aa87.org\/es\/categoria\/congreso-conferencia\/\">congreso - conferencia<\/a><\/span>\t\t\t<\/span>\n\t\t<\/div>\n\t\t\t\t\t\t\t\t\t\t<h2 class=\"pp-post-title\">\n\t\t\t\t<a href=\"https:\/\/www.aa87.org\/es\/2026-08-29-dia-de-los-centros-de-detencion\/\">2026-08-29 D\u00eda de los Centros de Detenci\u00f3n<\/a>\t\t\t<\/h2>\n\t\t\t\t\t\t\t\t\t<div class=\"pp-post-meta\">\n\t\t\t\t\t\t\t<\/div>\n\t\t\t\t\t\t\t\t<\/div>\n\t\t\t\t\t\t\t\t\t<\/div>\n\n\t\t\t\t\t\t\t<\/div>\n\t\t\t\t\t<\/div>\n\t\t\t\t<div class=\"pp-post-wrap pp-grid-item-wrap elementor-grid-item post-147697 post type-post status-publish format-standard has-post-thumbnail hentry category-congreso-conferencia category-proximas-actividades\">\n\t\t\t\t\t\t<div class=\"pp-post pp-grid-item\">\n\t\t\t\t\t\t<div class=\"pp-post-thumbnail\">\n\t\t\t<a class=\"pp-post-thumbnail-wrap\" href=\"https:\/\/www.aa87.org\/es\/2026-10-17-50e-congres-a-a-de-trois-rivieres\/\" title=\"2026-10-17 &#8211; 50e Congr\u00e8s A.A. de Trois-Rivi\u00e8res\">\n\t\t\t\t<img loading=\"lazy\" decoding=\"async\" width=\"250\" height=\"250\" src=\"https:\/\/www.aa87.org\/wp-content\/uploads\/2026\/05\/FR-50e-Congres-AA-de-Trois-Rivieres.png\" class=\"attachment-large size-large wp-image-147694\" alt=\"\" srcset=\"https:\/\/www.aa87.org\/wp-content\/uploads\/2026\/05\/FR-50e-Congres-AA-de-Trois-Rivieres.png 250w, https:\/\/www.aa87.org\/wp-content\/uploads\/2026\/05\/FR-50e-Congres-AA-de-Trois-Rivieres-150x150.png 150w\" sizes=\"(max-width: 250px) 100vw, 250px\" \/>\t\t\t<\/a>\n\t\t<\/div>\n\t\t\n\t\t\t\t\n\t\t\t\t<div class=\"pp-post-content-wrap\">\n\t\t\t\t\t<div class=\"pp-post-content\">\n\t\t\t\t\t\t\t\t\t\t<div class=\"pp-post-terms-wrap\">\n\t\t\t<span class=\"pp-post-terms\">\n\t\t\t\t<span class=\"pp-post-term\"><a href=\"https:\/\/www.aa87.org\/es\/categoria\/congreso-conferencia\/\">congreso - conferencia<\/a><\/span>\t\t\t<\/span>\n\t\t<\/div>\n\t\t\t\t\t\t\t\t\t\t<h2 class=\"pp-post-title\">\n\t\t\t\t<a href=\"https:\/\/www.aa87.org\/es\/2026-10-17-50e-congres-a-a-de-trois-rivieres\/\">2026-10-17 &#8211; 50e Congr\u00e8s A.A. de Trois-Rivi\u00e8res<\/a>\t\t\t<\/h2>\n\t\t\t\t\t\t\t\t\t<div class=\"pp-post-meta\">\n\t\t\t\t\t\t\t<\/div>\n\t\t\t\t\t\t\t\t<\/div>\n\t\t\t\t\t\t\t\t\t<\/div>\n\n\t\t\t\t\t\t\t<\/div>\n\t\t\t\t\t<\/div>\n\t\t\t\t<div class=\"pp-post-wrap pp-grid-item-wrap elementor-grid-item post-145747 post type-post status-publish format-standard has-post-thumbnail hentry category-assemblee-et-comite-regional category-assembly-and-regional-committee\">\n\t\t\t\t\t\t<div class=\"pp-post pp-grid-item\">\n\t\t\t\t\t\t<div class=\"pp-post-thumbnail\">\n\t\t\t<a class=\"pp-post-thumbnail-wrap\" href=\"https:\/\/www.aa87.org\/es\/assemblee-preconference-et-reunion-du-comite-regional\/\" title=\"Asamblia previa a la Conferencia y reuni\u00f3n del Comit\u00e9 Regional\">\n\t\t\t\t<img loading=\"lazy\" decoding=\"async\" width=\"250\" height=\"250\" src=\"https:\/\/www.aa87.org\/wp-content\/uploads\/2026\/03\/ES-1.a-Asamblea-previa-a-la-conferencia.png\" class=\"attachment-large size-large wp-image-145728\" alt=\"\" srcset=\"https:\/\/www.aa87.org\/wp-content\/uploads\/2026\/03\/ES-1.a-Asamblea-previa-a-la-conferencia.png 250w, https:\/\/www.aa87.org\/wp-content\/uploads\/2026\/03\/ES-1.a-Asamblea-previa-a-la-conferencia-150x150.png 150w\" sizes=\"(max-width: 250px) 100vw, 250px\" \/>\t\t\t<\/a>\n\t\t<\/div>\n\t\t\n\t\t\t\t\n\t\t\t\t<div class=\"pp-post-content-wrap\">\n\t\t\t\t\t<div class=\"pp-post-content\">\n\t\t\t\t\t\t\t\t\t\t<div class=\"pp-post-terms-wrap\">\n\t\t\t<span class=\"pp-post-terms\">\n\t\t\t\t<span class=\"pp-post-term\"><a href=\"https:\/\/www.aa87.org\/categorie\/assemblee-et-comite-regional\/\">Assembl\u00e9e et Comit\u00e9 R\u00e9gional<\/a><\/span>\t\t\t<\/span>\n\t\t<\/div>\n\t\t\t\t\t\t\t\t\t\t<h2 class=\"pp-post-title\">\n\t\t\t\t<a href=\"https:\/\/www.aa87.org\/es\/assemblee-preconference-et-reunion-du-comite-regional\/\">Asamblia previa a la Conferencia y reuni\u00f3n del Comit\u00e9 Regional<\/a>\t\t\t<\/h2>\n\t\t\t\t\t\t\t\t\t<div class=\"pp-post-meta\">\n\t\t\t\t\t\t\t<\/div>\n\t\t\t\t\t\t\t\t<\/div>\n\t\t\t\t\t\t\t\t\t<\/div>\n\n\t\t\t\t\t\t\t<\/div>\n\t\t\t\t\t<\/div>\n\t\t\t\t\t\t\t\t\t<\/div>\n\t\t\t<div class=\"pp-screen-only elementor-screen-only\" aria-live=\"polite\" id=\"pp-post-carousel-status\">Showing Slide 1 of 9<\/div>\n\t\t\t\n\t\t\t\n\t\t\t\n\t\t\t\t\t\t\t\t\t\t\t<div class=\"pp-posts-pagination-wrap pp-posts-pagination-bottom\">\n\t\t\t\t\t\t\t\t<nav class=\"pp-posts-pagination pp-posts-pagination-ajax elementor-pagination\" role=\"navigation\" aria-label=\"Pagination\" data-total=\"2\">\n\t\t\t\t<span aria-current=\"page\" class=\"page-numbers current\">1<\/span>\n<a class=\"page-numbers\" href=\"https:\/\/www.aa87.org\/es\/wp-json\/wp\/v2\/pages\/118486\/page\/2\/\">2<\/a>\n<a class=\"next page-numbers\" href=\"https:\/\/www.aa87.org\/es\/wp-json\/wp\/v2\/pages\/118486\/page\/2\/\">Activit\u00e9s suivantes &raquo;<\/a>\t\t\t<\/nav>\n\t\t\t\t\t\t\t<\/div>\n\t\t\t\t\t\t\t\t\t<\/div>\n\n\t\t\n\t\t\t\t\t\t<\/div>\n\t\t\t\t<\/div>\n\t\t\t\t\t<\/div>\n\t\t<\/div>\n\t\t\t\t\t<\/div>\n\t\t<\/section>\n\t\t\t\t<\/div>\n\t\t","protected":false},"excerpt":{"rendered":"<p>congreso &#8211; conferencia 2026-05-02 45e Congr\u00e8s de St-Hyacinthe \u2013 District 87-24 Otros Formulario de participaci\u00f3n &#8211; Congreso Triling\u00fce \u00c1rea 87<\/p>\n","protected":false},"author":2,"featured_media":118373,"parent":0,"menu_order":0,"comment_status":"closed","ping_status":"closed","template":"","meta":{"_price":"","_stock":"","_tribe_ticket_header":"","_tribe_default_ticket_provider":"","_tribe_ticket_capacity":"0","_ticket_start_date":"","_ticket_end_date":"","_tribe_ticket_show_description":"","_tribe_ticket_show_not_going":false,"_tribe_ticket_use_global_stock":"","_tribe_ticket_global_stock_level":"","_global_stock_mode":"","_global_stock_cap":"","_tribe_rsvp_for_event":"","_tribe_ticket_going_count":"","_tribe_ticket_not_going_count":"","_tribe_tickets_list":"[]","_tribe_ticket_has_attendee_info_fields":false,"footnotes":"","_tec_slr_enabled":"","_tec_slr_layout":""},"class_list":["post-118486","page","type-page","status-publish","has-post-thumbnail","hentry"],"aioseo_notices":[],"publishpress_future_action":{"enabled":false,"date":"2026-05-20 16:43:39","action":"change-status","newStatus":"draft","terms":[],"taxonomy":"translation_priority","extraData":[]},"publishpress_future_workflow_manual_trigger":{"enabledWorkflows":[]},"ticketed":false,"_links":{"self":[{"href":"https:\/\/www.aa87.org\/es\/wp-json\/wp\/v2\/pages\/118486","targetHints":{"allow":["GET"]}}],"collection":[{"href":"https:\/\/www.aa87.org\/es\/wp-json\/wp\/v2\/pages"}],"about":[{"href":"https:\/\/www.aa87.org\/es\/wp-json\/wp\/v2\/types\/page"}],"author":[{"embeddable":true,"href":"https:\/\/www.aa87.org\/es\/wp-json\/wp\/v2\/users\/2"}],"replies":[{"embeddable":true,"href":"https:\/\/www.aa87.org\/es\/wp-json\/wp\/v2\/comments?post=118486"}],"version-history":[{"count":37,"href":"https:\/\/www.aa87.org\/es\/wp-json\/wp\/v2\/pages\/118486\/revisions"}],"predecessor-version":[{"id":142448,"href":"https:\/\/www.aa87.org\/es\/wp-json\/wp\/v2\/pages\/118486\/revisions\/142448"}],"wp:featuredmedia":[{"embeddable":true,"href":"https:\/\/www.aa87.org\/es\/wp-json\/wp\/v2\/media\/118373"}],"wp:attachment":[{"href":"https:\/\/www.aa87.org\/es\/wp-json\/wp\/v2\/media?parent=118486"}],"curies":[{"name":"wp","href":"https:\/\/api.w.org\/{rel}","templated":true}]}}