{"id":138485,"date":"2025-10-11T18:25:29","date_gmt":"2025-10-11T22:25:29","guid":{"rendered":"https:\/\/www.aa87.org\/?page_id=138485"},"modified":"2025-10-11T18:36:19","modified_gmt":"2025-10-11T22:36:19","slug":"le-tresorier-du-groupe-des-aa","status":"publish","type":"page","link":"https:\/\/www.aa87.org\/es\/ressources\/tous-les-depliants\/le-tresorier-du-groupe-des-aa\/","title":{"rendered":"El Tesorero Grdue upno deAA"},"content":{"rendered":"\t\t<div data-elementor-type=\"wp-page\" data-elementor-id=\"138485\" class=\"elementor elementor-138485 elementor-120086\" data-elementor-post-type=\"page\">\n\t\t\t\t\t\t<section class=\"elementor-section elementor-top-section elementor-element elementor-element-b3495a4 elementor-section-full_width elementor-section-height-default elementor-section-height-default\" data-id=\"b3495a4\" data-element_type=\"section\" data-e-type=\"section\">\n\t\t\t\t\t\t<div class=\"elementor-container elementor-column-gap-default\">\n\t\t\t\t\t<div class=\"elementor-column elementor-col-50 elementor-top-column elementor-element elementor-element-9a40b55\" data-id=\"9a40b55\" data-element_type=\"column\" data-e-type=\"column\">\n\t\t\t<div class=\"elementor-widget-wrap elementor-element-populated\">\n\t\t\t\t\t\t<div class=\"elementor-element elementor-element-234f941 elementor-widget elementor-widget-template\" data-id=\"234f941\" data-element_type=\"widget\" data-e-type=\"widget\" data-widget_type=\"template.default\">\n\t\t\t\t<div class=\"elementor-widget-container\">\n\t\t\t\t\t\t\t<div class=\"elementor-template\">\n\t\t\t\t\t<div data-elementor-type=\"page\" data-elementor-id=\"139110\" class=\"elementor elementor-139110 elementor-78071 elementor-78071\" data-elementor-post-type=\"elementor_library\">\n\t\t\t\t\t\t<section class=\"elementor-section elementor-top-section elementor-element elementor-element-129e3bd elementor-section-boxed elementor-section-height-default elementor-section-height-default\" data-id=\"129e3bd\" data-element_type=\"section\" data-e-type=\"section\">\n\t\t\t\t\t\t<div class=\"elementor-container elementor-column-gap-no\">\n\t\t\t\t\t<div class=\"elementor-column elementor-col-100 elementor-top-column elementor-element elementor-element-d9cb6bb\" data-id=\"d9cb6bb\" data-element_type=\"column\" data-e-type=\"column\">\n\t\t\t<div class=\"elementor-widget-wrap elementor-element-populated\">\n\t\t\t\t\t\t<div class=\"elementor-element elementor-element-b5f8dd4 elementor-widget elementor-widget-heading\" data-id=\"b5f8dd4\" data-element_type=\"widget\" data-e-type=\"widget\" data-widget_type=\"heading.default\">\n\t\t\t\t<div class=\"elementor-widget-container\">\n\t\t\t\t\t<h2 class=\"elementor-heading-title elementor-size-default\">Recursos<\/h2>\t\t\t\t<\/div>\n\t\t\t\t<\/div>\n\t\t\t\t<div class=\"elementor-element elementor-element-fffa476 elementor-widget__width-inherit side-menu elementor-widget elementor-widget-ova_menu\" data-id=\"fffa476\" data-element_type=\"widget\" data-e-type=\"widget\" data-widget_type=\"ova_menu.default\">\n\t\t\t\t<div class=\"elementor-widget-container\">\n\t\t\t\t\t\n\t\t<div class=\"ova_menu_clasic\">\n\t\t\t<div class=\"ova_wrap_nav column NavBtn_left NavBtn_left_m\">\n\n\t\t\t\t\t<button class=\"ova_openNav\" aria-label=\"Menu Mobile\">\n\t\t\t\t\t\t<i class=\"fas fa-bars\"><\/i>\n\t\t\t\t\t<\/button>\n\n\t\t\t\t\t<div class=\"ova_nav canvas_left canvas_bg_gray\">\n\t\t\t\t\t\t<a href=\"javascript:void(0)\" class=\"ova_closeNav\"><i class=\"fas fa-times\"><\/i><\/a>\n\t\t\t\t\t\t<ul id=\"menu-side-menu-ressources-es\" class=\"menu sub_menu_dir_right\"><li id=\"menu-item-137810\" class=\"menu-item menu-item-type-custom menu-item-object-custom menu-item-137810\" menu-level=\"1\"><a href=\"https:\/\/aa87.sharepoint.com\/\">Intranet<\/a><\/li>\n<li id=\"menu-item-84982\" class=\"menu-item menu-item-type-custom menu-item-object-custom menu-item-84982\" menu-level=\"1\"><a href=\"https:\/\/www.aa87.org\/es\/eventos\/\">Calendrio<\/a><\/li>\n<li id=\"menu-item-139591\" class=\"menu-item menu-item-type-custom menu-item-object-custom menu-item-139591\" menu-level=\"1\"><a href=\"https:\/\/www.aa87.org\/es\/ressources\/boletin\/\">Bolet\u00edn<\/a><\/li>\n<li id=\"menu-item-139592\" class=\"menu-item menu-item-type-custom menu-item-object-custom menu-item-139592\" menu-level=\"1\"><a href=\"https:\/\/www.aa87.org\/es\/parcourirdesvideos\/\">Viendo vid\u00e9os<\/a><\/li>\n<li id=\"menu-item-84983\" class=\"externalicon menu-item menu-item-type-custom menu-item-object-custom menu-item-84983\" menu-level=\"1\"><a target=\"_blank\" href=\"https:\/\/www.dropbox.com\/sh\/twtz2gne0qc6qnm\/AACwdc53fluTH7veDCF65QHka?dl=0\/\" class=\"externalicon\">Un jour autrefois <img decoding=\"async\" class=\"lienexterne\" src=\"https:\/\/www.aa87.org\/wp-content\/uploads\/2020\/07\/external16.png\" \/><\/a><\/li>\n<li id=\"menu-item-84984\" class=\"externalicon menu-item menu-item-type-custom menu-item-object-custom menu-item-84984\" menu-level=\"1\"><a target=\"_blank\" href=\"https:\/\/www.unjouralafois-emission.org\/\" class=\"externalicon\">Un jour \u00e0 la fois  <img decoding=\"async\" class=\"lienexterne\" src=\"https:\/\/www.aa87.org\/wp-content\/uploads\/2020\/07\/external16.png\" \/><\/a><\/li>\n<li id=\"menu-item-84985\" class=\"externalicon menu-item menu-item-type-custom menu-item-object-custom menu-item-84985\" menu-level=\"1\"><a target=\"_blank\" href=\"https:\/\/www.aa87.org\/es\/ressources\/rq\" class=\"externalicon\">Reflexiones diarias<\/a><\/li>\n<li id=\"menu-item-139593\" class=\"menu-item menu-item-type-custom menu-item-object-custom menu-item-139593\" menu-level=\"1\"><a href=\"https:\/\/www.aa87.org\/es\/ressources\/tous-les-depliants\/\">Todos los folletos<\/a><\/li>\n<li id=\"menu-item-139594\" class=\"menu-item menu-item-type-custom menu-item-object-custom menu-item-139594\" menu-level=\"1\"><a href=\"https:\/\/www.aa87.org\/es\/ressources\/pochette-du-nouveau\/\">Portada de la nueva<\/a><\/li>\n<li id=\"menu-item-137814\" class=\"menu-item menu-item-type-custom menu-item-object-custom menu-item-137814\" menu-level=\"1\"><a href=\"https:\/\/www.aa87.org\/es\/pochettersg\/\">Paquete de RSG<\/a><\/li>\n<li id=\"menu-item-139595\" class=\"menu-item menu-item-type-custom menu-item-object-custom menu-item-139595\" menu-level=\"1\"><a href=\"https:\/\/www.aa87.org\/es\/formularios\/\">Formularios<\/a><\/li>\n<li id=\"menu-item-139596\" class=\"menu-item menu-item-type-custom menu-item-object-custom menu-item-139596\" menu-level=\"1\"><a href=\"https:\/\/www.aa87.org\/es\/congres-a-venir\/\">Pr\u00f3xima Conferencia de AA<\/a><\/li>\n<li id=\"menu-item-139597\" class=\"menu-item menu-item-type-custom menu-item-object-custom menu-item-139597\" menu-level=\"1\"><a href=\"https:\/\/www.aa87.org\/es\/categoria\/servicios\/\">Servicios<\/a><\/li>\n<\/ul>\t\t\t            <div class=\"shortcode\"><\/div>\n\t\t\t\t\t<\/div>\n\n\t\t\t\t<div class=\"ova_closeCanvas ova_closeNav\"><\/div>\n\t\t\t<\/div>\n\t\t<\/div>\n\t\t\n\n\t\t\t\t\t<\/div>\n\t\t\t\t<\/div>\n\t\t\t\t\t<\/div>\n\t\t<\/div>\n\t\t\t\t\t<\/div>\n\t\t<\/section>\n\t\t\t\t<\/div>\n\t\t\t\t<\/div>\n\t\t\t\t\t\t<\/div>\n\t\t\t\t<\/div>\n\t\t\t\t\t<\/div>\n\t\t<\/div>\n\t\t\t\t<div class=\"elementor-column elementor-col-50 elementor-top-column elementor-element elementor-element-e900fca\" data-id=\"e900fca\" data-element_type=\"column\" data-e-type=\"column\" data-settings=\"{&quot;background_background&quot;:&quot;classic&quot;}\">\n\t\t\t<div class=\"elementor-widget-wrap elementor-element-populated\">\n\t\t\t\t\t\t<section class=\"elementor-section elementor-inner-section elementor-element elementor-element-99d096a elementor-section-boxed elementor-section-height-default elementor-section-height-default\" data-id=\"99d096a\" data-element_type=\"section\" data-e-type=\"section\">\n\t\t\t\t\t\t<div class=\"elementor-container elementor-column-gap-default\">\n\t\t\t\t\t<div class=\"elementor-column elementor-col-50 elementor-inner-column elementor-element elementor-element-211dc8a\" data-id=\"211dc8a\" data-element_type=\"column\" data-e-type=\"column\">\n\t\t\t<div class=\"elementor-widget-wrap elementor-element-populated\">\n\t\t\t\t\t\t<div class=\"elementor-element elementor-element-b9cb200 elementor-widget elementor-widget-text-editor\" data-id=\"b9cb200\" data-element_type=\"widget\" data-e-type=\"widget\" data-widget_type=\"text-editor.default\">\n\t\t\t\t<div class=\"elementor-widget-container\">\n\t\t\t\t\t\t\t\t\t<p><a href=\"https:\/\/www.aa87.org\/wp-content\/uploads\/2022\/05\/F-96_sp_0122.pdf\">Folleto en formato PDF<\/a><\/p>\t\t\t\t\t\t\t\t<\/div>\n\t\t\t\t<\/div>\n\t\t\t\t<div class=\"elementor-element elementor-element-3d10c14 elementor-widget elementor-widget-image\" data-id=\"3d10c14\" data-element_type=\"widget\" data-e-type=\"widget\" data-widget_type=\"image.default\">\n\t\t\t\t<div class=\"elementor-widget-container\">\n\t\t\t\t\t\t\t\t\t\t\t\t\t\t\t<img fetchpriority=\"high\" decoding=\"async\" width=\"242\" height=\"560\" src=\"https:\/\/www.aa87.org\/wp-content\/uploads\/2022\/05\/F-96_sp_0122-242x560.png\" class=\"attachment-egovt_blog_thumb size-egovt_blog_thumb wp-image-99693\" alt=\"\" srcset=\"https:\/\/www.aa87.org\/wp-content\/uploads\/2022\/05\/F-96_sp_0122-242x560.png 242w, https:\/\/www.aa87.org\/wp-content\/uploads\/2022\/05\/F-96_sp_0122-129x300.png 129w, https:\/\/www.aa87.org\/wp-content\/uploads\/2022\/05\/F-96_sp_0122-442x1024.png 442w, https:\/\/www.aa87.org\/wp-content\/uploads\/2022\/05\/F-96_sp_0122-768x1780.png 768w, https:\/\/www.aa87.org\/wp-content\/uploads\/2022\/05\/F-96_sp_0122-663x1536.png 663w, https:\/\/www.aa87.org\/wp-content\/uploads\/2022\/05\/F-96_sp_0122-883x2048.png 883w, https:\/\/www.aa87.org\/wp-content\/uploads\/2022\/05\/F-96_sp_0122-259x600.png 259w, https:\/\/www.aa87.org\/wp-content\/uploads\/2022\/05\/F-96_sp_0122.png 1100w\" sizes=\"(max-width: 242px) 100vw, 242px\" \/>\t\t\t\t\t\t\t\t\t\t\t\t\t\t\t<\/div>\n\t\t\t\t<\/div>\n\t\t\t\t\t<\/div>\n\t\t<\/div>\n\t\t\t\t<div class=\"elementor-column elementor-col-50 elementor-inner-column elementor-element elementor-element-84e6360\" data-id=\"84e6360\" data-element_type=\"column\" data-e-type=\"column\">\n\t\t\t<div class=\"elementor-widget-wrap elementor-element-populated\">\n\t\t\t\t\t\t<div class=\"elementor-element elementor-element-6062f9b elementor-widget elementor-widget-text-editor\" data-id=\"6062f9b\" data-element_type=\"widget\" data-e-type=\"widget\" data-widget_type=\"text-editor.default\">\n\t\t\t\t<div class=\"elementor-widget-container\">\n\t\t\t\t\t\t\t\t\t<p><em>A<\/em><em><sub>l<\/sub><\/em><em><sub>c<\/sub><\/em><em><sub>oh<\/sub><\/em><em><sub>\u00f3l<\/sub><\/em><em><sub>i<\/sub><\/em><em><sub>c<\/sub><\/em><em><sub>o<\/sub><\/em><em><sub>s<\/sub><\/em><em>\u00a0\u00a0 A<sub>n\u00f3nimos<\/sub><\/em><em>\u00ae<\/em><em>\u00a0\u00a0\u00a0\u00a0\u00a0<\/em>es\u00a0 una\u00a0 comunidad\u00a0 de hombres y mujeres que comparten su mutua ex\u00ad periencia, fortaleza y esperanza para resolver su problema com\u00fan y ayudar a otros a recuperarse del alcoholismo.<\/p><ul><li style=\"list-style-type: none;\"><ul><li>El \u00fanico requisito para ser miembro de A. es el deseo de dejar la bebida. Para ser miembro de A.A. no se pagan honorarios ni cuotas; nos man\u00ad tenemos con nuestras propias contribuciones.<\/li><\/ul><\/li><\/ul><ul><li style=\"list-style-type: none;\"><ul><li>A. no est\u00e1 afiliada a ninguna secta, religi\u00f3n, partido pol\u00edtico, organizaci\u00f3n o instituci\u00f3n algu\u00ad na; no desea intervenir en controversias; no res\u00ad palda ni se opone a ninguna causa.<\/li><li>Nuestro objetivo primordial es mantenernos sobrios y ayudar a otros alcoh\u00f3licos a alcanzar el estado de sobriedad.<\/li><\/ul><\/li><\/ul>\t\t\t\t\t\t\t\t<\/div>\n\t\t\t\t<\/div>\n\t\t\t\t\t<\/div>\n\t\t<\/div>\n\t\t\t\t\t<\/div>\n\t\t<\/section>\n\t\t\t\t\t<\/div>\n\t\t<\/div>\n\t\t\t\t\t<\/div>\n\t\t<\/section>\n\t\t\t\t<section class=\"elementor-section elementor-top-section elementor-element elementor-element-3a0f80e elementor-section-boxed elementor-section-height-default elementor-section-height-default\" data-id=\"3a0f80e\" data-element_type=\"section\" data-e-type=\"section\">\n\t\t\t\t\t\t<div class=\"elementor-container elementor-column-gap-default\">\n\t\t\t\t\t<div class=\"elementor-column elementor-col-100 elementor-top-column elementor-element elementor-element-5b84769\" data-id=\"5b84769\" data-element_type=\"column\" data-e-type=\"column\">\n\t\t\t<div class=\"elementor-widget-wrap elementor-element-populated\">\n\t\t\t\t\t\t<div class=\"elementor-element elementor-element-cecd5b8 elementor-widget elementor-widget-text-editor\" data-id=\"cecd5b8\" data-element_type=\"widget\" data-e-type=\"widget\" data-widget_type=\"text-editor.default\">\n\t\t\t\t<div class=\"elementor-widget-container\">\n\t\t\t\t\t\t\t\t\t<h4><strong>Espiritualidad y dinero<\/strong><\/h4><p>Aunque gran parte del trabajo del tesorero o tesorera del grupo supone ocuparse de muchos detalles, es im- portante tener presente que el dinero que la persona encargada de la tesorer\u00eda supervisa tiene un objetivo espiritual: da a cada grupo la oportunidad de cumplir con su objetivo primordial, el de llevar el mensaje de AA al alcoh\u00f3lico que a\u00fan sufre. Esta es la labor fundamen- tal de AA, y para seguir haci\u00e9ndola, el grupo tiene que mantener sus puertas abiertas. El tesorero del grupo es una parte importante de esta labor de Paso Doce.<\/p><h4><strong>Selecci\u00f3n de un tesorero o una tesorera<\/strong><\/h4><p>El puesto de tesorero del grupo es uno de los car- gos de mayor responsabilidad del grupo. Aunque no hay un tiempo determinado de sobriedad establecido para ocupar este puesto, muchos grupos sugieren que la persona encargada debe tener un tiempo de sobriedad razonable (por lo menos de seis meses a un a\u00f1o o m\u00e1s). Tambi\u00e9n se sugiere que el tesorero o la tesorera del grupo tenga un s\u00f3lido conocimiento de las Doce Tradiciones y est\u00e9 familiarizado(a) con los principios y costumbres del grupo.<\/p><h4><strong>Pasar la canasta<\/strong><\/h4><p>La forma tradicional de asegurar que el grupo se mantenga a s\u00ed mismo es pasar la canasta entre los miembros del grupo, para que hagan contribuciones que ayuden a cubrir los gastos del grupo y mantener los servicios locales y los servicios de la Oficina de Servicios Generales. Normalmente, despu\u00e9s de pasar la canasta, el tesorero del grupo guarda el dinero que se haya recogido.<\/p><p>Algunos grupos utilizan plataformas de pago digital para darles a los miembros la opci\u00f3n de hacer contri- buciones sin dinero en efectivo. Hay diferentes plata- formas que ofrecen este servicio y le corresponde al grupo elegir cu\u00e1l utilizar. La experiencia sugiere que la persona encargada de la tesorer\u00eda, es la indicada para ocuparse de las contribuciones digitales, pero algunos grupos tienen m\u00e1s de un servidor de confian- za asignado para compartir estas responsabilidades o crean un nuevo puesto de servicio encargado de in- formar al grupo sobre las diferentes opciones de pago digital y ayudar a los miembros del grupo interesados en contribuir de esta manera.<\/p><h4><strong>Protecci\u00f3n del dinero del grupo<\/strong><\/h4><p>El tesorero o tesorera del grupo toma las precauciones apropiadas para salvaguardar los fondos del grupo. Muchos grupos guardan sus fondos en una cuenta co- rriente bancaria a nombre del grupo, y se suelen requerir\u00a0<span style=\"letter-spacing: 0px;\">al menos dos firmas en todos los cheques. Esta cos- tumbre contribuye a proteger contra las p\u00e9rdidas acci- dentales, facilitar los desembolsos y tambi\u00e9n sirve para proporcionar un registro continuo de ingresos y gastos. Los estados de cuentas bancarios mensuales normal- mente se env\u00edan directamente al tesorero del grupo, quien los puede llevar a las reuniones administrativas.<\/span><\/p><h4><strong>Desembolso de los fondos del grupo <\/strong><\/h4><p>Normalmente el tesorero o tesorera del grupo es la persona responsable de pagar las facturas habituales del grupo y de llevar cuentas precisas de sus fondos. El tesorero tiene que estar bien informado sobre la for- ma en que se utiliza el dinero del grupo y debe tener las direcciones de correo de todas las entidades de AA a las que el grupo contribuye.<\/p><p>Despu\u00e9s de satisfacer las necesidades b\u00e1sicas del grupo, tales como dinero para el alquiler, refrescos, literatura y seguros, el grupo puede participar en el apoyo econ\u00f3mico de la Comunidad en su totalidad enviando dinero a varias entidades de servicio de AA:<\/p><p><span style=\"text-align: -webkit-match-parent; letter-spacing: 0px;\">1) el intergrupo u oficina central local; 2) el \u00e1rea y dis- trito; y 3) la Oficina de Servicios Muchos grupos proporcionan apoyo econ\u00f3mico a sus RSG para asistir a las actividades de servicio.<\/span><\/p><p>Los grupos y miembros tambi\u00e9n apoyan al Grapevine adquiriendo suscripciones a las revistas Grapevine y La Vi\u00f1a, as\u00ed como otras publicaciones del Grapevine, que utilizan en su labor de Paso Doce. Las suscrip- ciones a La Vi\u00f1a o el Grapevine pueden adquirirse en https:\/\/store.aagrapevine.org\/subscriptions.<\/p><p><strong>Contribuciones en l\u00ednea y recurrentes: <\/strong>Se pue- den hacer contribuciones a la Oficina de Servicios Generales en l\u00ednea con tarjeta de cr\u00e9dito o cheque electr\u00f3nico. Adem\u00e1s, los miembros y grupos pueden configurar contribuciones recurrentes que se carga- r\u00e1n autom\u00e1ticamente a su tarjeta de cr\u00e9dito, mensual, trimestral o anualmente.<\/p><h4><strong>Informes del tesorero<\/strong><\/h4><p>La mayor\u00eda de los grupos piden que se presente un informe del tesorero con toda la documentaci\u00f3n perti- nente en las reuniones administrativas del grupo men- suales o programadas regularmente. De esta manera, todos los miembros del grupo pueden mantenerse informados acerca de la situaci\u00f3n econ\u00f3mica del gru- po y tomar decisiones de conciencia de grupo sobre c\u00f3mo se deben gastar los fondos.<\/p><h4><strong>Reserva prudente<\/strong><\/h4><p>La mayor\u00eda de los grupos tratan de tener reservada cierta cantidad de dinero. No hay una cantidad prede<span style=\"letter-spacing: 0px;\">terminada para esta reserva, pero la mayor\u00eda de los grupos intentan tener dinero suficiente para cubrir por lo menos de uno a tres meses de gastos de ope- raciones. Normalmente el grupo mismo determina la magnitud de la reserva prudente. La experiencia indica que una acumulaci\u00f3n de fondos de AA para prop\u00f3sitos no especificados superior a un nivel pru- dente puede desviar la atenci\u00f3n del grupo de llevar el mensaje al alcoh\u00f3lico que a\u00fan sufre. Se recomien- da a los grupos con exceso de fondos que contribu- yan a mantener a otras entidades de servicio.<\/span><\/p><h4><strong>Abrir una cuenta bancaria y obtener un <\/strong><strong>n\u00famero de identificaci\u00f3n fiscal<\/strong><\/h4><p>Algunos grupos guardan sus fondos en una cuenta bancaria, que exige un n\u00famero de identificaci\u00f3n fis- cal, incluso para las cuentas que no producen inte- r\u00e9s. El primer paso para obtener un n\u00famero de iden- tificaci\u00f3n federal es presentar el formulario SS-4 que se puede obtener en cualquier oficina del <em>Internal Revenue Service (IRS), <\/em>o en su sitio web <a href=\"http:\/\/www.irs.gov\/\">www.irs.gov.<\/a> Cada grupo de AA debe obtener su propio n\u00famero. No hay ning\u00fan n\u00famero para Alcoh\u00f3licos An\u00f3nimos en general. La cantidad de dinero que el grupo tiene que guardar y las tarifas bancarias determinar\u00e1n si vale la pena solicitar la exenci\u00f3n de impuestos. Para m\u00e1s informaci\u00f3n consulte la publicaci\u00f3n 557 del IRS, \u201cEstado de exenci\u00f3n de impuestos para su organi- zaci\u00f3n\u201d. Y puede ser conveniente consultar con un contador para informarse mejor sobre este tema. (Esto se aplica solamente a los Estados Unidos.)<\/p><h4><strong>Seguros<\/strong><\/h4><p>Los due\u00f1os de los locales a veces piden a los gru- pos que contraten alg\u00fan tipo de seguro. Algunos grupos cooperan con la instituci\u00f3n en la que se re\u00fa- nen comprando una cl\u00e1usula adicional en la p\u00f3liza de seguros de la instituci\u00f3n. Para m\u00e1s informaci\u00f3n, pueden consultar con una agencia de seguros local.<\/p><p><strong>Otros recursos para los tesoreros del grupo <\/strong>Para m\u00e1s informaci\u00f3n consulten el folleto \u201cEl Automantenimiento: donde se mezclan la espiritua- lidad y el dinero\u201d o las Gu\u00edas de AA sobre Finanzas. En el folleto \u201cEl Grupo de AA\u201d se habla sobre las ap- titudes de los tesoreros, el papel que desempe\u00f1an y c\u00f3mo encajan en la estructura de servicio de AA. Para obtener ejemplares de estos art\u00edculos se pue- den poner en contacto con la Oficina de Servicios Generales en Nueva York o visitar el sitio web de AA de la OSG, <a href=\"http:\/\/www.aa.org\/\">www.aa.org.<\/a><\/p><h4><strong>Para enviar contribuciones a las entidades de servicio de AA, p\u00f3nganse en contacto con su comit\u00e9 de distrito, comit\u00e9 de \u00e1rea y oicina central \/ intergrupo local.<\/strong><\/h4><p>OSG<\/p><p>Los pagos de contribuciones se pueden hacer por cheque o con tarjeta de cr\u00e9dito, usando el sobre de contribuciones. Hagan los cheques a favor de General Service Board<\/p><p>y env\u00edenlos a:<\/p><p>General Service Office<\/p><p>P.O. Box 2407 James A. Farley Station<\/p><p>New York, NY 10116-2407<\/p><p><em>(Favor de incluir el n\u00famero de su grupo en el cheque)<\/em><\/p><p><span style=\"letter-spacing: 0px;\">Las contribuciones en l\u00ednea se pueden hacer con tarjeta de cr\u00e9dito o con un cheque electr\u00f3nico (eCheck). Visiten la p\u00e1gina \u201cHaz una contribuci\u00f3n\u201d en <\/span><a style=\"background-color: #ffffff; letter-spacing: 0px;\" href=\"http:\/\/www.aa.org\/\">www.aa.org.<\/a><\/p>\t\t\t\t\t\t\t\t<\/div>\n\t\t\t\t<\/div>\n\t\t\t\t\t<\/div>\n\t\t<\/div>\n\t\t\t\t\t<\/div>\n\t\t<\/section>\n\t\t\t\t<\/div>\n\t\t","protected":false},"excerpt":{"rendered":"<p>Folleto en formato PDF Alcoh\u00f3licos\u00a0\u00a0 An\u00f3nimos\u00ae\u00a0\u00a0\u00a0\u00a0\u00a0es\u00a0 una\u00a0 comunidad\u00a0 de hombres y mujeres que comparten su mutua ex\u00ad periencia, fortaleza y esperanza para resolver su problema com\u00fan y ayudar a otros [&hellip;]<\/p>\n","protected":false},"author":2,"featured_media":0,"parent":84924,"menu_order":0,"comment_status":"closed","ping_status":"closed","template":"elementor_header_footer","meta":{"_price":"","_stock":"","_tribe_ticket_header":"","_tribe_default_ticket_provider":"","_ticket_start_date":"","_ticket_end_date":"","_tribe_ticket_show_description":"","_tribe_ticket_show_not_going":false,"_tribe_ticket_use_global_stock":"","_tribe_ticket_global_stock_level":"","_global_stock_mode":"","_global_stock_cap":"","_tribe_rsvp_for_event":"","_tribe_ticket_going_count":"","_tribe_ticket_not_going_count":"","_tribe_tickets_list":"[]","_tribe_ticket_has_attendee_info_fields":false,"footnotes":"","_tec_slr_enabled":"","_tec_slr_layout":""},"class_list":["post-138485","page","type-page","status-publish","hentry"],"aioseo_notices":[],"publishpress_future_action":{"enabled":false,"date":"2026-04-28 09:52:18","action":"change-status","newStatus":"draft","terms":[],"taxonomy":"translation_priority","extraData":[]},"publishpress_future_workflow_manual_trigger":{"enabledWorkflows":[]},"ticketed":false,"_links":{"self":[{"href":"https:\/\/www.aa87.org\/es\/wp-json\/wp\/v2\/pages\/138485","targetHints":{"allow":["GET"]}}],"collection":[{"href":"https:\/\/www.aa87.org\/es\/wp-json\/wp\/v2\/pages"}],"about":[{"href":"https:\/\/www.aa87.org\/es\/wp-json\/wp\/v2\/types\/page"}],"author":[{"embeddable":true,"href":"https:\/\/www.aa87.org\/es\/wp-json\/wp\/v2\/users\/2"}],"replies":[{"embeddable":true,"href":"https:\/\/www.aa87.org\/es\/wp-json\/wp\/v2\/comments?post=138485"}],"version-history":[{"count":5,"href":"https:\/\/www.aa87.org\/es\/wp-json\/wp\/v2\/pages\/138485\/revisions"}],"predecessor-version":[{"id":138511,"href":"https:\/\/www.aa87.org\/es\/wp-json\/wp\/v2\/pages\/138485\/revisions\/138511"}],"up":[{"embeddable":true,"href":"https:\/\/www.aa87.org\/es\/wp-json\/wp\/v2\/pages\/84924"}],"wp:attachment":[{"href":"https:\/\/www.aa87.org\/es\/wp-json\/wp\/v2\/media?parent=138485"}],"curies":[{"name":"wp","href":"https:\/\/api.w.org\/{rel}","templated":true}]}}