{"id":141752,"date":"2024-06-24T08:21:03","date_gmt":"2024-06-24T12:21:03","guid":{"rendered":"https:\/\/www.aa87.org\/?page_id=141752"},"modified":"2025-12-14T09:18:07","modified_gmt":"2025-12-14T14:18:07","slug":"feuillet-sur-la-securite-et-les-aa","status":"publish","type":"page","link":"https:\/\/www.aa87.org\/es\/ressources\/tous-les-depliants\/feuillet-sur-la-securite-et-les-aa\/","title":{"rendered":"Tr\u00edptico sobre la seguridad y A.A."},"content":{"rendered":"\t\t<div data-elementor-type=\"wp-page\" data-elementor-id=\"141752\" class=\"elementor elementor-141752 elementor-120032\" data-elementor-post-type=\"page\">\n\t\t\t\t\t\t<section class=\"elementor-section elementor-top-section elementor-element elementor-element-88a8568 elementor-section-full_width elementor-section-height-default elementor-section-height-default\" data-id=\"88a8568\" data-element_type=\"section\" data-e-type=\"section\">\n\t\t\t\t\t\t<div class=\"elementor-container elementor-column-gap-default\">\n\t\t\t\t\t<div class=\"elementor-column elementor-col-50 elementor-top-column elementor-element elementor-element-8440b61\" data-id=\"8440b61\" data-element_type=\"column\" data-e-type=\"column\">\n\t\t\t<div class=\"elementor-widget-wrap elementor-element-populated\">\n\t\t\t\t\t\t<div class=\"elementor-element elementor-element-c908978 elementor-widget elementor-widget-template\" data-id=\"c908978\" data-element_type=\"widget\" data-e-type=\"widget\" data-widget_type=\"template.default\">\n\t\t\t\t<div class=\"elementor-widget-container\">\n\t\t\t\t\t\t\t<div class=\"elementor-template\">\n\t\t\t\t\t<div data-elementor-type=\"page\" data-elementor-id=\"139110\" class=\"elementor elementor-139110 elementor-78071 elementor-78071\" data-elementor-post-type=\"elementor_library\">\n\t\t\t\t\t\t<section class=\"elementor-section elementor-top-section elementor-element elementor-element-129e3bd elementor-section-boxed elementor-section-height-default elementor-section-height-default\" data-id=\"129e3bd\" data-element_type=\"section\" data-e-type=\"section\">\n\t\t\t\t\t\t<div class=\"elementor-container elementor-column-gap-no\">\n\t\t\t\t\t<div class=\"elementor-column elementor-col-100 elementor-top-column elementor-element elementor-element-d9cb6bb\" data-id=\"d9cb6bb\" data-element_type=\"column\" data-e-type=\"column\">\n\t\t\t<div class=\"elementor-widget-wrap elementor-element-populated\">\n\t\t\t\t\t\t<div class=\"elementor-element elementor-element-b5f8dd4 elementor-widget elementor-widget-heading\" data-id=\"b5f8dd4\" data-element_type=\"widget\" data-e-type=\"widget\" data-widget_type=\"heading.default\">\n\t\t\t\t<div class=\"elementor-widget-container\">\n\t\t\t\t\t<h2 class=\"elementor-heading-title elementor-size-default\">Recursos<\/h2>\t\t\t\t<\/div>\n\t\t\t\t<\/div>\n\t\t\t\t<div class=\"elementor-element elementor-element-fffa476 elementor-widget__width-inherit side-menu elementor-widget elementor-widget-ova_menu\" data-id=\"fffa476\" data-element_type=\"widget\" data-e-type=\"widget\" data-widget_type=\"ova_menu.default\">\n\t\t\t\t<div class=\"elementor-widget-container\">\n\t\t\t\t\t\n\t\t<div class=\"ova_menu_clasic\">\n\t\t\t<div class=\"ova_wrap_nav column NavBtn_left NavBtn_left_m\">\n\n\t\t\t\t\t<button class=\"ova_openNav\" aria-label=\"Menu Mobile\">\n\t\t\t\t\t\t<i class=\"fas fa-bars\"><\/i>\n\t\t\t\t\t<\/button>\n\n\t\t\t\t\t<div class=\"ova_nav canvas_left canvas_bg_gray\">\n\t\t\t\t\t\t<a href=\"javascript:void(0)\" class=\"ova_closeNav\"><i class=\"fas fa-times\"><\/i><\/a>\n\t\t\t\t\t\t<ul id=\"menu-side-menu-ressources-es\" class=\"menu sub_menu_dir_right\"><li id=\"menu-item-137810\" class=\"menu-item menu-item-type-custom menu-item-object-custom menu-item-137810\" menu-level=\"1\"><a href=\"https:\/\/aa87.sharepoint.com\/\">Intranet<\/a><\/li>\n<li id=\"menu-item-84982\" class=\"menu-item menu-item-type-custom menu-item-object-custom menu-item-84982\" menu-level=\"1\"><a href=\"https:\/\/www.aa87.org\/es\/eventos\/\">Calendrio<\/a><\/li>\n<li id=\"menu-item-139591\" class=\"menu-item menu-item-type-custom menu-item-object-custom menu-item-139591\" menu-level=\"1\"><a href=\"https:\/\/www.aa87.org\/es\/ressources\/boletin\/\">Bolet\u00edn<\/a><\/li>\n<li id=\"menu-item-139592\" class=\"menu-item menu-item-type-custom menu-item-object-custom menu-item-139592\" menu-level=\"1\"><a href=\"https:\/\/www.aa87.org\/es\/parcourirdesvideos\/\">Viendo vid\u00e9os<\/a><\/li>\n<li id=\"menu-item-84983\" class=\"externalicon menu-item menu-item-type-custom menu-item-object-custom menu-item-84983\" menu-level=\"1\"><a target=\"_blank\" href=\"https:\/\/www.dropbox.com\/sh\/twtz2gne0qc6qnm\/AACwdc53fluTH7veDCF65QHka?dl=0\/\" class=\"externalicon\">Un jour autrefois <img decoding=\"async\" class=\"lienexterne\" src=\"https:\/\/www.aa87.org\/wp-content\/uploads\/2020\/07\/external16.png\" \/><\/a><\/li>\n<li id=\"menu-item-84984\" class=\"externalicon menu-item menu-item-type-custom menu-item-object-custom menu-item-84984\" menu-level=\"1\"><a target=\"_blank\" href=\"https:\/\/www.unjouralafois-emission.org\/\" class=\"externalicon\">Un jour \u00e0 la fois  <img decoding=\"async\" class=\"lienexterne\" src=\"https:\/\/www.aa87.org\/wp-content\/uploads\/2020\/07\/external16.png\" \/><\/a><\/li>\n<li id=\"menu-item-84985\" class=\"externalicon menu-item menu-item-type-custom menu-item-object-custom menu-item-84985\" menu-level=\"1\"><a target=\"_blank\" href=\"https:\/\/www.aa87.org\/es\/ressources\/rq\" class=\"externalicon\">Reflexiones diarias<\/a><\/li>\n<li id=\"menu-item-139593\" class=\"menu-item menu-item-type-custom menu-item-object-custom menu-item-139593\" menu-level=\"1\"><a href=\"https:\/\/www.aa87.org\/es\/ressources\/tous-les-depliants\/\">Todos los folletos<\/a><\/li>\n<li id=\"menu-item-139594\" class=\"menu-item menu-item-type-custom menu-item-object-custom menu-item-139594\" menu-level=\"1\"><a href=\"https:\/\/www.aa87.org\/es\/ressources\/pochette-du-nouveau\/\">Portada de la nueva<\/a><\/li>\n<li id=\"menu-item-137814\" class=\"menu-item menu-item-type-custom menu-item-object-custom menu-item-137814\" menu-level=\"1\"><a href=\"https:\/\/www.aa87.org\/es\/pochettersg\/\">Paquete de RSG<\/a><\/li>\n<li id=\"menu-item-139595\" class=\"menu-item menu-item-type-custom menu-item-object-custom menu-item-139595\" menu-level=\"1\"><a href=\"https:\/\/www.aa87.org\/es\/formularios\/\">Formularios<\/a><\/li>\n<li id=\"menu-item-139596\" class=\"menu-item menu-item-type-custom menu-item-object-custom menu-item-139596\" menu-level=\"1\"><a href=\"https:\/\/www.aa87.org\/es\/congres-a-venir\/\">Pr\u00f3xima Conferencia de AA<\/a><\/li>\n<li id=\"menu-item-139597\" class=\"menu-item menu-item-type-custom menu-item-object-custom menu-item-139597\" menu-level=\"1\"><a href=\"https:\/\/www.aa87.org\/es\/categoria\/servicios\/\">Servicios<\/a><\/li>\n<\/ul>\t\t\t            <div class=\"shortcode\"><\/div>\n\t\t\t\t\t<\/div>\n\n\t\t\t\t<div class=\"ova_closeCanvas ova_closeNav\"><\/div>\n\t\t\t<\/div>\n\t\t<\/div>\n\t\t\n\n\t\t\t\t\t<\/div>\n\t\t\t\t<\/div>\n\t\t\t\t\t<\/div>\n\t\t<\/div>\n\t\t\t\t\t<\/div>\n\t\t<\/section>\n\t\t\t\t<\/div>\n\t\t\t\t<\/div>\n\t\t\t\t\t\t<\/div>\n\t\t\t\t<\/div>\n\t\t\t\t\t<\/div>\n\t\t<\/div>\n\t\t\t\t<div class=\"elementor-column elementor-col-50 elementor-top-column elementor-element elementor-element-947d87b\" data-id=\"947d87b\" data-element_type=\"column\" data-e-type=\"column\" data-settings=\"{&quot;background_background&quot;:&quot;classic&quot;}\">\n\t\t\t<div class=\"elementor-widget-wrap elementor-element-populated\">\n\t\t\t\t\t\t<section class=\"elementor-section elementor-inner-section elementor-element elementor-element-4a46962 elementor-section-boxed elementor-section-height-default elementor-section-height-default\" data-id=\"4a46962\" data-element_type=\"section\" data-e-type=\"section\">\n\t\t\t\t\t\t<div class=\"elementor-container elementor-column-gap-default\">\n\t\t\t\t\t<div class=\"elementor-column elementor-col-50 elementor-inner-column elementor-element elementor-element-8ff760a\" data-id=\"8ff760a\" data-element_type=\"column\" data-e-type=\"column\">\n\t\t\t<div class=\"elementor-widget-wrap elementor-element-populated\">\n\t\t\t\t\t\t<div class=\"elementor-element elementor-element-7186936 elementor-widget elementor-widget-text-editor\" data-id=\"7186936\" data-element_type=\"widget\" data-e-type=\"widget\" data-widget_type=\"text-editor.default\">\n\t\t\t\t<div class=\"elementor-widget-container\">\n\t\t\t\t\t\t\t\t\t<p><a href=\"https:\/\/www.aa87.org\/wp-content\/uploads\/2025\/12\/SP-f-228_sp_0422.pdf\">Folleto en formato PDF<\/a><\/p>\t\t\t\t\t\t\t\t<\/div>\n\t\t\t\t<\/div>\n\t\t\t\t<div class=\"elementor-element elementor-element-c26dbc7 elementor-widget elementor-widget-image\" data-id=\"c26dbc7\" data-element_type=\"widget\" data-e-type=\"widget\" data-widget_type=\"image.default\">\n\t\t\t\t<div class=\"elementor-widget-container\">\n\t\t\t\t\t\t\t\t\t\t\t\t\t\t\t<img fetchpriority=\"high\" decoding=\"async\" width=\"446\" height=\"1024\" src=\"https:\/\/www.aa87.org\/wp-content\/uploads\/2022\/05\/f-228_sp_0422-446x1024.png\" class=\"attachment-large size-large wp-image-99673\" alt=\"\" srcset=\"https:\/\/www.aa87.org\/wp-content\/uploads\/2022\/05\/f-228_sp_0422-446x1024.png 446w, https:\/\/www.aa87.org\/wp-content\/uploads\/2022\/05\/f-228_sp_0422-131x300.png 131w, https:\/\/www.aa87.org\/wp-content\/uploads\/2022\/05\/f-228_sp_0422-669x1536.png 669w, https:\/\/www.aa87.org\/wp-content\/uploads\/2022\/05\/f-228_sp_0422-261x600.png 261w, https:\/\/www.aa87.org\/wp-content\/uploads\/2022\/05\/f-228_sp_0422-244x560.png 244w, https:\/\/www.aa87.org\/wp-content\/uploads\/2022\/05\/f-228_sp_0422.png 740w\" sizes=\"(max-width: 446px) 100vw, 446px\" \/>\t\t\t\t\t\t\t\t\t\t\t\t\t\t\t<\/div>\n\t\t\t\t<\/div>\n\t\t\t\t\t<\/div>\n\t\t<\/div>\n\t\t\t\t<div class=\"elementor-column elementor-col-50 elementor-inner-column elementor-element elementor-element-74f9038\" data-id=\"74f9038\" data-element_type=\"column\" data-e-type=\"column\">\n\t\t\t<div class=\"elementor-widget-wrap elementor-element-populated\">\n\t\t\t\t\t\t<div class=\"elementor-element elementor-element-12d0294 elementor-widget elementor-widget-text-editor\" data-id=\"12d0294\" data-element_type=\"widget\" data-e-type=\"widget\" data-widget_type=\"text-editor.default\">\n\t\t\t\t<div class=\"elementor-widget-container\">\n\t\t\t\t\t\t\t\t\t<p><em>A<sub>lcoh\u00f3licos<\/sub> <\/em><em>A<sub>n\u00f3nimos<\/sub><\/em><em>\u00ae <\/em>es una comunidad de hombres y mujeres que comparten su mutua experiencia, fortaleza y esperanza para resolver su problema com\u00fan y ayudar a otros a recuperarse del alcoholismo.<\/p><ul><li style=\"list-style-type: none;\"><ul><li>El \u00fanico requisito para ser miembro de A. es el deseo de dejar la bebida. Para ser miembro de A.A. no se pagan honorarios ni cuotas; nos mante- nemos con nuestras propias contribuciones.<\/li><\/ul><\/li><\/ul><ul><li style=\"list-style-type: none;\"><ul><li>A. no est\u00e1 afiliada a ninguna secta, religi\u00f3n, partido pol\u00edtico, organizaci\u00f3n o instituci\u00f3n alguna; no desea intervenir en controversias; no respalda ni se opone a ninguna causa.<\/li><li>Nuestro objetivo primordial es mantenernos sobrios y ayudar a otros alcoh\u00f3licos a alcanzar el estado de sobriedad.<\/li><\/ul><\/li><\/ul>\t\t\t\t\t\t\t\t<\/div>\n\t\t\t\t<\/div>\n\t\t\t\t\t<\/div>\n\t\t<\/div>\n\t\t\t\t\t<\/div>\n\t\t<\/section>\n\t\t\t\t<div class=\"elementor-element elementor-element-a7563d3 elementor-widget elementor-widget-text-editor\" data-id=\"a7563d3\" data-element_type=\"widget\" data-e-type=\"widget\" data-widget_type=\"text-editor.default\">\n\t\t\t\t<div class=\"elementor-widget-container\">\n\t\t\t\t\t\t\t\t\t<h4>Tr\u00edptico sobre la seguridad y AA<\/h4>\n<p>Los grupos de AA est\u00e1n conformados por alcoh\u00f3licos que se re\u00fanen con el \u00fanico prop\u00f3sito de mantenerse sobrios y ayudar a otros alcoh\u00f3licos&nbsp;<em style=\"letter-spacing: 0px;\">a alcanzar la sobriedad.<\/em><\/p>\n<p>La seguridad es un tema dentro de AA que los grupos y miembros tal vez tengan que abordar para garantizar que puedan llevar el mensaje al alcoh\u00f3lico que a\u00fan est\u00e1 sufriendo. Nuestras Doce Tradiciones nos ofrecen un conjunto de principios que nos gu\u00edan y la experiencia com- partida adicional espec\u00edfica sobre la seguri- dad que se incluye en este material podr\u00eda ser \u00fatil si surgen situaciones dif\u00edciles en contex- tos presenciales o virtuales.<\/p>\n<p>Ser miembro de AA no significa tener que tolerar acoso sexual, amenazas de violencia, coacci\u00f3n econ\u00f3mica u hostigamiento. Tampoco es acep-<\/p>\n<p>table presionar a los miembros de AA para que adopten un punto de vista o creencia en particular sobre la medicaci\u00f3n, la religi\u00f3n y otras cuestiones externas.<\/p>\n<p>Nadie deber\u00eda tolerar discriminaci\u00f3n por su raza, orientaci\u00f3n sexual, g\u00e9nero, edad u otros motivos cuando busca ayuda en AA.<\/p>\n<p><strong>Recuerde:<\/strong><\/p>\n<p>Si bien la mayor\u00eda de los grupos funcionan con un equilibrio sano de espontaneidad y estructura, hay situaciones que pueden atentar contra la unidad de grupo y poner en riesgo la seguridad del grupo y sus miembros.<\/p>\n<ul>\n<li>Las insinuaciones sexuales no deseadas y los comportamientos abusivos son contrarios a llevar el mensaje de recuperaci\u00f3n de<\/li>\n<li>Puede haber otros comportamientos que suce- den fuera de los horarios de reuni\u00f3n que afecten cu\u00e1n segura se siente una persona para regresar al<\/li>\n<li>Seg\u00fan refleja la Tercera Tradici\u00f3n de AA (forma larga): \u201cNuestra Comunidad debe incluir a todos los que sufren del Por eso, no pode- mos rechazar a nadie que quiera recuperarse\u201d. No obstante, un grupo de AA podr\u00eda pedirle a al- guien que deje de asistir a sus reuniones si altera el orden y la concordia e interfiere con la trans- misi\u00f3n del mensaje. Ninguna entidad de AA pro- pone impedirle a ninguna persona ser miembro de Alcoh\u00f3licos An\u00f3nimos.<\/li>\n<li>Llamar a las autoridades pertinentes no contra- dice las Tradiciones de El anonimato no encubre el comportamiento delictivo. Cualquier conducta dentro de una reuni\u00f3n de AA est\u00e1 sujeta a las mismas leyes que rigen fuera de la reuni\u00f3n.<\/li><\/ul>\n<ul>\n<li>La participaci\u00f3n en negocios, inversiones, pr\u00e9stamos, trabajos o cualquier servicio ofrecido a cambio de un pago no es parte del prop\u00f3sito de un grupo de Si estas actividades ocurren, debe estar claro que lo hacen por fuera de AA.<\/li>\n<li>El \u00fanico requisito para ser miembro de es querer dejar de beber; por eso, los grupos se es- fuerzan por crear un entorno c\u00e1lido y acogedor para el alcoh\u00f3lico que a\u00fan no dej\u00f3 de beber.<\/li>\n<\/ul>\n<h2><strong>Modelos de enunciados <\/strong><strong>sobre seguridad:<\/strong><\/h2>\n<p>Los grupos determinan los formatos de sus reu- niones para que reflejen sus necesidades, su ex- periencia y conciencia de grupo. A continuaci\u00f3n, se incluyen algunos ejemplos utilizados por algu- nos grupos de AA como parte de sus anuncios ini- ciales pensados para crear un espacio de reuni\u00f3n seguro. Por favor, no dude en seleccionar o adap- tar los textos que aparecen en este folleto para que se adecuen a las necesidades de su grupo.<\/p>\n<ul>\n<li><em>Nuestro grupo trata de crear un entorno de reu- ni\u00f3n seguro en el que los alcoh\u00f3licos se puedan enfocar en lograr y mantener la <\/em><\/li>\n<li><em>Tal<\/em> <em>como nos recuerdan nuestras Tradiciones, a pesar de nuestras diferencias personales, nuestro bienestar com\u00fan es esencial y tiene la Por eso, pedimos que los miembros del grupo y otras personas se abstengan de comportarse de cualquier manera que ponga en riesgo el bienes- tar, la seguridad o la capacidad de participar en el grupo de otra persona.<\/em><\/li>\n<li><em>Este <\/em><em>grupo est\u00e1 abierto a todas las personas que buscan ayuda con la <\/em><em>AA es inclusivo, nunca exclusivo.<\/em><\/li>\n<li><em>Cualquier persona que sufra acoso de cual- quier tipo que le dificulte recibir el mensaje de re- cuperaci\u00f3n de AA tiene la potestad de informarle al grupo sobre esa situaci\u00f3n y puede, sin duda alguna, tomar las medidas <\/em><\/li>\n<li><em>Respetamos y protegemos su anonimato; no<\/em><\/li>\n<\/ul>\n<p><em>obstante, todos los asistentes deben saber que nuestro principio de anonimato no significa que un miembro de AA no pueda o deba contactar a las autoridades pertinentes si fuera v\u00edctima de alg\u00fan tipo de comportamiento ilegal por parte de otro miembro de AA o si se enterara de una situa- ci\u00f3n de esa naturaleza.<\/em><\/p>\n<ul>\n<li><em>Cada grupo tiene un solo objetivo primordial: llevar el mensaje al alcoh\u00f3lico que a\u00fan est\u00e1 <\/em><\/li>\n<li><em>Para<\/em> <em>que nuestro grupo pueda llevar adelante la reuni\u00f3n, recuerde que los comportamientos que alteren la paz y el orden no se tolerar\u00e1n. <\/em><em>Este<\/em> <em>grupo define tales comportamientos como: [incluir ejemplos].<\/em><\/li>\n<\/ul>\n<h2><strong>Algunas sugerencias:<\/strong><\/h2>\n<ul>\n<li>Cuando haya conversaciones sobre la seguri- dad, conc\u00e9ntrense en nuestro prop\u00f3sito primor- dial, nuestro bienestar com\u00fan y anteponer los principios a las<\/li>\n<li>Comunicar claramente qu\u00e9 es y qu\u00e9 no es<\/li>\n<li>Para concientizar sobre la seguridad, debatan el tema en las reuniones de conciencia de grupo, mesas de trabajo de servicio y, cuando sea perti- nente, con un padrino o una<\/li>\n<li>Considerar la creaci\u00f3n de gu\u00edas generales y procedimientos de seguridad para el<\/li>\n<li>Considerar la inclusi\u00f3n de la seguridad como tema del inventario de<\/li>\n<li>Si surgen inquietudes, conversar con un pa- drino o una madrina, un amigo de confianza o un profesional para abordar la situaci\u00f3n.<\/li>\n<li>Contactar al Miembro del Comit\u00e9 de Distrito (MCD) o delegado de \u00e1rea para obtener expe- riencia compartida<\/li>\n<\/ul>\n<h2><strong>Emergencias:<\/strong><\/h2>\n<p>En las reuniones puede haber emergencias m\u00e9dicas, incendios, etc. Para lidiar con esas si- tuaciones, los grupos pueden elaborar planes y procedimientos, muchas veces luego de consul- tar con los propietarios del lugar o las autoridades locales. Es m\u00e1s importante atender la situaci\u00f3n<\/p>\n<p><\/p>\n<p><\/p>\n<p>de emergencia que continuar con la reuni\u00f3n y en situaciones cr\u00edticas lo mejor es llamar al servicio de emergencias. Se sugiere que los grupos y miembros que tengan preguntas sobre la salud y la seguridad contacten a las autoridades sanita- rias nacionales, estatales \/ provinciales y locales para obtener la informaci\u00f3n correspondiente.<\/p>\n<h2><strong>La seguridad<\/strong><\/h2>\n<p><strong>y AA en la era digital<\/strong><\/p>\n<p>Internet y las plataformas de redes sociales han afectado en gran medida c\u00f3mo los miembros de AA interact\u00faan entre ellos y con los miembros po- tenciales. En lo que respecta a la seguridad, los principios que aplican a los contextos de AA pre- senciales tambi\u00e9n aplican a los contextos de AA telef\u00f3nicos, en l\u00ednea o en las redes sociales.<\/p>\n<p><\/p>\n<h2><strong>Recursos de AA relacionados:<\/strong><\/h2>\n<p><a href=\"http:\/\/www.aa.org\/\">www.aa.org<\/a><\/p>\n<ul>\n<li>Las Doce Tradiciones de AA<\/li>\n<li>El material de servicio \u201cLa seguridad y AA: Nuestro bienestar com\u00fan\u201d (SMF-209)<\/li>\n<li>\u201c<em>Tarjeta<\/em> <em>amarilla <\/em>de seguridad para los grupos de AA\u201d (SF-211)<\/li>\n<li>Material de servicio \u201cInformaci\u00f3n sobre AA\u201d (SF-2)<\/li>\n<li>El folleto de AA \u201cEl grupo de A\u2026. Donde todo comienza\u201d (SP-16)<\/li>\n<li>El folleto de AA \u201cPreguntas y respuestas sobre el apadrinamiento\u201d (SP-15)<\/li>\n<li>El folleto de AA \u201cPreguntas frecuentes acerca de AA\u201d (SP-2)<\/li>\n<li>\u201cEl miembro de AA \u2014 Medicamentos y otras drogas\u201d (SP-11)<\/li>\n<\/ul>\n<p><\/p>\n<p><\/p>\n<p><\/p>\n<p><\/p>\n<p><\/p>\n<p><\/p>\n<p><\/p>\n<p><\/p>\n<p><\/p>\n<p><\/p>\n<p><\/p>\n<p><\/p>\n<p>Tal como lo refleja la Cuarta Tradici\u00f3n, la formaci\u00f3n y el funcionamiento de un grupo de AA residen en la conciencia de grupo de sus miembros. A partir de una conciencia informada, los grupos de AA encuentran las soluciones a los problemas de su grupo. Las entidades de servicio como las \u00e1reas, los distritos y las oficinas centrales o intergrupos est\u00e1n disponibles para ayudar a brindar servicios de AA y experiencia compartida<em>. <\/em>Todos los gru- pos y las entidades de AA son aut\u00f3nomos. En AA no hay un gobierno ni una autoridad central que controle o dirija a sus miembros, pero s\u00ed compar- timos nuestra experiencia, fortaleza y esperanza.<\/p>\t\t\t\t\t\t\t\t<\/div>\n\t\t\t\t<\/div>\n\t\t\t\t\t<\/div>\n\t\t<\/div>\n\t\t\t\t\t<\/div>\n\t\t<\/section>\n\t\t\t\t<\/div>\n\t\t","protected":false},"excerpt":{"rendered":"<p>Folleto en formato PDF Alcoh\u00f3licos An\u00f3nimos\u00ae es una comunidad de hombres y mujeres que comparten su mutua experiencia, fortaleza y esperanza para resolver su problema com\u00fan y ayudar a otros [&hellip;]<\/p>\n","protected":false},"author":2,"featured_media":0,"parent":84924,"menu_order":0,"comment_status":"closed","ping_status":"closed","template":"elementor_header_footer","meta":{"_price":"","_stock":"","_tribe_ticket_header":"","_tribe_default_ticket_provider":"","_ticket_start_date":"","_ticket_end_date":"","_tribe_ticket_show_description":"","_tribe_ticket_show_not_going":false,"_tribe_ticket_use_global_stock":"","_tribe_ticket_global_stock_level":"","_global_stock_mode":"","_global_stock_cap":"","_tribe_rsvp_for_event":"","_tribe_ticket_going_count":"","_tribe_ticket_not_going_count":"","_tribe_tickets_list":"[]","_tribe_ticket_has_attendee_info_fields":false,"footnotes":"","_tec_slr_enabled":"","_tec_slr_layout":""},"class_list":["post-141752","page","type-page","status-publish","hentry"],"aioseo_notices":[],"publishpress_future_action":{"enabled":false,"date":"2026-04-28 09:52:15","action":"change-status","newStatus":"draft","terms":[],"taxonomy":"translation_priority","extraData":[]},"publishpress_future_workflow_manual_trigger":{"enabledWorkflows":[]},"ticketed":false,"_links":{"self":[{"href":"https:\/\/www.aa87.org\/es\/wp-json\/wp\/v2\/pages\/141752","targetHints":{"allow":["GET"]}}],"collection":[{"href":"https:\/\/www.aa87.org\/es\/wp-json\/wp\/v2\/pages"}],"about":[{"href":"https:\/\/www.aa87.org\/es\/wp-json\/wp\/v2\/types\/page"}],"author":[{"embeddable":true,"href":"https:\/\/www.aa87.org\/es\/wp-json\/wp\/v2\/users\/2"}],"replies":[{"embeddable":true,"href":"https:\/\/www.aa87.org\/es\/wp-json\/wp\/v2\/comments?post=141752"}],"version-history":[{"count":7,"href":"https:\/\/www.aa87.org\/es\/wp-json\/wp\/v2\/pages\/141752\/revisions"}],"predecessor-version":[{"id":141776,"href":"https:\/\/www.aa87.org\/es\/wp-json\/wp\/v2\/pages\/141752\/revisions\/141776"}],"up":[{"embeddable":true,"href":"https:\/\/www.aa87.org\/es\/wp-json\/wp\/v2\/pages\/84924"}],"wp:attachment":[{"href":"https:\/\/www.aa87.org\/es\/wp-json\/wp\/v2\/media?parent=141752"}],"curies":[{"name":"wp","href":"https:\/\/api.w.org\/{rel}","templated":true}]}}