{"id":141816,"date":"2024-06-24T09:22:48","date_gmt":"2024-06-24T13:22:48","guid":{"rendered":"https:\/\/www.aa87.org\/ressources\/tous-les-depliants\/carte-sur-la-securite-pour-les-groupes-des-aa\/"},"modified":"2025-12-14T20:14:15","modified_gmt":"2025-12-15T01:14:15","slug":"carte-sur-la-securite-pour-les-groupes-des-aa","status":"publish","type":"page","link":"https:\/\/www.aa87.org\/es\/ressources\/tous-les-depliants\/carte-sur-la-securite-pour-les-groupes-des-aa\/","title":{"rendered":"Tarjeta de Seguridad para los Grupos de A.A."},"content":{"rendered":"\t\t<div data-elementor-type=\"wp-page\" data-elementor-id=\"141816\" class=\"elementor elementor-141816 elementor-120071\" data-elementor-post-type=\"page\">\n\t\t\t\t\t\t<section class=\"elementor-section elementor-top-section elementor-element elementor-element-9e6f001 elementor-section-full_width elementor-section-height-default elementor-section-height-default\" data-id=\"9e6f001\" data-element_type=\"section\" data-e-type=\"section\">\n\t\t\t\t\t\t<div class=\"elementor-container elementor-column-gap-default\">\n\t\t\t\t\t<div class=\"elementor-column elementor-col-50 elementor-top-column elementor-element elementor-element-b6ff86c\" data-id=\"b6ff86c\" data-element_type=\"column\" data-e-type=\"column\">\n\t\t\t<div class=\"elementor-widget-wrap elementor-element-populated\">\n\t\t\t\t\t\t<div class=\"elementor-element elementor-element-6966e48 elementor-widget elementor-widget-template\" data-id=\"6966e48\" data-element_type=\"widget\" data-e-type=\"widget\" data-widget_type=\"template.default\">\n\t\t\t\t<div class=\"elementor-widget-container\">\n\t\t\t\t\t\t\t<div class=\"elementor-template\">\n\t\t\t\t\t<div data-elementor-type=\"page\" data-elementor-id=\"139110\" class=\"elementor elementor-139110 elementor-78071 elementor-78071\" data-elementor-post-type=\"elementor_library\">\n\t\t\t\t\t\t<section class=\"elementor-section elementor-top-section elementor-element elementor-element-129e3bd elementor-section-boxed elementor-section-height-default elementor-section-height-default\" data-id=\"129e3bd\" data-element_type=\"section\" data-e-type=\"section\">\n\t\t\t\t\t\t<div class=\"elementor-container elementor-column-gap-no\">\n\t\t\t\t\t<div class=\"elementor-column elementor-col-100 elementor-top-column elementor-element elementor-element-d9cb6bb\" data-id=\"d9cb6bb\" data-element_type=\"column\" data-e-type=\"column\">\n\t\t\t<div class=\"elementor-widget-wrap elementor-element-populated\">\n\t\t\t\t\t\t<div class=\"elementor-element elementor-element-b5f8dd4 elementor-widget elementor-widget-heading\" data-id=\"b5f8dd4\" data-element_type=\"widget\" data-e-type=\"widget\" data-widget_type=\"heading.default\">\n\t\t\t\t<div class=\"elementor-widget-container\">\n\t\t\t\t\t<h2 class=\"elementor-heading-title elementor-size-default\">Recursos<\/h2>\t\t\t\t<\/div>\n\t\t\t\t<\/div>\n\t\t\t\t<div class=\"elementor-element elementor-element-fffa476 elementor-widget__width-inherit side-menu elementor-widget elementor-widget-ova_menu\" data-id=\"fffa476\" data-element_type=\"widget\" data-e-type=\"widget\" data-widget_type=\"ova_menu.default\">\n\t\t\t\t<div class=\"elementor-widget-container\">\n\t\t\t\t\t\n\t\t<div class=\"ova_menu_clasic\">\n\t\t\t<div class=\"ova_wrap_nav column NavBtn_left NavBtn_left_m\">\n\n\t\t\t\t\t<button class=\"ova_openNav\" aria-label=\"Menu Mobile\">\n\t\t\t\t\t\t<i class=\"fas fa-bars\"><\/i>\n\t\t\t\t\t<\/button>\n\n\t\t\t\t\t<div class=\"ova_nav canvas_left canvas_bg_gray\">\n\t\t\t\t\t\t<a href=\"javascript:void(0)\" class=\"ova_closeNav\"><i class=\"fas fa-times\"><\/i><\/a>\n\t\t\t\t\t\t<ul id=\"menu-side-menu-ressources-es\" class=\"menu sub_menu_dir_right\"><li id=\"menu-item-137810\" class=\"menu-item menu-item-type-custom menu-item-object-custom menu-item-137810\" menu-level=\"1\"><a href=\"https:\/\/aa87.sharepoint.com\/\">Intranet<\/a><\/li>\n<li id=\"menu-item-84982\" class=\"menu-item menu-item-type-custom menu-item-object-custom menu-item-84982\" menu-level=\"1\"><a href=\"https:\/\/www.aa87.org\/es\/eventos\/\">Calendrio<\/a><\/li>\n<li id=\"menu-item-139591\" class=\"menu-item menu-item-type-custom menu-item-object-custom menu-item-139591\" menu-level=\"1\"><a href=\"https:\/\/www.aa87.org\/es\/ressources\/boletin\/\">Bolet\u00edn<\/a><\/li>\n<li id=\"menu-item-139592\" class=\"menu-item menu-item-type-custom menu-item-object-custom menu-item-139592\" menu-level=\"1\"><a href=\"https:\/\/www.aa87.org\/es\/parcourirdesvideos\/\">Viendo vid\u00e9os<\/a><\/li>\n<li id=\"menu-item-84983\" class=\"externalicon menu-item menu-item-type-custom menu-item-object-custom menu-item-84983\" menu-level=\"1\"><a target=\"_blank\" href=\"https:\/\/www.dropbox.com\/sh\/twtz2gne0qc6qnm\/AACwdc53fluTH7veDCF65QHka?dl=0\/\" class=\"externalicon\">Un jour autrefois <img decoding=\"async\" class=\"lienexterne\" src=\"https:\/\/www.aa87.org\/wp-content\/uploads\/2020\/07\/external16.png\" \/><\/a><\/li>\n<li id=\"menu-item-84984\" class=\"externalicon menu-item menu-item-type-custom menu-item-object-custom menu-item-84984\" menu-level=\"1\"><a target=\"_blank\" href=\"https:\/\/www.unjouralafois-emission.org\/\" class=\"externalicon\">Un jour \u00e0 la fois  <img decoding=\"async\" class=\"lienexterne\" src=\"https:\/\/www.aa87.org\/wp-content\/uploads\/2020\/07\/external16.png\" \/><\/a><\/li>\n<li id=\"menu-item-84985\" class=\"externalicon menu-item menu-item-type-custom menu-item-object-custom menu-item-84985\" menu-level=\"1\"><a target=\"_blank\" href=\"https:\/\/www.aa87.org\/es\/ressources\/rq\" class=\"externalicon\">Reflexiones diarias<\/a><\/li>\n<li id=\"menu-item-139593\" class=\"menu-item menu-item-type-custom menu-item-object-custom menu-item-139593\" menu-level=\"1\"><a href=\"https:\/\/www.aa87.org\/es\/ressources\/tous-les-depliants\/\">Todos los folletos<\/a><\/li>\n<li id=\"menu-item-139594\" class=\"menu-item menu-item-type-custom menu-item-object-custom menu-item-139594\" menu-level=\"1\"><a href=\"https:\/\/www.aa87.org\/es\/ressources\/pochette-du-nouveau\/\">Portada de la nueva<\/a><\/li>\n<li id=\"menu-item-137814\" class=\"menu-item menu-item-type-custom menu-item-object-custom menu-item-137814\" menu-level=\"1\"><a href=\"https:\/\/www.aa87.org\/es\/pochettersg\/\">Paquete de RSG<\/a><\/li>\n<li id=\"menu-item-139595\" class=\"menu-item menu-item-type-custom menu-item-object-custom menu-item-139595\" menu-level=\"1\"><a href=\"https:\/\/www.aa87.org\/es\/formularios\/\">Formularios<\/a><\/li>\n<li id=\"menu-item-139596\" class=\"menu-item menu-item-type-custom menu-item-object-custom menu-item-139596\" menu-level=\"1\"><a href=\"https:\/\/www.aa87.org\/es\/congres-a-venir\/\">Pr\u00f3xima Conferencia de AA<\/a><\/li>\n<li id=\"menu-item-139597\" class=\"menu-item menu-item-type-custom menu-item-object-custom menu-item-139597\" menu-level=\"1\"><a href=\"https:\/\/www.aa87.org\/es\/categoria\/servicios\/\">Servicios<\/a><\/li>\n<\/ul>\t\t\t            <div class=\"shortcode\"><\/div>\n\t\t\t\t\t<\/div>\n\n\t\t\t\t<div class=\"ova_closeCanvas ova_closeNav\"><\/div>\n\t\t\t<\/div>\n\t\t<\/div>\n\t\t\n\n\t\t\t\t\t<\/div>\n\t\t\t\t<\/div>\n\t\t\t\t\t<\/div>\n\t\t<\/div>\n\t\t\t\t\t<\/div>\n\t\t<\/section>\n\t\t\t\t<\/div>\n\t\t\t\t<\/div>\n\t\t\t\t\t\t<\/div>\n\t\t\t\t<\/div>\n\t\t\t\t\t<\/div>\n\t\t<\/div>\n\t\t\t\t<div class=\"elementor-column elementor-col-50 elementor-top-column elementor-element elementor-element-1abe458\" data-id=\"1abe458\" data-element_type=\"column\" data-e-type=\"column\" data-settings=\"{&quot;background_background&quot;:&quot;classic&quot;}\">\n\t\t\t<div class=\"elementor-widget-wrap elementor-element-populated\">\n\t\t\t\t\t\t<section class=\"elementor-section elementor-inner-section elementor-element elementor-element-14200ce elementor-section-boxed elementor-section-height-default elementor-section-height-default\" data-id=\"14200ce\" data-element_type=\"section\" data-e-type=\"section\">\n\t\t\t\t\t\t<div class=\"elementor-container elementor-column-gap-default\">\n\t\t\t\t\t<div class=\"elementor-column elementor-col-50 elementor-inner-column elementor-element elementor-element-b33e021\" data-id=\"b33e021\" data-element_type=\"column\" data-e-type=\"column\">\n\t\t\t<div class=\"elementor-widget-wrap elementor-element-populated\">\n\t\t\t\t\t\t<div class=\"elementor-element elementor-element-b5b6697 elementor-widget elementor-widget-text-editor\" data-id=\"b5b6697\" data-element_type=\"widget\" data-e-type=\"widget\" data-widget_type=\"text-editor.default\">\n\t\t\t\t<div class=\"elementor-widget-container\">\n\t\t\t\t\t\t\t\t\t<p><a href=\"https:\/\/www.aa87.org\/wp-content\/uploads\/2025\/12\/SF-211_1225.pdf\">Folleto en formato PDF<\/a><\/p>\t\t\t\t\t\t\t\t<\/div>\n\t\t\t\t<\/div>\n\t\t\t\t<div class=\"elementor-element elementor-element-9e61e3c elementor-widget elementor-widget-image\" data-id=\"9e61e3c\" data-element_type=\"widget\" data-e-type=\"widget\" data-widget_type=\"image.default\">\n\t\t\t\t<div class=\"elementor-widget-container\">\n\t\t\t\t\t\t\t\t\t\t\t\t\t\t\t<img fetchpriority=\"high\" decoding=\"async\" width=\"1024\" height=\"751\" src=\"https:\/\/www.aa87.org\/wp-content\/uploads\/2025\/12\/f-211_sp_0422-1024x751.png\" class=\"attachment-large size-large wp-image-141839\" alt=\"\" srcset=\"https:\/\/www.aa87.org\/wp-content\/uploads\/2025\/12\/f-211_sp_0422-1024x751.png 1024w, https:\/\/www.aa87.org\/wp-content\/uploads\/2025\/12\/f-211_sp_0422-300x220.png 300w, https:\/\/www.aa87.org\/wp-content\/uploads\/2025\/12\/f-211_sp_0422-768x563.png 768w, https:\/\/www.aa87.org\/wp-content\/uploads\/2025\/12\/f-211_sp_0422-600x440.png 600w, https:\/\/www.aa87.org\/wp-content\/uploads\/2025\/12\/f-211_sp_0422-560x411.png 560w, https:\/\/www.aa87.org\/wp-content\/uploads\/2025\/12\/f-211_sp_0422.png 1500w\" sizes=\"(max-width: 1024px) 100vw, 1024px\" \/>\t\t\t\t\t\t\t\t\t\t\t\t\t\t\t<\/div>\n\t\t\t\t<\/div>\n\t\t\t\t\t<\/div>\n\t\t<\/div>\n\t\t\t\t<div class=\"elementor-column elementor-col-50 elementor-inner-column elementor-element elementor-element-96e20b1\" data-id=\"96e20b1\" data-element_type=\"column\" data-e-type=\"column\">\n\t\t\t<div class=\"elementor-widget-wrap elementor-element-populated\">\n\t\t\t\t\t\t<div class=\"elementor-element elementor-element-c0456df elementor-widget elementor-widget-text-editor\" data-id=\"c0456df\" data-element_type=\"widget\" data-e-type=\"widget\" data-widget_type=\"text-editor.default\">\n\t\t\t\t<div class=\"elementor-widget-container\">\n\t\t\t\t\t\t\t\t\t<p>Alcoh\u00f3licos An\u00f3nimos\u00ae es una comunidad de<br \/>hombres y mujeres que comparten su mutua experiencia, fortaleza y esperanza para resolver su problema com\u00fan y ayudar a otros a recuperarse del alcoholismo.<\/p><p style=\"padding-left: 40px;\">\u2022 El \u00fanico requisito para ser miembro de A.A. es el deseo de dejar la bebida. Para ser miembro de A.A. no se pagan honorarios ni cuotas; nos mantenemos con nuestras propias contribuciones.<br \/>\u2022 A.A. no est\u00e1 afiliada a ninguna secta, religi\u00f3n, partido pol\u00edtico, organizaci\u00f3n o instituci\u00f3n alguna; no desea intervenir en controversias; no respalda ni se opone a ninguna causa.<br \/>\u2022 Nuestro objetivo primordial es mantenernos sobrios y ayudar a otros alcoh\u00f3licos a alcanzar el estado de sobriedad.<\/p>\t\t\t\t\t\t\t\t<\/div>\n\t\t\t\t<\/div>\n\t\t\t\t\t<\/div>\n\t\t<\/div>\n\t\t\t\t\t<\/div>\n\t\t<\/section>\n\t\t\t\t<div class=\"elementor-element elementor-element-167b523 elementor-widget elementor-widget-image\" data-id=\"167b523\" data-element_type=\"widget\" data-e-type=\"widget\" data-widget_type=\"image.default\">\n\t\t\t\t<div class=\"elementor-widget-container\">\n\t\t\t\t\t\t\t\t\t\t\t\t\t\t\t<img fetchpriority=\"high\" decoding=\"async\" width=\"1024\" height=\"751\" src=\"https:\/\/www.aa87.org\/wp-content\/uploads\/2025\/12\/f-211_sp_0422-1024x751.png\" class=\"attachment-large size-large wp-image-141839\" alt=\"\" srcset=\"https:\/\/www.aa87.org\/wp-content\/uploads\/2025\/12\/f-211_sp_0422-1024x751.png 1024w, https:\/\/www.aa87.org\/wp-content\/uploads\/2025\/12\/f-211_sp_0422-300x220.png 300w, https:\/\/www.aa87.org\/wp-content\/uploads\/2025\/12\/f-211_sp_0422-768x563.png 768w, https:\/\/www.aa87.org\/wp-content\/uploads\/2025\/12\/f-211_sp_0422-600x440.png 600w, https:\/\/www.aa87.org\/wp-content\/uploads\/2025\/12\/f-211_sp_0422-560x411.png 560w, https:\/\/www.aa87.org\/wp-content\/uploads\/2025\/12\/f-211_sp_0422.png 1500w\" sizes=\"(max-width: 1024px) 100vw, 1024px\" \/>\t\t\t\t\t\t\t\t\t\t\t\t\t\t\t<\/div>\n\t\t\t\t<\/div>\n\t\t\t\t<div class=\"elementor-element elementor-element-d11238a elementor-widget elementor-widget-image\" data-id=\"d11238a\" data-element_type=\"widget\" data-e-type=\"widget\" data-widget_type=\"image.default\">\n\t\t\t\t<div class=\"elementor-widget-container\">\n\t\t\t\t\t\t\t\t\t\t\t\t\t\t\t<img decoding=\"async\" width=\"1024\" height=\"751\" src=\"https:\/\/www.aa87.org\/wp-content\/uploads\/2025\/12\/f-211_sp_0422-2-1024x751.png\" class=\"attachment-large size-large wp-image-141842\" alt=\"\" srcset=\"https:\/\/www.aa87.org\/wp-content\/uploads\/2025\/12\/f-211_sp_0422-2-1024x751.png 1024w, https:\/\/www.aa87.org\/wp-content\/uploads\/2025\/12\/f-211_sp_0422-2-300x220.png 300w, https:\/\/www.aa87.org\/wp-content\/uploads\/2025\/12\/f-211_sp_0422-2-768x563.png 768w, https:\/\/www.aa87.org\/wp-content\/uploads\/2025\/12\/f-211_sp_0422-2-600x440.png 600w, https:\/\/www.aa87.org\/wp-content\/uploads\/2025\/12\/f-211_sp_0422-2-560x411.png 560w, https:\/\/www.aa87.org\/wp-content\/uploads\/2025\/12\/f-211_sp_0422-2.png 1500w\" sizes=\"(max-width: 1024px) 100vw, 1024px\" \/>\t\t\t\t\t\t\t\t\t\t\t\t\t\t\t<\/div>\n\t\t\t\t<\/div>\n\t\t\t\t\t<\/div>\n\t\t<\/div>\n\t\t\t\t\t<\/div>\n\t\t<\/section>\n\t\t\t\t<\/div>\n\t\t","protected":false},"excerpt":{"rendered":"<p>Folleto en formato PDF Alcoh\u00f3licos An\u00f3nimos\u00ae es una comunidad dehombres y mujeres que comparten su mutua experiencia, fortaleza y esperanza para resolver su problema com\u00fan y ayudar a otros a [&hellip;]<\/p>\n","protected":false},"author":2,"featured_media":0,"parent":84924,"menu_order":0,"comment_status":"closed","ping_status":"closed","template":"","meta":{"_price":"","_stock":"","_tribe_ticket_header":"","_tribe_default_ticket_provider":"","_ticket_start_date":"","_ticket_end_date":"","_tribe_ticket_show_description":"","_tribe_ticket_show_not_going":false,"_tribe_ticket_use_global_stock":"","_tribe_ticket_global_stock_level":"","_global_stock_mode":"","_global_stock_cap":"","_tribe_rsvp_for_event":"","_tribe_ticket_going_count":"","_tribe_ticket_not_going_count":"","_tribe_tickets_list":"[]","_tribe_ticket_has_attendee_info_fields":false,"footnotes":"","_tec_slr_enabled":"","_tec_slr_layout":""},"class_list":["post-141816","page","type-page","status-publish","hentry"],"aioseo_notices":[],"publishpress_future_action":{"enabled":false,"date":"2026-04-25 09:04:27","action":"change-status","newStatus":"draft","terms":[],"taxonomy":"translation_priority","extraData":[]},"publishpress_future_workflow_manual_trigger":{"enabledWorkflows":[]},"ticketed":false,"_links":{"self":[{"href":"https:\/\/www.aa87.org\/es\/wp-json\/wp\/v2\/pages\/141816","targetHints":{"allow":["GET"]}}],"collection":[{"href":"https:\/\/www.aa87.org\/es\/wp-json\/wp\/v2\/pages"}],"about":[{"href":"https:\/\/www.aa87.org\/es\/wp-json\/wp\/v2\/types\/page"}],"author":[{"embeddable":true,"href":"https:\/\/www.aa87.org\/es\/wp-json\/wp\/v2\/users\/2"}],"replies":[{"embeddable":true,"href":"https:\/\/www.aa87.org\/es\/wp-json\/wp\/v2\/comments?post=141816"}],"version-history":[{"count":9,"href":"https:\/\/www.aa87.org\/es\/wp-json\/wp\/v2\/pages\/141816\/revisions"}],"predecessor-version":[{"id":141857,"href":"https:\/\/www.aa87.org\/es\/wp-json\/wp\/v2\/pages\/141816\/revisions\/141857"}],"up":[{"embeddable":true,"href":"https:\/\/www.aa87.org\/es\/wp-json\/wp\/v2\/pages\/84924"}],"wp:attachment":[{"href":"https:\/\/www.aa87.org\/es\/wp-json\/wp\/v2\/media?parent=141816"}],"curies":[{"name":"wp","href":"https:\/\/api.w.org\/{rel}","templated":true}]}}