{"id":84856,"date":"2022-05-11T15:39:54","date_gmt":"2022-05-11T19:39:54","guid":{"rendered":"https:\/\/www.aa87.org\/miembros\/bureau-de-service-regional-bsr\/"},"modified":"2025-10-04T07:51:14","modified_gmt":"2025-10-04T11:51:14","slug":"oficina-del-area-87","status":"publish","type":"page","link":"https:\/\/www.aa87.org\/es\/miembros\/oficina-del-area-87\/","title":{"rendered":"Oficina del \u00c1rea 87"},"content":{"rendered":"\t\t<div data-elementor-type=\"wp-page\" data-elementor-id=\"84856\" class=\"elementor elementor-84856 elementor-79302\" data-elementor-post-type=\"page\">\n\t\t\t\t\t\t<section class=\"elementor-section elementor-top-section elementor-element elementor-element-e1dd29d elementor-section-boxed elementor-section-height-default elementor-section-height-default\" data-id=\"e1dd29d\" data-element_type=\"section\" data-e-type=\"section\">\n\t\t\t\t\t\t<div class=\"elementor-container elementor-column-gap-default\">\n\t\t\t\t\t<div class=\"elementor-column elementor-col-50 elementor-top-column elementor-element elementor-element-72ce8f4\" data-id=\"72ce8f4\" data-element_type=\"column\" data-e-type=\"column\">\n\t\t\t<div class=\"elementor-widget-wrap elementor-element-populated\">\n\t\t\t\t\t\t<div class=\"elementor-element elementor-element-a08c09f elementor-widget elementor-widget-template\" data-id=\"a08c09f\" data-element_type=\"widget\" data-e-type=\"widget\" data-widget_type=\"template.default\">\n\t\t\t\t<div class=\"elementor-widget-container\">\n\t\t\t\t\t\t\t<div class=\"elementor-template\">\n\t\t\t\t\t<div data-elementor-type=\"page\" data-elementor-id=\"85072\" class=\"elementor elementor-85072 elementor-78043 elementor-78043\" data-elementor-post-type=\"elementor_library\">\n\t\t\t\t\t\t<section class=\"elementor-section elementor-top-section elementor-element elementor-element-41bf438 elementor-section-boxed elementor-section-height-default elementor-section-height-default\" data-id=\"41bf438\" data-element_type=\"section\" data-e-type=\"section\">\n\t\t\t\t\t\t<div class=\"elementor-container elementor-column-gap-no\">\n\t\t\t\t\t<div class=\"elementor-column elementor-col-100 elementor-top-column elementor-element elementor-element-7e48ae9\" data-id=\"7e48ae9\" data-element_type=\"column\" data-e-type=\"column\">\n\t\t\t<div class=\"elementor-widget-wrap elementor-element-populated\">\n\t\t\t\t\t\t<div class=\"elementor-element elementor-element-a42ecb3 elementor-widget elementor-widget-heading\" data-id=\"a42ecb3\" data-element_type=\"widget\" data-e-type=\"widget\" data-widget_type=\"heading.default\">\n\t\t\t\t<div class=\"elementor-widget-container\">\n\t\t\t\t\t<h2 class=\"elementor-heading-title elementor-size-default\">Miembros<\/h2>\t\t\t\t<\/div>\n\t\t\t\t<\/div>\n\t\t\t\t<div class=\"elementor-element elementor-element-890944a elementor-widget__width-inherit side-menu elementor-widget elementor-widget-ova_menu\" data-id=\"890944a\" data-element_type=\"widget\" data-e-type=\"widget\" data-widget_type=\"ova_menu.default\">\n\t\t\t\t<div class=\"elementor-widget-container\">\n\t\t\t\t\t\n\t\t<div class=\"ova_menu_clasic\">\n\t\t\t<div class=\"ova_wrap_nav column NavBtn_left NavBtn_left_m\">\n\n\t\t\t\t\t<button class=\"ova_openNav\" aria-label=\"Menu Mobile\">\n\t\t\t\t\t\t<i class=\"fas fa-bars\"><\/i>\n\t\t\t\t\t<\/button>\n\n\t\t\t\t\t<div class=\"ova_nav canvas_left canvas_bg_gray\">\n\t\t\t\t\t\t<a href=\"javascript:void(0)\" class=\"ova_closeNav\"><i class=\"fas fa-times\"><\/i><\/a>\n\t\t\t\t\t\t<ul id=\"menu-side-menu-membres-es\" class=\"menu sub_menu_dir_right\"><li id=\"menu-item-146913\" class=\"menu-item menu-item-type-post_type menu-item-object-page menu-item-146913\" menu-level=\"1\"><a href=\"https:\/\/www.aa87.org\/es\/miembros\/distritos\/\">Distritos<\/a><\/li>\n<li id=\"menu-item-146914\" class=\"menu-item menu-item-type-post_type menu-item-object-page menu-item-146914\" menu-level=\"1\"><a href=\"https:\/\/www.aa87.org\/es\/miembros\/comites\/\">Comit\u00e9s<\/a><\/li>\n<li id=\"menu-item-146915\" class=\"menu-item menu-item-type-post_type menu-item-object-page menu-item-146915\" menu-level=\"1\"><a href=\"https:\/\/www.aa87.org\/es\/miembros\/asamblea-regional\/\">Asamblea Regional<\/a><\/li>\n<li id=\"menu-item-146916\" class=\"menu-item menu-item-type-post_type menu-item-object-page menu-item-146916\" menu-level=\"1\"><a href=\"https:\/\/www.aa87.org\/es\/miembros\/el-comite-de-area\/\">El Comit\u00e9 de \u00c1rea<\/a><\/li>\n<li id=\"menu-item-146917\" class=\"menu-item menu-item-type-post_type menu-item-object-page menu-item-146917\" menu-level=\"1\"><a href=\"https:\/\/www.aa87.org\/es\/miembros\/comite-de-direcion-de-area\/\">Comit\u00e9 de direcion de \u00c1rea<\/a><\/li>\n<li id=\"menu-item-146918\" class=\"menu-item menu-item-type-post_type menu-item-object-page menu-item-146918\" menu-level=\"1\"><a href=\"https:\/\/www.aa87.org\/es\/miembros\/oficina-del-area-87\/\">Oficina del \u00c1rea 87<\/a><\/li>\n<li id=\"menu-item-146919\" class=\"menu-item menu-item-type-post_type menu-item-object-page menu-item-146919\" menu-level=\"1\"><a href=\"https:\/\/www.aa87.org\/es\/miembros\/magasin-du-bsr\/\">Tienda OSR<\/a><\/li>\n<li id=\"menu-item-146920\" class=\"menu-item menu-item-type-post_type menu-item-object-page menu-item-146920\" menu-level=\"1\"><a href=\"https:\/\/www.aa87.org\/es\/miembros\/el-rincon-del-delegado\/\">El rinc\u00f3n del Delegado<\/a><\/li>\n<\/ul>\t\t\t            <div class=\"shortcode\"><\/div>\n\t\t\t\t\t<\/div>\n\n\t\t\t\t<div class=\"ova_closeCanvas ova_closeNav\"><\/div>\n\t\t\t<\/div>\n\t\t<\/div>\n\t\t\n\n\t\t\t\t\t<\/div>\n\t\t\t\t<\/div>\n\t\t\t\t\t<\/div>\n\t\t<\/div>\n\t\t\t\t\t<\/div>\n\t\t<\/section>\n\t\t\t\t<\/div>\n\t\t\t\t<\/div>\n\t\t\t\t\t\t<\/div>\n\t\t\t\t<\/div>\n\t\t\t\t\t<\/div>\n\t\t<\/div>\n\t\t\t\t<div class=\"elementor-column elementor-col-50 elementor-top-column elementor-element elementor-element-bef0398\" data-id=\"bef0398\" data-element_type=\"column\" data-e-type=\"column\">\n\t\t\t<div class=\"elementor-widget-wrap elementor-element-populated\">\n\t\t\t\t\t\t<div class=\"elementor-element elementor-element-aa627fa elementor-widget elementor-widget-text-editor\" data-id=\"aa627fa\" data-element_type=\"widget\" data-e-type=\"widget\" data-widget_type=\"text-editor.default\">\n\t\t\t\t<div class=\"elementor-widget-container\">\n\t\t\t\t\t\t\t\t\t<p>La Oficina de Servicio del \u00c1rea 87-R\u00e9gion 87 Inc. tiene un solo prop\u00f3sito, el de servir a la Comunidad de Alcoh\u00f3licos An\u00f3nimos. La oficina presta diversos servicios a los grupos que componen el \u00c1rea 87. Tambi\u00e9n se encarga de la gesti\u00f3n y adquisici\u00f3n de bienes y mobiliario con la misma finalidad de prestar aquellos servicios de naturaleza relacionada con los fines de la Corporaci\u00f3n.<\/p>\t\t\t\t\t\t\t\t<\/div>\n\t\t\t\t<\/div>\n\t\t\t\t<div class=\"elementor-element elementor-element-15ad04f elementor-widget-divider--view-line elementor-widget elementor-widget-divider\" data-id=\"15ad04f\" data-element_type=\"widget\" data-e-type=\"widget\" data-widget_type=\"divider.default\">\n\t\t\t\t<div class=\"elementor-widget-container\">\n\t\t\t\t\t\t\t<div class=\"elementor-divider\">\n\t\t\t<span class=\"elementor-divider-separator\">\n\t\t\t\t\t\t<\/span>\n\t\t<\/div>\n\t\t\t\t\t\t<\/div>\n\t\t\t\t<\/div>\n\t\t\t\t<section class=\"elementor-section elementor-inner-section elementor-element elementor-element-30d5b6a elementor-section-boxed elementor-section-height-default elementor-section-height-default\" data-id=\"30d5b6a\" data-element_type=\"section\" data-e-type=\"section\">\n\t\t\t\t\t\t<div class=\"elementor-container elementor-column-gap-default\">\n\t\t\t\t\t<div class=\"elementor-column elementor-col-50 elementor-inner-column elementor-element elementor-element-d01cd47\" data-id=\"d01cd47\" data-element_type=\"column\" data-e-type=\"column\">\n\t\t\t<div class=\"elementor-widget-wrap elementor-element-populated\">\n\t\t\t\t\t\t<div class=\"elementor-element elementor-element-4748fa9 elementor-widget elementor-widget-heading\" data-id=\"4748fa9\" data-element_type=\"widget\" data-e-type=\"widget\" data-widget_type=\"heading.default\">\n\t\t\t\t<div class=\"elementor-widget-container\">\n\t\t\t\t\t<h3 class=\"elementor-heading-title elementor-size-default\">Contacto<\/h3>\t\t\t\t<\/div>\n\t\t\t\t<\/div>\n\t\t\t\t<div class=\"elementor-element elementor-element-2f400a85 pp-icon-list-traditional elementor-list-item-link-inline pp-icon-left elementor-widget elementor-widget-pp-icon-list\" data-id=\"2f400a85\" data-element_type=\"widget\" data-e-type=\"widget\" data-widget_type=\"pp-icon-list.default\">\n\t\t\t\t<div class=\"elementor-widget-container\">\n\t\t\t\t\t\t\t<div class=\"pp-list-container\">\n\t\t\t<ul class=\"pp-list-items\">\n\t\t\t\t\t\t\t\t\t\t\t\t\t\t\t\t\t\t\t\t\t<li class=\"pp-icon-list-item elementor-repeater-item-43bd744\">\n\t\t\t\t\t\t\t\t\t\t<span class=\"pp-icon-wrapper\">\n\t\t\t\t\t\t\t\t\t\t<span class=\"pp-icon-list-icon pp-icon \">\n\t\t\t\t\t\t<i aria-hidden=\"true\" class=\"fas fa-map-marker-alt\"><\/i><\/span>\t\t\t<\/span>\n\t\t\t\t\t\t\t\t\t\t<span class=\"pp-icon-list-text\">\n\t\t\t\t\t\t\t\tOficina del \u00c1rea 87 <br>3920, rue Rachel Est <br>Montr\u00e9al (Qu\u00e9bec) H1X 1Z3\t\t\t\t\t\t\t<\/span>\n\t\t\t\t\t\t\t\t\t\t\t\t\t<\/li>\n\t\t\t\t\t\t\t\t\t\t\t\t\t<\/ul>\n\t\t<\/div>\n\t\t\t\t\t\t<\/div>\n\t\t\t\t<\/div>\n\t\t\t\t<div class=\"elementor-element elementor-element-d2a4049 pp-icon-list-traditional elementor-list-item-link-inline pp-icon-left elementor-widget elementor-widget-pp-icon-list\" data-id=\"d2a4049\" data-element_type=\"widget\" data-e-type=\"widget\" data-widget_type=\"pp-icon-list.default\">\n\t\t\t\t<div class=\"elementor-widget-container\">\n\t\t\t\t\t\t\t<div class=\"pp-list-container\">\n\t\t\t<ul class=\"pp-list-items\">\n\t\t\t\t\t\t\t\t\t\t\t\t\t\t\t\t\t\t\t\t\t<li class=\"pp-icon-list-item elementor-repeater-item-187b137\">\n\t\t\t\t\t\t\t\t\t\t\t\t\t\t\t<a href=\"tel:514-374-3688\">\n\t\t\t\t\t\t\t\t\t\t\t<span class=\"pp-icon-wrapper\">\n\t\t\t\t\t\t\t\t\t\t<span class=\"pp-icon-list-icon pp-icon \">\n\t\t\t\t\t\t<i aria-hidden=\"true\" class=\"fas fa-phone\"><\/i><\/span>\t\t\t<\/span>\n\t\t\t\t\t\t\t\t\t\t<span class=\"pp-icon-list-text\">\n\t\t\t\t\t\t\t\t514 374-3688\t\t\t\t\t\t\t<\/span>\n\t\t\t\t\t\t\t\t\t\t\t\t\t\t\t<\/a>\n\t\t\t\t\t\t\t\t\t\t\t\t\t\t<\/li>\n\t\t\t\t\t\t\t\t\t\t\t\t\t\t\t\t\t\t\t\t\t\t\t\t\t\t\t<li class=\"pp-icon-list-item elementor-repeater-item-232ae4e\">\n\t\t\t\t\t\t\t\t\t\t\t\t\t\t\t<a href=\"tel:514-374-2250\">\n\t\t\t\t\t\t\t\t\t\t\t<span class=\"pp-icon-wrapper\">\n\t\t\t\t\t\t\t\t\t\t<span class=\"pp-icon-list-icon pp-icon \">\n\t\t\t\t\t\t<i aria-hidden=\"true\" class=\"fas fa-fax\"><\/i><\/span>\t\t\t<\/span>\n\t\t\t\t\t\t\t\t\t\t<span class=\"pp-icon-list-text\">\n\t\t\t\t\t\t\t\t514 374-2250 (fax)\t\t\t\t\t\t\t<\/span>\n\t\t\t\t\t\t\t\t\t\t\t\t\t\t\t<\/a>\n\t\t\t\t\t\t\t\t\t\t\t\t\t\t<\/li>\n\t\t\t\t\t\t\t\t\t\t\t\t\t\t\t\t\t\t\t\t\t\t\t\t\t\t\t<li class=\"pp-icon-list-item elementor-repeater-item-f1691ca\">\n\t\t\t\t\t\t\t\t\t\t\t\t\t\t\t<a href=\"mailto:region@aa87.org\">\n\t\t\t\t\t\t\t\t\t\t\t<span class=\"pp-icon-wrapper\">\n\t\t\t\t\t\t\t\t\t\t<span class=\"pp-icon-list-icon pp-icon \">\n\t\t\t\t\t\t<i aria-hidden=\"true\" class=\"fas fa-envelope\"><\/i><\/span>\t\t\t<\/span>\n\t\t\t\t\t\t\t\t\t\t<span class=\"pp-icon-list-text\">\n\t\t\t\t\t\t\t\tEnviar un correo electr\u00f3nico\t\t\t\t\t\t\t<\/span>\n\t\t\t\t\t\t\t\t\t\t\t\t\t\t\t<\/a>\n\t\t\t\t\t\t\t\t\t\t\t\t\t\t<\/li>\n\t\t\t\t\t\t\t\t\t\t\t\t\t<\/ul>\n\t\t<\/div>\n\t\t\t\t\t\t<\/div>\n\t\t\t\t<\/div>\n\t\t\t\t<div class=\"elementor-element elementor-element-760509d elementor-widget__width-initial elementor-hidden-desktop elementor-hidden-tablet elementor-hidden-mobile elementor-widget elementor-widget-heading\" data-id=\"760509d\" data-element_type=\"widget\" data-e-type=\"widget\" data-widget_type=\"heading.default\">\n\t\t\t\t<div class=\"elementor-widget-container\">\n\t\t\t\t\t<h4 class=\"elementor-heading-title elementor-size-default\">La Oficina de Servicio de \u00c1rea y el mostrador de venta de publicaciones estar\u00e1n cerrados los d\u00edas 19 y 24 de junio y del jueves 26 de junio al s\u00e1bado 28 de junio de 2025.<\/h4>\t\t\t\t<\/div>\n\t\t\t\t<\/div>\n\t\t\t\t\t<\/div>\n\t\t<\/div>\n\t\t\t\t<div class=\"elementor-column elementor-col-50 elementor-inner-column elementor-element elementor-element-ab59d30\" data-id=\"ab59d30\" data-element_type=\"column\" data-e-type=\"column\">\n\t\t\t<div class=\"elementor-widget-wrap elementor-element-populated\">\n\t\t\t\t\t\t<div class=\"elementor-element elementor-element-16ab236 elementor-widget elementor-widget-heading\" data-id=\"16ab236\" data-element_type=\"widget\" data-e-type=\"widget\" data-widget_type=\"heading.default\">\n\t\t\t\t<div class=\"elementor-widget-container\">\n\t\t\t\t\t<h3 class=\"elementor-heading-title elementor-size-default\">Horario de oficina<\/h3>\t\t\t\t<\/div>\n\t\t\t\t<\/div>\n\t\t\t\t<div class=\"elementor-element elementor-element-32ff1f1 elementor-widget elementor-widget-pp-business-hours\" data-id=\"32ff1f1\" data-element_type=\"widget\" data-e-type=\"widget\" data-widget_type=\"pp-business-hours.default\">\n\t\t\t\t<div class=\"elementor-widget-container\">\n\t\t\t\t\t\t\t<div class=\"pp-business-hours\">\n\t\t\t\t\t\t\t\t\t\t\t\t\t\t<div class=\"pp-business-hours-row clearfix elementor-repeater-item-45e76c9\">\n\t\t\t\t\t\t\t\t\t\t\t<span class=\"pp-business-day\">\n\t\t\t\t\t\t\tDomingo\t\t\t\t\t\t<\/span>\n\t\t\t\t\t\t\t\t\t\t<span class=\"pp-business-timing\">\n\t\t\t\t\t\tCerrado\t\t\t\t\t<\/span>\n\t\t\t\t<\/div>\n\t\t\t\t\t\t\t\t\t\t\t\t<div class=\"pp-business-hours-row clearfix elementor-repeater-item-3434369\">\n\t\t\t\t\t\t\t\t\t\t\t<span class=\"pp-business-day\">\n\t\t\t\t\t\t\tLunes\t\t\t\t\t\t<\/span>\n\t\t\t\t\t\t\t\t\t\t<span class=\"pp-business-timing\">\n\t\t\t\t\t\tCon cita previa\t\t\t\t\t<\/span>\n\t\t\t\t<\/div>\n\t\t\t\t\t\t\t\t\t\t\t\t<div class=\"pp-business-hours-row clearfix elementor-repeater-item-365a42b\">\n\t\t\t\t\t\t\t\t\t\t\t<span class=\"pp-business-day\">\n\t\t\t\t\t\t\tMartes a jueves\t\t\t\t\t\t<\/span>\n\t\t\t\t\t\t\t\t\t\t<span class=\"pp-business-timing\">\n\t\t\t\t\t\t11 h a 18 h\t\t\t\t\t<\/span>\n\t\t\t\t<\/div>\n\t\t\t\t\t\t\t\t\t\t\t\t<div class=\"pp-business-hours-row clearfix elementor-repeater-item-afb1640\">\n\t\t\t\t\t\t\t\t\t\t\t<span class=\"pp-business-day\">\n\t\t\t\t\t\t\tViernes\t\t\t\t\t\t<\/span>\n\t\t\t\t\t\t\t\t\t\t<span class=\"pp-business-timing\">\n\t\t\t\t\t\t11 h a 16 h\t\t\t\t\t<\/span>\n\t\t\t\t<\/div>\n\t\t\t\t\t\t\t\t\t\t\t\t<div class=\"pp-business-hours-row clearfix elementor-repeater-item-af2ee50\">\n\t\t\t\t\t\t\t\t\t\t\t<span class=\"pp-business-day\">\n\t\t\t\t\t\t\tS\u00e1bado\t\t\t\t\t\t<\/span>\n\t\t\t\t\t\t\t\t\t\t<span class=\"pp-business-timing\">\n\t\t\t\t\t\t9 h a 13 h\t\t\t\t\t<\/span>\n\t\t\t\t<\/div>\n\t\t\t\t\t\t\t\t<\/div>\n\t\t\t\t\t\t<\/div>\n\t\t\t\t<\/div>\n\t\t\t\t<div class=\"elementor-element elementor-element-f3be60c elementor-widget elementor-widget-text-editor\" data-id=\"f3be60c\" data-element_type=\"widget\" data-e-type=\"widget\" data-widget_type=\"text-editor.default\">\n\t\t\t\t<div class=\"elementor-widget-container\">\n\t\t\t\t\t\t\t\t\t<p>Para las horas de apertura de las ventas de publicaciones, consulte:<\/p><p><a href=\"https:\/\/www.aa87.org\/es\/miembros\/magasin-du-bsr\/\">Las ventas de contador de publicaciones \u2022 Franc\u00e9s e Ingl\u00e9s.<\/a><\/p>\t\t\t\t\t\t\t\t<\/div>\n\t\t\t\t<\/div>\n\t\t\t\t\t<\/div>\n\t\t<\/div>\n\t\t\t\t\t<\/div>\n\t\t<\/section>\n\t\t\t\t\t<\/div>\n\t\t<\/div>\n\t\t\t\t\t<\/div>\n\t\t<\/section>\n\t\t\t\t<\/div>\n\t\t","protected":false},"excerpt":{"rendered":"<p>La Oficina de Servicio del \u00c1rea 87-R\u00e9gion 87 Inc. tiene un solo prop\u00f3sito, el de servir a la Comunidad de Alcoh\u00f3licos An\u00f3nimos. La oficina presta diversos servicios a los grupos [&hellip;]<\/p>\n","protected":false},"author":10,"featured_media":0,"parent":84756,"menu_order":0,"comment_status":"closed","ping_status":"closed","template":"elementor_header_footer","meta":{"_price":"","_stock":"","_tribe_ticket_header":"","_tribe_default_ticket_provider":"","_ticket_start_date":"","_ticket_end_date":"","_tribe_ticket_show_description":"","_tribe_ticket_show_not_going":false,"_tribe_ticket_use_global_stock":"","_tribe_ticket_global_stock_level":"","_global_stock_mode":"","_global_stock_cap":"","_tribe_rsvp_for_event":"","_tribe_ticket_going_count":"","_tribe_ticket_not_going_count":"","_tribe_tickets_list":"[]","_tribe_ticket_has_attendee_info_fields":false,"footnotes":"","_tec_slr_enabled":"","_tec_slr_layout":""},"class_list":["post-84856","page","type-page","status-publish","hentry"],"aioseo_notices":[],"publishpress_future_action":{"enabled":false,"date":"2026-04-27 20:54:44","action":"change-status","newStatus":"draft","terms":[],"taxonomy":"translation_priority","extraData":[]},"publishpress_future_workflow_manual_trigger":{"enabledWorkflows":[]},"ticketed":false,"_links":{"self":[{"href":"https:\/\/www.aa87.org\/es\/wp-json\/wp\/v2\/pages\/84856","targetHints":{"allow":["GET"]}}],"collection":[{"href":"https:\/\/www.aa87.org\/es\/wp-json\/wp\/v2\/pages"}],"about":[{"href":"https:\/\/www.aa87.org\/es\/wp-json\/wp\/v2\/types\/page"}],"author":[{"embeddable":true,"href":"https:\/\/www.aa87.org\/es\/wp-json\/wp\/v2\/users\/10"}],"replies":[{"embeddable":true,"href":"https:\/\/www.aa87.org\/es\/wp-json\/wp\/v2\/comments?post=84856"}],"version-history":[{"count":39,"href":"https:\/\/www.aa87.org\/es\/wp-json\/wp\/v2\/pages\/84856\/revisions"}],"predecessor-version":[{"id":138114,"href":"https:\/\/www.aa87.org\/es\/wp-json\/wp\/v2\/pages\/84856\/revisions\/138114"}],"up":[{"embeddable":true,"href":"https:\/\/www.aa87.org\/es\/wp-json\/wp\/v2\/pages\/84756"}],"wp:attachment":[{"href":"https:\/\/www.aa87.org\/es\/wp-json\/wp\/v2\/media?parent=84856"}],"curies":[{"name":"wp","href":"https:\/\/api.w.org\/{rel}","templated":true}]}}