{"id":84858,"date":"2022-05-11T15:42:56","date_gmt":"2022-05-11T19:42:56","guid":{"rendered":"https:\/\/www.aa87.org\/miembros\/coin-du-delegue\/"},"modified":"2025-12-19T18:49:29","modified_gmt":"2025-12-19T23:49:29","slug":"el-rincon-del-delegado-panel-74","status":"publish","type":"page","link":"https:\/\/www.aa87.org\/es\/miembros\/el-rincon-del-delegado-panel-74\/","title":{"rendered":"El rinc\u00f3n del Delegado &#8211; Panel 74"},"content":{"rendered":"\t\t<div data-elementor-type=\"wp-page\" data-elementor-id=\"84858\" class=\"elementor elementor-84858 elementor-79315\" data-elementor-post-type=\"page\">\n\t\t\t\t\t\t<section class=\"elementor-section elementor-top-section elementor-element elementor-element-e1dd29d elementor-section-boxed elementor-section-height-default elementor-section-height-default\" data-id=\"e1dd29d\" data-element_type=\"section\" data-e-type=\"section\">\n\t\t\t\t\t\t<div class=\"elementor-container elementor-column-gap-default\">\n\t\t\t\t\t<div class=\"elementor-column elementor-col-100 elementor-top-column elementor-element elementor-element-44b75ac\" data-id=\"44b75ac\" data-element_type=\"column\" data-e-type=\"column\">\n\t\t\t<div class=\"elementor-widget-wrap elementor-element-populated\">\n\t\t\t\t\t\t<div class=\"elementor-element elementor-element-38d0863 elementor-widget elementor-widget-heading\" data-id=\"38d0863\" data-element_type=\"widget\" data-e-type=\"widget\" data-widget_type=\"heading.default\">\n\t\t\t\t<div class=\"elementor-widget-container\">\n\t\t\t\t\t<h2 class=\"elementor-heading-title elementor-size-default\">El rinc\u00f3n del Delegado<\/h2>\t\t\t\t<\/div>\n\t\t\t\t<\/div>\n\t\t\t\t<div class=\"elementor-element elementor-element-6b11e0f elementor-widget elementor-widget-heading\" data-id=\"6b11e0f\" data-element_type=\"widget\" data-e-type=\"widget\" data-widget_type=\"heading.default\">\n\t\t\t\t<div class=\"elementor-widget-container\">\n\t\t\t\t\t<h3 class=\"elementor-heading-title elementor-size-default\">Le doy la bienvenida a las p\u00e1ginas del Delegado.<\/h3>\t\t\t\t<\/div>\n\t\t\t\t<\/div>\n\t\t\t\t<div class=\"elementor-element elementor-element-5e06b0c elementor-widget elementor-widget-text-editor\" data-id=\"5e06b0c\" data-element_type=\"widget\" data-e-type=\"widget\" data-widget_type=\"text-editor.default\">\n\t\t\t\t<div class=\"elementor-widget-container\">\n\t\t\t\t\t\t\t\t\t<p>Con el tiempo, hemos aprendido que el delegado que representa la voz colectiva de nuestra regi\u00f3n es muy activo tanto en la regi\u00f3n como en Nueva York durante la semana de la Conferencia que se celebra cada a\u00f1o en abril.<\/p><p><strong>Les invito a visitar estas p\u00e1ginas con frecuencia, ya que el trabajo de delegado nunca termina.<\/strong><\/p>\t\t\t\t\t\t\t\t<\/div>\n\t\t\t\t<\/div>\n\t\t\t\t<div class=\"elementor-element elementor-element-a8d30b3 elementor-widget elementor-widget-pp-advanced-tabs\" data-id=\"a8d30b3\" data-element_type=\"widget\" data-e-type=\"widget\" data-widget_type=\"pp-advanced-tabs.default\">\n\t\t\t\t<div class=\"elementor-widget-container\">\n\t\t\t\t\t\t\t<div class=\"pp-advanced-tabs pp-style-0 pp-tabs-responsive-tablet pp-advabced-tabs-responsive\" data-scroll-top=\"yes\">\n\t\t\t<div class=\"pp-advanced-tabs-wrapper pp-tabs-labels at-horizontal  at-no-hover\" role=\"tablist\">\n\t\t\t\t\t\t\t\t\t\t\t<div id=\"pp-advanced-tabs-title-1771\" class=\"pp-advanced-tabs-title pp-tabs-label pp-advanced-tabs-desktop-title pp-tab-active\" data-tab=\"1\" data-index=\"1771\" tabindex=\"0\" role=\"tab\" aria-controls=\"pp-advanced-tabs-content-1771\">\n\n\t\t\t\t\t\t\t\t\n\t\t\t\t\t\t\t\t<span class=\"pp-advanced-tabs-title-text\">El delegado<\/span>\n\t\t\t\t\t\t\t\t\t\t\t\t\t\t\t<\/div>\n\t\t\t\t\t\t\t\t\t\t\t\t\t<div id=\"pp-advanced-tabs-title-1772\" class=\"pp-advanced-tabs-title pp-tabs-label pp-advanced-tabs-desktop-title \" data-tab=\"2\" data-index=\"1772\" tabindex=\"0\" role=\"tab\" aria-controls=\"pp-advanced-tabs-content-1772\">\n\n\t\t\t\t\t\t\t\t\n\t\t\t\t\t\t\t\t<span class=\"pp-advanced-tabs-title-text\">La Conferencia<\/span>\n\t\t\t\t\t\t\t\t\t\t\t\t\t\t\t<\/div>\n\t\t\t\t\t\t\t\t\t<\/div>\n\t\t\t<div class=\"pp-advanced-tabs-content-wrapper pp-tabs-panels at-horizontal-content\">\n\t\t\t\t\t\t\t\t\t<div class=\"pp-tabs-panel\">\n\t\t\t\t\t\t<div class=\"pp-advanced-tabs-title pp-tabs-label pp-tab-responsive pp-tab-active  at-no-hover\" data-index=\"1771\">\n\t\t\t\t\t\t\t<div class=\"pp-advanced-tabs-title-inner\">\n\t\t\t\t\t\t\t\t\n\t\t\t\t\t\t\t\t<span class=\"pp-advanced-tabs-title-text\">El delegado<\/span>\n\t\t\t\t\t\t\t\t<i class=\"pp-toggle-icon pp-tab-open fa\"><\/i>\n\t\t\t\t\t\t\t<\/div>\n\t\t\t\t\t\t<\/div>\n\t\t\t\t\t\t<div id=\"pp-advanced-tabs-content-1771\" class=\"pp-advanced-tabs-content elementor-clearfix pp-advanced-tabs-tab_content pp-tab-active\" data-tab=\"1\" data-index=\"1771\" role=\"tabpanel\" aria-labelledby=\"pp-advanced-tabs-title-1771\">\n\t\t\t\t\t\t\t<p>Los delegados regionales han sido elegidos para participar como servidores de confianza y aportar el liderazgo que el Movimiento necesita. De hecho, la Regi\u00f3n cuenta con su delegado para abordar las cuestiones de actualidad y ayudar al Movimiento a preparar su futuro.<\/p><p>Dado el papel que desempe\u00f1an los delegados en la Conferencia, no es de extra\u00f1ar que se les exija mucho tiempo y esfuerzo. Los delegados tienen la responsabilidad de comprender las experiencias, los puntos de vista y la conciencia de grupo de su Regi\u00f3n, al tiempo que son responsables de toda la Conferencia de EE. UU.\/Canad\u00e1. Por eso, la experiencia que se obtiene de un mandato como delegado es \u00fanica.<\/p><p>Manual de servicio de AA, p\u00e1gina 32.<\/p>\t\t\t\t\t\t<\/div>\n\t\t\t\t\t<\/div>\n\t\t\t\t\t\t\t\t\t<div class=\"pp-tabs-panel\">\n\t\t\t\t\t\t<div class=\"pp-advanced-tabs-title pp-tabs-label pp-tab-responsive   at-no-hover\" data-index=\"1772\">\n\t\t\t\t\t\t\t<div class=\"pp-advanced-tabs-title-inner\">\n\t\t\t\t\t\t\t\t\n\t\t\t\t\t\t\t\t<span class=\"pp-advanced-tabs-title-text\">La Conferencia<\/span>\n\t\t\t\t\t\t\t\t<i class=\"pp-toggle-icon pp-tab-open fa\"><\/i>\n\t\t\t\t\t\t\t<\/div>\n\t\t\t\t\t\t<\/div>\n\t\t\t\t\t\t<div id=\"pp-advanced-tabs-content-1772\" class=\"pp-advanced-tabs-content elementor-clearfix pp-advanced-tabs-tab_content \" data-tab=\"2\" data-index=\"1772\" role=\"tabpanel\" aria-labelledby=\"pp-advanced-tabs-title-1772\">\n\t\t\t\t\t\t\t<p>Aunque la Conferencia de Servicios Generales funciona durante todo el a\u00f1o, la reuni\u00f3n anual, que suele celebrarse en abril, es el punto culminante de las actividades del a\u00f1o, el momento en que la conciencia colectiva de los grupos de AA de Estados Unidos y Canad\u00e1 se re\u00fane para tomar medidas que guiar\u00e1n a los grupos durante los pr\u00f3ximos a\u00f1os.<\/p><p>La Conferencia es lo m\u00e1s parecido a un gobierno en AA, pero como escribi\u00f3 Bill W. en la primera edici\u00f3n de este manual:<br \/>\u00abPor supuesto, nunca se repetir\u00e1 lo suficiente que, aunque la Conferencia puede dar \u00f3rdenes a la Oficina de Servicios Generales, nunca puede mandar ni gobernar a la Sociedad de Alcoh\u00f3licos An\u00f3nimos a la que sirve.<\/p><p>La Conferencia nos representa, pero no puede gobernarnos\u00bb.<br \/>La Conferencia en s\u00ed misma no est\u00e1 constituida como sociedad, pero el Consejo de Servicios Generales (junta directiva) s\u00ed lo est\u00e1, al igual que A.A. World Services, Inc. y AA Grapevine, Inc. La constituci\u00f3n de estas dos entidades como sociedades es necesaria para ejecutar las decisiones de la Conferencia, administrar los fondos y gestionar los asuntos de AA.<\/p><p>Manual de servicio de AA, p\u00e1gina 39.<\/p>\t\t\t\t\t\t<\/div>\n\t\t\t\t\t<\/div>\n\t\t\t\t\t\t\t<\/div>\n\t\t<\/div>\n\t\t\t\t\t\t<\/div>\n\t\t\t\t<\/div>\n\t\t\t\t<div class=\"elementor-element elementor-element-82a2c30 elementor-widget elementor-widget-spacer\" data-id=\"82a2c30\" data-element_type=\"widget\" data-e-type=\"widget\" data-widget_type=\"spacer.default\">\n\t\t\t\t<div class=\"elementor-widget-container\">\n\t\t\t\t\t\t\t<div class=\"elementor-spacer\">\n\t\t\t<div class=\"elementor-spacer-inner\"><\/div>\n\t\t<\/div>\n\t\t\t\t\t\t<\/div>\n\t\t\t\t<\/div>\n\t\t\t\t<div class=\"elementor-element elementor-element-6f95f8f publications elementor-grid-3 elementor-grid-tablet-2 elementor-grid-mobile-1 elementor-widget elementor-widget-pp-posts\" data-id=\"6f95f8f\" data-element_type=\"widget\" data-e-type=\"widget\" data-widget_type=\"pp-posts.classic\">\n\t\t\t\t<div class=\"elementor-widget-container\">\n\t\t\t\t\t\t\t<div class=\"pp-posts-container\">\n\t\t\t\n\t\t\t\t\t\t\t\t\t\t\n\t\t\t<div class=\"pp-posts pp-posts-skin-classic elementor-grid pp-posts-grid\" data-query-type=\"custom\" data-layout=\"grid\" data-page=\"84858\" data-skin=\"classic\">\n\t\t\t\t\t\t\t\t\t\t\t<div class=\"pp-post-wrap pp-grid-item-wrap elementor-grid-item post-146609 post type-post status-publish format-standard has-post-thumbnail hentry category-delegar\">\n\t\t\t\t\t\t<div class=\"pp-post pp-grid-item\">\n\t\t\t\t\t\t<div class=\"pp-post-thumbnail\">\n\t\t\t<a class=\"pp-post-thumbnail-wrap\" href=\"https:\/\/www.aa87.org\/es\/message-du-directeur-general-du-bsg\/\" title=\"Message du directeur g\u00e9n\u00e9ral du BSG\">\n\t\t\t\t<img fetchpriority=\"high\" decoding=\"async\" width=\"325\" height=\"325\" src=\"https:\/\/www.aa87.org\/wp-content\/uploads\/2022\/04\/accueil-logo-par-defaut.jpg\" class=\"attachment-large size-large wp-image-77335\" alt=\"\" srcset=\"https:\/\/www.aa87.org\/wp-content\/uploads\/2022\/04\/accueil-logo-par-defaut.jpg 325w, https:\/\/www.aa87.org\/wp-content\/uploads\/2022\/04\/accueil-logo-par-defaut-300x300.jpg 300w, https:\/\/www.aa87.org\/wp-content\/uploads\/2022\/04\/accueil-logo-par-defaut-150x150.jpg 150w\" sizes=\"(max-width: 325px) 100vw, 325px\" \/>\t\t\t<\/a>\n\t\t<\/div>\n\t\t\n\t\t\t\t\n\t\t\t\t<div class=\"pp-post-content-wrap\">\n\t\t\t\t\t<div class=\"pp-post-content\">\n\t\t\t\t\t\t\t\t\t\t<div class=\"pp-post-terms-wrap\">\n\t\t\t<span class=\"pp-post-terms\">\n\t\t\t\t<span class=\"pp-post-term\"><a href=\"https:\/\/www.aa87.org\/es\/categoria\/delegar\/\">Delegar<\/a><\/span>\t\t\t<\/span>\n\t\t<\/div>\n\t\t\t\t\t\t\t\t\t\t<h2 class=\"pp-post-title\">\n\t\t\t\t<a href=\"https:\/\/www.aa87.org\/es\/message-du-directeur-general-du-bsg\/\">Message du directeur g\u00e9n\u00e9ral du BSG<\/a>\t\t\t<\/h2>\n\t\t\t\t\t\t\t\t\t<div class=\"pp-post-meta\">\n\t\t\t\t\t\t\t<\/div>\n\t\t\t\t\t\t\t\t<\/div>\n\t\t\t\t\t\t\t\t\t<\/div>\n\n\t\t\t\t\t\t\t<\/div>\n\t\t\t\t\t<\/div>\n\t\t\t\t<div class=\"pp-post-wrap pp-grid-item-wrap elementor-grid-item post-146307 post type-post status-publish format-standard has-post-thumbnail hentry category-delegar\">\n\t\t\t\t\t\t<div class=\"pp-post pp-grid-item\">\n\t\t\t\t\t\t<div class=\"pp-post-thumbnail\">\n\t\t\t<a class=\"pp-post-thumbnail-wrap\" href=\"https:\/\/www.aa87.org\/es\/series-de-questions-qui-ont-ete-discutees-a-lassemblee-pre-conference-2026\/\" title=\"Serie de cuestiones que se debatieron en la reuni\u00f3n previa a la conferencia de 2026\">\n\t\t\t\t<img decoding=\"async\" width=\"250\" height=\"250\" src=\"https:\/\/www.aa87.org\/wp-content\/uploads\/2026\/03\/ES-Delegate-English-Questions.png\" class=\"attachment-large size-large wp-image-146266\" alt=\"\" srcset=\"https:\/\/www.aa87.org\/wp-content\/uploads\/2026\/03\/ES-Delegate-English-Questions.png 250w, https:\/\/www.aa87.org\/wp-content\/uploads\/2026\/03\/ES-Delegate-English-Questions-150x150.png 150w\" sizes=\"(max-width: 250px) 100vw, 250px\" \/>\t\t\t<\/a>\n\t\t<\/div>\n\t\t\n\t\t\t\t\n\t\t\t\t<div class=\"pp-post-content-wrap\">\n\t\t\t\t\t<div class=\"pp-post-content\">\n\t\t\t\t\t\t\t\t\t\t<div class=\"pp-post-terms-wrap\">\n\t\t\t<span class=\"pp-post-terms\">\n\t\t\t\t<span class=\"pp-post-term\"><a href=\"https:\/\/www.aa87.org\/es\/categoria\/delegar\/\">Delegar<\/a><\/span>\t\t\t<\/span>\n\t\t<\/div>\n\t\t\t\t\t\t\t\t\t\t<h2 class=\"pp-post-title\">\n\t\t\t\t<a href=\"https:\/\/www.aa87.org\/es\/series-de-questions-qui-ont-ete-discutees-a-lassemblee-pre-conference-2026\/\">Serie de cuestiones que se debatieron en la reuni\u00f3n previa a la conferencia de 2026<\/a>\t\t\t<\/h2>\n\t\t\t\t\t\t\t\t\t<div class=\"pp-post-meta\">\n\t\t\t\t\t\t\t<\/div>\n\t\t\t\t\t\t\t\t<\/div>\n\t\t\t\t\t\t\t\t\t<\/div>\n\n\t\t\t\t\t\t\t<\/div>\n\t\t\t\t\t<\/div>\n\t\t\t\t<div class=\"pp-post-wrap pp-grid-item-wrap elementor-grid-item post-144588 post type-post status-publish format-standard has-post-thumbnail hentry category-delegar\">\n\t\t\t\t\t\t<div class=\"pp-post pp-grid-item\">\n\t\t\t\t\t\t<div class=\"pp-post-thumbnail\">\n\t\t\t<a class=\"pp-post-thumbnail-wrap\" href=\"https:\/\/www.aa87.org\/es\/comites-de-la-76e-conference-des-services-generaux\/\" title=\"Comit\u00e9s de la 76.a Conferencia de Servicios Generales &#8211; Agenda definitiva de la Conferencia 2026\">\n\t\t\t\t<img fetchpriority=\"high\" decoding=\"async\" width=\"325\" height=\"325\" src=\"https:\/\/www.aa87.org\/wp-content\/uploads\/2022\/04\/accueil-logo-par-defaut.jpg\" class=\"attachment-large size-large wp-image-77335\" alt=\"\" srcset=\"https:\/\/www.aa87.org\/wp-content\/uploads\/2022\/04\/accueil-logo-par-defaut.jpg 325w, https:\/\/www.aa87.org\/wp-content\/uploads\/2022\/04\/accueil-logo-par-defaut-300x300.jpg 300w, https:\/\/www.aa87.org\/wp-content\/uploads\/2022\/04\/accueil-logo-par-defaut-150x150.jpg 150w\" sizes=\"(max-width: 325px) 100vw, 325px\" \/>\t\t\t<\/a>\n\t\t<\/div>\n\t\t\n\t\t\t\t\n\t\t\t\t<div class=\"pp-post-content-wrap\">\n\t\t\t\t\t<div class=\"pp-post-content\">\n\t\t\t\t\t\t\t\t\t\t<div class=\"pp-post-terms-wrap\">\n\t\t\t<span class=\"pp-post-terms\">\n\t\t\t\t<span class=\"pp-post-term\"><a href=\"https:\/\/www.aa87.org\/es\/categoria\/delegar\/\">Delegar<\/a><\/span>\t\t\t<\/span>\n\t\t<\/div>\n\t\t\t\t\t\t\t\t\t\t<h2 class=\"pp-post-title\">\n\t\t\t\t<a href=\"https:\/\/www.aa87.org\/es\/comites-de-la-76e-conference-des-services-generaux\/\">Comit\u00e9s de la 76.a Conferencia de Servicios Generales &#8211; Agenda definitiva de la Conferencia 2026<\/a>\t\t\t<\/h2>\n\t\t\t\t\t\t\t\t\t<div class=\"pp-post-meta\">\n\t\t\t\t\t\t\t<\/div>\n\t\t\t\t\t\t\t\t<\/div>\n\t\t\t\t\t\t\t\t\t<\/div>\n\n\t\t\t\t\t\t\t<\/div>\n\t\t\t\t\t<\/div>\n\t\t\t\t<div class=\"pp-post-wrap pp-grid-item-wrap elementor-grid-item post-142531 post type-post status-publish format-standard has-post-thumbnail hentry category-asamblea-y-comite-regional category-delegar category-otros\">\n\t\t\t\t\t\t<div class=\"pp-post pp-grid-item\">\n\t\t\t\t\t\t<div class=\"pp-post-thumbnail\">\n\t\t\t<a class=\"pp-post-thumbnail-wrap\" href=\"https:\/\/www.aa87.org\/es\/carnet-regional-janvier-2026\/\" title=\"Cuaderno regional \u2013 Enero de 2026\">\n\t\t\t\t<img decoding=\"async\" width=\"250\" height=\"250\" src=\"https:\/\/www.aa87.org\/wp-content\/uploads\/2025\/12\/Carnet-regional-1.png\" class=\"attachment-large size-large wp-image-143170\" alt=\"\" srcset=\"https:\/\/www.aa87.org\/wp-content\/uploads\/2025\/12\/Carnet-regional-1.png 250w, https:\/\/www.aa87.org\/wp-content\/uploads\/2025\/12\/Carnet-regional-1-150x150.png 150w\" sizes=\"(max-width: 250px) 100vw, 250px\" \/>\t\t\t<\/a>\n\t\t<\/div>\n\t\t\n\t\t\t\t\n\t\t\t\t<div class=\"pp-post-content-wrap\">\n\t\t\t\t\t<div class=\"pp-post-content\">\n\t\t\t\t\t\t\t\t\t\t<div class=\"pp-post-terms-wrap\">\n\t\t\t<span class=\"pp-post-terms\">\n\t\t\t\t<span class=\"pp-post-term\"><a href=\"https:\/\/www.aa87.org\/es\/categoria\/asamblea-y-comite-regional\/\">Asamblea y Comit\u00e9 Regional<\/a><\/span>\t\t\t<\/span>\n\t\t<\/div>\n\t\t\t\t\t\t\t\t\t\t<h2 class=\"pp-post-title\">\n\t\t\t\t<a href=\"https:\/\/www.aa87.org\/es\/carnet-regional-janvier-2026\/\">Cuaderno regional \u2013 Enero de 2026<\/a>\t\t\t<\/h2>\n\t\t\t\t\t\t\t\t\t<div class=\"pp-post-meta\">\n\t\t\t\t\t\t\t<\/div>\n\t\t\t\t\t\t\t\t<\/div>\n\t\t\t\t\t\t\t\t\t<\/div>\n\n\t\t\t\t\t\t\t<\/div>\n\t\t\t\t\t<\/div>\n\t\t\t\t<div class=\"pp-post-wrap pp-grid-item-wrap elementor-grid-item post-141926 post type-post status-publish format-standard has-post-thumbnail hentry category-delegar\">\n\t\t\t\t\t\t<div class=\"pp-post pp-grid-item\">\n\t\t\t\t\t\t<div class=\"pp-post-thumbnail\">\n\t\t\t<a class=\"pp-post-thumbnail-wrap\" href=\"https:\/\/www.aa87.org\/es\/faits-saillants-daaws-affaires-du-conseil-octobre-2025\/\" title=\"Puntos sobresalientes de AAWS Asuntos de la junta &#8211; Octubre de 2025\">\n\t\t\t\t<img fetchpriority=\"high\" decoding=\"async\" width=\"325\" height=\"325\" src=\"https:\/\/www.aa87.org\/wp-content\/uploads\/2022\/04\/accueil-logo-par-defaut.jpg\" class=\"attachment-large size-large wp-image-77335\" alt=\"\" srcset=\"https:\/\/www.aa87.org\/wp-content\/uploads\/2022\/04\/accueil-logo-par-defaut.jpg 325w, https:\/\/www.aa87.org\/wp-content\/uploads\/2022\/04\/accueil-logo-par-defaut-300x300.jpg 300w, https:\/\/www.aa87.org\/wp-content\/uploads\/2022\/04\/accueil-logo-par-defaut-150x150.jpg 150w\" sizes=\"(max-width: 325px) 100vw, 325px\" \/>\t\t\t<\/a>\n\t\t<\/div>\n\t\t\n\t\t\t\t\n\t\t\t\t<div class=\"pp-post-content-wrap\">\n\t\t\t\t\t<div class=\"pp-post-content\">\n\t\t\t\t\t\t\t\t\t\t<div class=\"pp-post-terms-wrap\">\n\t\t\t<span class=\"pp-post-terms\">\n\t\t\t\t<span class=\"pp-post-term\"><a href=\"https:\/\/www.aa87.org\/es\/categoria\/delegar\/\">Delegar<\/a><\/span>\t\t\t<\/span>\n\t\t<\/div>\n\t\t\t\t\t\t\t\t\t\t<h2 class=\"pp-post-title\">\n\t\t\t\t<a href=\"https:\/\/www.aa87.org\/es\/faits-saillants-daaws-affaires-du-conseil-octobre-2025\/\">Puntos sobresalientes de AAWS Asuntos de la junta &#8211; Octubre de 2025<\/a>\t\t\t<\/h2>\n\t\t\t\t\t\t\t\t\t<div class=\"pp-post-meta\">\n\t\t\t\t\t\t\t<\/div>\n\t\t\t\t\t\t\t\t<\/div>\n\t\t\t\t\t\t\t\t\t<\/div>\n\n\t\t\t\t\t\t\t<\/div>\n\t\t\t\t\t<\/div>\n\t\t\t\t<div class=\"pp-post-wrap pp-grid-item-wrap elementor-grid-item post-141342 post type-post status-publish format-standard has-post-thumbnail hentry category-delegar\">\n\t\t\t\t\t\t<div class=\"pp-post pp-grid-item\">\n\t\t\t\t\t\t<div class=\"pp-post-thumbnail\">\n\t\t\t<a class=\"pp-post-thumbnail-wrap\" href=\"https:\/\/www.aa87.org\/es\/message-du-directeur-general-de-bsg-ny-december-5-2025-destine-au-membre-aa-seulement\/\" title=\"Mensaje del director general de JSG (NY) 5 de diciembre de 2025 &#8211; Solo para miembros de AA\">\n\t\t\t\t<img fetchpriority=\"high\" decoding=\"async\" width=\"325\" height=\"325\" src=\"https:\/\/www.aa87.org\/wp-content\/uploads\/2022\/04\/accueil-logo-par-defaut.jpg\" class=\"attachment-large size-large wp-image-77335\" alt=\"\" srcset=\"https:\/\/www.aa87.org\/wp-content\/uploads\/2022\/04\/accueil-logo-par-defaut.jpg 325w, https:\/\/www.aa87.org\/wp-content\/uploads\/2022\/04\/accueil-logo-par-defaut-300x300.jpg 300w, https:\/\/www.aa87.org\/wp-content\/uploads\/2022\/04\/accueil-logo-par-defaut-150x150.jpg 150w\" sizes=\"(max-width: 325px) 100vw, 325px\" \/>\t\t\t<\/a>\n\t\t<\/div>\n\t\t\n\t\t\t\t\n\t\t\t\t<div class=\"pp-post-content-wrap\">\n\t\t\t\t\t<div class=\"pp-post-content\">\n\t\t\t\t\t\t\t\t\t\t<div class=\"pp-post-terms-wrap\">\n\t\t\t<span class=\"pp-post-terms\">\n\t\t\t\t<span class=\"pp-post-term\"><a href=\"https:\/\/www.aa87.org\/es\/categoria\/delegar\/\">Delegar<\/a><\/span>\t\t\t<\/span>\n\t\t<\/div>\n\t\t\t\t\t\t\t\t\t\t<h2 class=\"pp-post-title\">\n\t\t\t\t<a href=\"https:\/\/www.aa87.org\/es\/message-du-directeur-general-de-bsg-ny-december-5-2025-destine-au-membre-aa-seulement\/\">Mensaje del director general de JSG (NY) 5 de diciembre de 2025 &#8211; Solo para miembros de AA<\/a>\t\t\t<\/h2>\n\t\t\t\t\t\t\t\t\t<div class=\"pp-post-meta\">\n\t\t\t\t\t\t\t<\/div>\n\t\t\t\t\t\t\t\t<\/div>\n\t\t\t\t\t\t\t\t\t<\/div>\n\n\t\t\t\t\t\t\t<\/div>\n\t\t\t\t\t<\/div>\n\t\t\t\t\t\t\t\t\t<\/div>\n\t\t\t<div class=\"pp-screen-only elementor-screen-only\" aria-live=\"polite\" id=\"pp-post-carousel-status\">Showing Slide 1 of 7<\/div>\n\t\t\t\n\t\t\t\n\t\t\t\n\t\t\t\t\t\t\t\t\t\t\t<div class=\"pp-posts-pagination-wrap pp-posts-pagination-bottom\">\n\t\t\t\t\t\t\t\t<nav class=\"pp-posts-pagination pp-posts-pagination-ajax elementor-pagination\" role=\"navigation\" aria-label=\"Pagination\" data-total=\"5\">\n\t\t\t\t<span aria-current=\"page\" class=\"page-numbers current\">1<\/span>\n<a class=\"page-numbers\" href=\"https:\/\/www.aa87.org\/es\/wp-json\/wp\/v2\/pages\/84858\/page\/2\/\">2<\/a>\n<a class=\"page-numbers\" href=\"https:\/\/www.aa87.org\/es\/wp-json\/wp\/v2\/pages\/84858\/page\/3\/\">3<\/a>\n<a class=\"page-numbers\" href=\"https:\/\/www.aa87.org\/es\/wp-json\/wp\/v2\/pages\/84858\/page\/4\/\">4<\/a>\n<a class=\"page-numbers\" href=\"https:\/\/www.aa87.org\/es\/wp-json\/wp\/v2\/pages\/84858\/page\/5\/\">5<\/a>\n<a class=\"next page-numbers\" href=\"https:\/\/www.aa87.org\/es\/wp-json\/wp\/v2\/pages\/84858\/page\/2\/\">Pr\u00f3ximo &raquo;<\/a>\t\t\t<\/nav>\n\t\t\t\t\t\t\t<\/div>\n\t\t\t\t\t\t\t\t\t<\/div>\n\n\t\t\n\t\t\t\t\t\t<\/div>\n\t\t\t\t<\/div>\n\t\t\t\t<div class=\"elementor-element elementor-element-560306b elementor-widget elementor-widget-pp-advanced-accordion\" data-id=\"560306b\" data-element_type=\"widget\" data-e-type=\"widget\" data-settings=\"{&quot;accordion_type&quot;:&quot;accordion&quot;,&quot;toggle_speed&quot;:300}\" data-widget_type=\"pp-advanced-accordion.default\">\n\t\t\t\t<div class=\"elementor-widget-container\">\n\t\t\t\t\t\t\t<div class=\"pp-advanced-accordion pp-toggle-icon-align-right\" id=\"pp-advanced-accordion-560306b\" data-accordion-id=\"560306b\" role=\"tablist\">\n\t\t\t\t\t\t\t<div class=\"pp-accordion-item\">\n\t\t\t\t\t\t\t\t\t\t<div id=\"pp-accordion-tab-title-9011\" class=\"pp-accordion-tab-title\" tabindex=\"0\" data-tab=\"1\" role=\"tab\" aria-controls=\"pp-accordion-tab-content-9011\" aria-expanded=\"false\">\n\t\t\t\t\t\t<span class=\"pp-accordion-title-icon\">\n\t\t\t\t\t\t\t\t\t\t\t\t\t\t\t<span class=\"pp-accordion-tab-icon pp-icon\">\n\t\t\t\t\t\t\t\t\t<i aria-hidden=\"true\" class=\"fas fa-history\"><\/i>\t\t\t\t\t\t\t\t<\/span>\n\t\t\t\t\t\t\t\t\t\t\t\t\t\t<span class=\"pp-accordion-title-text\">\n\t\t\t\t\t\t\t\tHistoria de los delegados\t\t\t\t\t\t\t<\/span>\n\t\t\t\t\t\t<\/span>\n\t\t\t\t\t\t\t\t\t\t\t\t\t<div class=\"pp-accordion-toggle-icon\">\n\t\t\t\t\t\t\t\t\t\t\t\t\t\t\t\t\t<span class='pp-accordion-toggle-icon-close pp-icon'>\n\t\t\t\t\t\t\t\t\t\t<i aria-hidden=\"true\" class=\"fas fa-plus\"><\/i>\t\t\t\t\t\t\t\t\t<\/span>\n\t\t\t\t\t\t\t\t\t\t\t\t\t\t\t\t\t\t\t\t\t\t\t\t\t<span class='pp-accordion-toggle-icon-open pp-icon'>\n\t\t\t\t\t\t\t\t\t\t<i aria-hidden=\"true\" class=\"fas fa-minus\"><\/i>\t\t\t\t\t\t\t\t\t<\/span>\n\t\t\t\t\t\t\t\t\t\t\t\t\t\t\t<\/div>\n\t\t\t\t\t\t\t\t\t\t\t<\/div>\n\n\t\t\t\t\t<div id=\"pp-accordion-tab-content-9011\" class=\"pp-accordion-tab-content\" data-tab=\"1\" role=\"tabpanel\" aria-labelledby=\"pp-accordion-tab-title-9011\">\n\t\t\t\t\t\t<p><a href=\"https:\/\/www.aa87.org\/membres\/coin-du-delegue-panel-72\/\">Delegado 2022 - 2023 - Archivo Panel 72<\/a><\/p><p><a href=\"https:\/\/www.aa87.org\/delegue-2020-2021-panel-70\/\">Delegado 2020-2021 \u2013 Archivo Panel 70<\/a><\/p>\t\t\t\t\t<\/div>\n\t\t\t\t<\/div>\n\t\t\t\t\t<\/div>\n\t\t\t\t\t\t<\/div>\n\t\t\t\t<\/div>\n\t\t\t\t\t<\/div>\n\t\t<\/div>\n\t\t\t\t\t<\/div>\n\t\t<\/section>\n\t\t\t\t<section class=\"elementor-section elementor-top-section elementor-element elementor-element-ea6b332 elementor-section-boxed elementor-section-height-default elementor-section-height-default\" data-id=\"ea6b332\" data-element_type=\"section\" data-e-type=\"section\">\n\t\t\t\t\t\t<div class=\"elementor-container elementor-column-gap-default\">\n\t\t\t\t\t<div class=\"elementor-column elementor-col-100 elementor-top-column elementor-element elementor-element-653eb2c\" data-id=\"653eb2c\" data-element_type=\"column\" data-e-type=\"column\">\n\t\t\t<div class=\"elementor-widget-wrap elementor-element-populated\">\n\t\t\t\t\t\t<div class=\"elementor-element elementor-element-cc67eb0 elementor-widget elementor-widget-spacer\" data-id=\"cc67eb0\" data-element_type=\"widget\" data-e-type=\"widget\" data-widget_type=\"spacer.default\">\n\t\t\t\t<div class=\"elementor-widget-container\">\n\t\t\t\t\t\t\t<div class=\"elementor-spacer\">\n\t\t\t<div class=\"elementor-spacer-inner\"><\/div>\n\t\t<\/div>\n\t\t\t\t\t\t<\/div>\n\t\t\t\t<\/div>\n\t\t\t\t\t<\/div>\n\t\t<\/div>\n\t\t\t\t\t<\/div>\n\t\t<\/section>\n\t\t\t\t<\/div>\n\t\t","protected":false},"excerpt":{"rendered":"<p>El rinc\u00f3n del Delegado Le doy la bienvenida a las p\u00e1ginas del Delegado. Con el tiempo, hemos aprendido que el delegado que representa la voz colectiva de nuestra regi\u00f3n es [&hellip;]<\/p>\n","protected":false},"author":10,"featured_media":88132,"parent":84756,"menu_order":0,"comment_status":"closed","ping_status":"closed","template":"","meta":{"_price":"","_stock":"","_tribe_ticket_header":"","_tribe_default_ticket_provider":"","_tribe_ticket_capacity":"0","_ticket_start_date":"","_ticket_end_date":"","_tribe_ticket_show_description":"","_tribe_ticket_show_not_going":false,"_tribe_ticket_use_global_stock":"","_tribe_ticket_global_stock_level":"","_global_stock_mode":"","_global_stock_cap":"","_tribe_rsvp_for_event":"","_tribe_ticket_going_count":"","_tribe_ticket_not_going_count":"","_tribe_tickets_list":"[]","_tribe_ticket_has_attendee_info_fields":false,"footnotes":"","_tec_slr_enabled":"","_tec_slr_layout":""},"class_list":["post-84858","page","type-page","status-publish","has-post-thumbnail","hentry"],"aioseo_notices":[],"publishpress_future_action":{"enabled":false,"date":"2026-05-14 14:23:51","action":"change-status","newStatus":"draft","terms":[],"taxonomy":"translation_priority","extraData":[]},"publishpress_future_workflow_manual_trigger":{"enabledWorkflows":[]},"ticketed":false,"_links":{"self":[{"href":"https:\/\/www.aa87.org\/es\/wp-json\/wp\/v2\/pages\/84858","targetHints":{"allow":["GET"]}}],"collection":[{"href":"https:\/\/www.aa87.org\/es\/wp-json\/wp\/v2\/pages"}],"about":[{"href":"https:\/\/www.aa87.org\/es\/wp-json\/wp\/v2\/types\/page"}],"author":[{"embeddable":true,"href":"https:\/\/www.aa87.org\/es\/wp-json\/wp\/v2\/users\/10"}],"replies":[{"embeddable":true,"href":"https:\/\/www.aa87.org\/es\/wp-json\/wp\/v2\/comments?post=84858"}],"version-history":[{"count":131,"href":"https:\/\/www.aa87.org\/es\/wp-json\/wp\/v2\/pages\/84858\/revisions"}],"predecessor-version":[{"id":141991,"href":"https:\/\/www.aa87.org\/es\/wp-json\/wp\/v2\/pages\/84858\/revisions\/141991"}],"up":[{"embeddable":true,"href":"https:\/\/www.aa87.org\/es\/wp-json\/wp\/v2\/pages\/84756"}],"wp:featuredmedia":[{"embeddable":true,"href":"https:\/\/www.aa87.org\/es\/wp-json\/wp\/v2\/media\/88132"}],"wp:attachment":[{"href":"https:\/\/www.aa87.org\/es\/wp-json\/wp\/v2\/media?parent=84858"}],"curies":[{"name":"wp","href":"https:\/\/api.w.org\/{rel}","templated":true}]}}