{"id":84896,"date":"2022-04-20T14:04:22","date_gmt":"2022-04-20T18:04:22","guid":{"rendered":"https:\/\/www.aa87.org\/programa-de-a-a\/notre-methode\/"},"modified":"2022-06-23T11:12:00","modified_gmt":"2022-06-23T15:12:00","slug":"como-funciona","status":"publish","type":"page","link":"https:\/\/www.aa87.org\/es\/programa-de-a-a\/como-funciona\/","title":{"rendered":"C\u00f3mo Funciona"},"content":{"rendered":"\t\t<div data-elementor-type=\"wp-page\" data-elementor-id=\"84896\" class=\"elementor elementor-84896 elementor-77508\" data-elementor-post-type=\"page\">\n\t\t\t\t\t\t<section class=\"elementor-section elementor-top-section elementor-element elementor-element-e1dd29d elementor-section-boxed elementor-section-height-default elementor-section-height-default\" data-id=\"e1dd29d\" data-element_type=\"section\" data-e-type=\"section\">\n\t\t\t\t\t\t<div class=\"elementor-container elementor-column-gap-default\">\n\t\t\t\t\t<div class=\"elementor-column elementor-col-50 elementor-top-column elementor-element elementor-element-72ce8f4\" data-id=\"72ce8f4\" data-element_type=\"column\" data-e-type=\"column\">\n\t\t\t<div class=\"elementor-widget-wrap elementor-element-populated\">\n\t\t\t\t\t\t<div class=\"elementor-element elementor-element-a08c09f elementor-widget elementor-widget-template\" data-id=\"a08c09f\" data-element_type=\"widget\" data-e-type=\"widget\" data-widget_type=\"template.default\">\n\t\t\t\t<div class=\"elementor-widget-container\">\n\t\t\t\t\t\t\t<div class=\"elementor-template\">\n\t\t\t\t\t<div data-elementor-type=\"section\" data-elementor-id=\"85077\" class=\"elementor elementor-85077 elementor-77107 elementor-77107\" data-elementor-post-type=\"elementor_library\">\n\t\t\t\t\t<section class=\"elementor-section elementor-top-section elementor-element elementor-element-5f7adfc elementor-section-boxed elementor-section-height-default elementor-section-height-default\" data-id=\"5f7adfc\" data-element_type=\"section\" data-e-type=\"section\">\n\t\t\t\t\t\t<div class=\"elementor-container elementor-column-gap-no\">\n\t\t\t\t\t<div class=\"elementor-column elementor-col-100 elementor-top-column elementor-element elementor-element-5da7c5e\" data-id=\"5da7c5e\" data-element_type=\"column\" data-e-type=\"column\">\n\t\t\t<div class=\"elementor-widget-wrap elementor-element-populated\">\n\t\t\t\t\t\t<div class=\"elementor-element elementor-element-4042464 elementor-widget elementor-widget-heading\" data-id=\"4042464\" data-element_type=\"widget\" data-e-type=\"widget\" data-widget_type=\"heading.default\">\n\t\t\t\t<div class=\"elementor-widget-container\">\n\t\t\t\t\t<h2 class=\"elementor-heading-title elementor-size-default\">Programa de A.A.<\/h2>\t\t\t\t<\/div>\n\t\t\t\t<\/div>\n\t\t\t\t<div class=\"elementor-element elementor-element-62ec45f elementor-widget__width-inherit side-menu elementor-widget elementor-widget-ova_menu\" data-id=\"62ec45f\" data-element_type=\"widget\" data-e-type=\"widget\" data-widget_type=\"ova_menu.default\">\n\t\t\t\t<div class=\"elementor-widget-container\">\n\t\t\t\t\t\n\t\t<div class=\"ova_menu_clasic\">\n\t\t\t<div class=\"ova_wrap_nav column NavBtn_left NavBtn_left_m\">\n\n\t\t\t\t\t<button class=\"ova_openNav\" aria-label=\"Menu Mobile\">\n\t\t\t\t\t\t<i class=\"fas fa-bars\"><\/i>\n\t\t\t\t\t<\/button>\n\n\t\t\t\t\t<div class=\"ova_nav canvas_left canvas_bg_gray\">\n\t\t\t\t\t\t<a href=\"javascript:void(0)\" class=\"ova_closeNav\"><i class=\"fas fa-times\"><\/i><\/a>\n\t\t\t\t\t\t<ul id=\"menu-side-menu-programmes-aa-es\" class=\"menu sub_menu_dir_right\"><li id=\"menu-item-85115\" class=\"menu-item menu-item-type-post_type menu-item-object-page menu-item-85115\" menu-level=\"1\"><a href=\"https:\/\/www.aa87.org\/es\/programa-de-a-a\/es-a-a-para-ti\/\">Es A.A. \u00bfpara ti?<\/a><\/li>\n<li id=\"menu-item-85116\" class=\"menu-item menu-item-type-post_type menu-item-object-page menu-item-85116\" menu-level=\"1\"><a href=\"https:\/\/www.aa87.org\/es\/programa-de-a-a\/como-funciona\/\">C\u00f3mo Funciona<\/a><\/li>\n<li id=\"menu-item-85112\" class=\"menu-item menu-item-type-post_type menu-item-object-page menu-item-85112\" menu-level=\"1\"><a href=\"https:\/\/www.aa87.org\/es\/programa-de-a-a\/doce-pasos\/\">Doce Pasos<\/a><\/li>\n<li id=\"menu-item-85113\" class=\"menu-item menu-item-type-post_type menu-item-object-page menu-item-85113\" menu-level=\"1\"><a href=\"https:\/\/www.aa87.org\/es\/programa-de-a-a\/doce-tradiciones\/\">Doce Tradiciones<\/a><\/li>\n<li id=\"menu-item-85111\" class=\"menu-item menu-item-type-post_type menu-item-object-page menu-item-85111\" menu-level=\"1\"><a href=\"https:\/\/www.aa87.org\/es\/programa-de-a-a\/doce-conceptos\/\">Doce Conceptos<\/a><\/li>\n<li id=\"menu-item-85114\" class=\"menu-item menu-item-type-post_type menu-item-object-page menu-item-85114\" menu-level=\"1\"><a href=\"https:\/\/www.aa87.org\/es\/programa-de-a-a\/aa-mundo\/\">AA mundo<\/a><\/li>\n<\/ul>\t\t\t            <div class=\"shortcode\"><\/div>\n\t\t\t\t\t<\/div>\n\n\t\t\t\t<div class=\"ova_closeCanvas ova_closeNav\"><\/div>\n\t\t\t<\/div>\n\t\t<\/div>\n\t\t\n\n\t\t\t\t\t<\/div>\n\t\t\t\t<\/div>\n\t\t\t\t\t<\/div>\n\t\t<\/div>\n\t\t\t\t\t<\/div>\n\t\t<\/section>\n\t\t\t\t<\/div>\n\t\t\t\t<\/div>\n\t\t\t\t\t\t<\/div>\n\t\t\t\t<\/div>\n\t\t\t\t\t<\/div>\n\t\t<\/div>\n\t\t\t\t<div class=\"elementor-column elementor-col-50 elementor-top-column elementor-element elementor-element-bef0398\" data-id=\"bef0398\" data-element_type=\"column\" data-e-type=\"column\">\n\t\t\t<div class=\"elementor-widget-wrap elementor-element-populated\">\n\t\t\t\t\t\t<div class=\"elementor-element elementor-element-0e6a467 elementor-widget elementor-widget-text-editor\" data-id=\"0e6a467\" data-element_type=\"widget\" data-e-type=\"widget\" data-widget_type=\"text-editor.default\">\n\t\t\t\t<div class=\"elementor-widget-container\">\n\t\t\t\t\t\t\t\t\tRara vez hemos visto fracasar a una persona que haya seguido concienzudamente nuestro camino.\t\t\t\t\t\t\t\t<\/div>\n\t\t\t\t<\/div>\n\t\t\t\t<div class=\"elementor-element elementor-element-a26d1be elementor-widget elementor-widget-text-editor\" data-id=\"a26d1be\" data-element_type=\"widget\" data-e-type=\"widget\" data-widget_type=\"text-editor.default\">\n\t\t\t\t<div class=\"elementor-widget-container\">\n\t\t\t\t\t\t\t\t\t<p>Los \u00fanicos que no se recuperan son los individuos que no pueden, o no quieren entregarse de lleno a este sencillo programa; generalmente son hombres y mujeres incapaces, por su propia naturaleza, de ser sinceros con ellos mismos. Hay seres desventurados como \u00e9stos. No son culpables; por lo que parece, han nacido as\u00ed. Por su naturaleza, son incapaces de entender y de realizar un modo de vida que exige la m\u00e1s rigurosa sinceridad. Para \u00e9stos, las probabilidades de \u00e9xito son pocas. Existen tambi\u00e9n los que sufren graves trastornos emocionales y mentales, aunque muchos de ellos logran re-cuperarse si tienen la capacidad de ser sinceros.<\/p><p>Nuestras historias expresan de un modo general c\u00f3mo \u00e9ramos, lo que nos aconteci\u00f3 y c\u00f3mo somos ahora. Si t\u00fa has decidido que quieres lo que nosotros tenemos y est\u00e1s dispuesto a hacer todo lo que sea necesario para conse-guirlo, entonces est\u00e1s en condiciones de dar ciertos pasos.<\/p><p>Nosotros nos resistimos a algunos de ellos. Cre\u00edmos que podr\u00edamos encontrar un camino m\u00e1s f\u00e1cil y c\u00f3modo. Pero no pudimos. Es por ello que, con toda seriedad, te suplica-mos que seas valiente y concienzudo desde el mism\u00edsimo comienzo. Algunos de nosotros tratamos de aferrarnos a nuestras viejas ideas y el resultado fue nulo hasta que nos deshicimos de ellas sin reserva.<\/p><p>Recuerda que tratamos con el alcohol: astuto, desconcertante y poderoso. Sin ayuda resulta demasiado para nosotros. Pero, hay Uno que tiene todo el poder \u2014 Dios. \u00a1Ojal\u00e1 Lo encuentres!<\/p><p>Las medidas parciales no nos sirvieron para nada. Est\u00e1bamos en el punto de cambio. Entreg\u00e1ndonos totalmente, le pedimos a Dios su protecci\u00f3n y cuidado.<\/p>\t\t\t\t\t\t\t\t<\/div>\n\t\t\t\t<\/div>\n\t\t\t\t\t<\/div>\n\t\t<\/div>\n\t\t\t\t\t<\/div>\n\t\t<\/section>\n\t\t\t\t<section class=\"elementor-section elementor-top-section elementor-element elementor-element-9d05b36 elementor-section-boxed elementor-section-height-default elementor-section-height-default\" data-id=\"9d05b36\" data-element_type=\"section\" data-e-type=\"section\">\n\t\t\t\t\t\t<div class=\"elementor-container elementor-column-gap-default\">\n\t\t\t\t\t<div class=\"elementor-column elementor-col-100 elementor-top-column elementor-element elementor-element-7f97f0e\" data-id=\"7f97f0e\" data-element_type=\"column\" data-e-type=\"column\">\n\t\t\t<div class=\"elementor-widget-wrap elementor-element-populated\">\n\t\t\t\t\t\t<div class=\"elementor-element elementor-element-31ae368 elementor-widget elementor-widget-spacer\" data-id=\"31ae368\" data-element_type=\"widget\" data-e-type=\"widget\" data-widget_type=\"spacer.default\">\n\t\t\t\t<div class=\"elementor-widget-container\">\n\t\t\t\t\t\t\t<div class=\"elementor-spacer\">\n\t\t\t<div class=\"elementor-spacer-inner\"><\/div>\n\t\t<\/div>\n\t\t\t\t\t\t<\/div>\n\t\t\t\t<\/div>\n\t\t\t\t\t<\/div>\n\t\t<\/div>\n\t\t\t\t\t<\/div>\n\t\t<\/section>\n\t\t\t\t<section class=\"elementor-section elementor-top-section elementor-element elementor-element-e977965 elementor-section-full_width elementor-section-height-default elementor-section-height-default\" data-id=\"e977965\" data-element_type=\"section\" data-e-type=\"section\" data-settings=\"{&quot;background_background&quot;:&quot;classic&quot;}\">\n\t\t\t\t\t\t\t<div class=\"elementor-background-overlay\"><\/div>\n\t\t\t\t\t\t\t<div class=\"elementor-container elementor-column-gap-default\">\n\t\t\t\t\t<div class=\"elementor-column elementor-col-100 elementor-top-column elementor-element elementor-element-8e35ed9\" data-id=\"8e35ed9\" data-element_type=\"column\" data-e-type=\"column\" data-settings=\"{&quot;background_background&quot;:&quot;classic&quot;}\">\n\t\t\t<div class=\"elementor-widget-wrap elementor-element-populated\">\n\t\t\t\t\t\t<div class=\"elementor-element elementor-element-d857cdd elementor-widget elementor-widget-ova_heading\" data-id=\"d857cdd\" data-element_type=\"widget\" data-e-type=\"widget\" data-widget_type=\"ova_heading.default\">\n\t\t\t\t<div class=\"elementor-widget-container\">\n\t\t\t\t\t\t\t<div class=\"ova-heading\">\n\t\t\t\n\t\t\t\t\t\t\t<h3 class=\"title second_font\">\u00ab \u00a1Vaya tarea! Yo no puedo llevarla a cabo \u00bb<\/h3>\n\t\t\t\n\t\t\t\n\t\t<\/div>\n\t\t\t\t\t\t<\/div>\n\t\t\t\t<\/div>\n\t\t\t\t\t<\/div>\n\t\t<\/div>\n\t\t\t\t\t<\/div>\n\t\t<\/section>\n\t\t\t\t<section class=\"elementor-section elementor-top-section elementor-element elementor-element-1980e1e elementor-section-boxed elementor-section-height-default elementor-section-height-default\" data-id=\"1980e1e\" data-element_type=\"section\" data-e-type=\"section\">\n\t\t\t\t\t\t<div class=\"elementor-container elementor-column-gap-default\">\n\t\t\t\t\t<div class=\"elementor-column elementor-col-100 elementor-top-column elementor-element elementor-element-ceb405c\" data-id=\"ceb405c\" data-element_type=\"column\" data-e-type=\"column\">\n\t\t\t<div class=\"elementor-widget-wrap elementor-element-populated\">\n\t\t\t\t\t\t<div class=\"elementor-element elementor-element-9dba082 elementor-widget elementor-widget-spacer\" data-id=\"9dba082\" data-element_type=\"widget\" data-e-type=\"widget\" data-widget_type=\"spacer.default\">\n\t\t\t\t<div class=\"elementor-widget-container\">\n\t\t\t\t\t\t\t<div class=\"elementor-spacer\">\n\t\t\t<div class=\"elementor-spacer-inner\"><\/div>\n\t\t<\/div>\n\t\t\t\t\t\t<\/div>\n\t\t\t\t<\/div>\n\t\t\t\t\t<\/div>\n\t\t<\/div>\n\t\t\t\t\t<\/div>\n\t\t<\/section>\n\t\t\t\t<section class=\"elementor-section elementor-top-section elementor-element elementor-element-2667e45 elementor-section-boxed elementor-section-height-default elementor-section-height-default\" data-id=\"2667e45\" data-element_type=\"section\" data-e-type=\"section\">\n\t\t\t\t\t\t<div class=\"elementor-container elementor-column-gap-default\">\n\t\t\t\t\t<div class=\"elementor-column elementor-col-50 elementor-top-column elementor-element elementor-element-074a717\" data-id=\"074a717\" data-element_type=\"column\" data-e-type=\"column\">\n\t\t\t<div class=\"elementor-widget-wrap elementor-element-populated\">\n\t\t\t\t\t\t<div class=\"elementor-element elementor-element-91b7b5e elementor-widget elementor-widget-text-editor\" data-id=\"91b7b5e\" data-element_type=\"widget\" data-e-type=\"widget\" data-widget_type=\"text-editor.default\">\n\t\t\t\t<div class=\"elementor-widget-container\">\n\t\t\t\t\t\t\t\t\t<p>Muchos de nosotros exclamamos: <strong>\u00ab \u00a1Vaya tarea! Yo no puedo llevarla a cabo \u00bb<\/strong>. No te desanimes. Ninguno de nosotros ha podido mantenerse apegado a estos principios en forma ni siquiera aproximada a la perfecci\u00f3n. No somos santos. Lo importante es que estamos dispuestos a desarrollarnos de una manera espiritual. Los principios que hemos establecido son gu\u00edas para nuestro curso. Lo que pretendemos es el progreso espiritual y no la perfec-ci\u00f3n espiritual.<\/p>\t\t\t\t\t\t\t\t<\/div>\n\t\t\t\t<\/div>\n\t\t\t\t\t<\/div>\n\t\t<\/div>\n\t\t\t\t<div class=\"elementor-column elementor-col-50 elementor-top-column elementor-element elementor-element-c683eb5\" data-id=\"c683eb5\" data-element_type=\"column\" data-e-type=\"column\">\n\t\t\t<div class=\"elementor-widget-wrap elementor-element-populated\">\n\t\t\t\t\t\t<div class=\"elementor-element elementor-element-295951e elementor-widget elementor-widget-text-editor\" data-id=\"295951e\" data-element_type=\"widget\" data-e-type=\"widget\" data-widget_type=\"text-editor.default\">\n\t\t\t\t<div class=\"elementor-widget-container\">\n\t\t\t\t\t\t\t\t\t<p>Nuestra descripci\u00f3n del alcoh\u00f3lico, el cap\u00edtulo sobre los agn\u00f3sticos y nuestras aventuras personales antes y despu\u00e9s, ponen en claro tres ideas pertinentes:<\/p>\t\t\t\t\t\t\t\t<\/div>\n\t\t\t\t<\/div>\n\t\t\t\t<div class=\"elementor-element elementor-element-14a2298 pp-icon-list-traditional elementor-list-item-link-inline pp-icon-left elementor-widget elementor-widget-pp-icon-list\" data-id=\"14a2298\" data-element_type=\"widget\" data-e-type=\"widget\" data-widget_type=\"pp-icon-list.default\">\n\t\t\t\t<div class=\"elementor-widget-container\">\n\t\t\t\t\t\t\t<div class=\"pp-list-container\">\n\t\t\t<ul class=\"pp-list-items\">\n\t\t\t\t\t\t\t\t\t\t\t\t\t\t\t\t\t\t\t\t\t<li class=\"pp-icon-list-item elementor-repeater-item-43bd744\">\n\t\t\t\t\t\t\t\t\t\t<span class=\"pp-icon-wrapper\">\n\t\t\t\t\t\t\t\t\t\t<span class=\"pp-icon-list-icon pp-icon \">\n\t\t\t\t\t\t<i aria-hidden=\"true\" class=\"fas fa-check\"><\/i><\/span>\t\t\t<\/span>\n\t\t\t\t\t\t\t\t\t\t<span class=\"pp-icon-list-text\">\n\t\t\t\t\t\t\t\tQue \u00e9ramos alcoh\u00f3licos y que no pod\u00edamos gobernar nuestras propias vidas.\t\t\t\t\t\t\t<\/span>\n\t\t\t\t\t\t\t\t\t\t\t\t\t<\/li>\n\t\t\t\t\t\t\t\t\t\t\t\t\t\t\t\t\t\t\t\t\t\t\t\t\t\t\t<li class=\"pp-icon-list-item elementor-repeater-item-f1691ca\">\n\t\t\t\t\t\t\t\t\t\t<span class=\"pp-icon-wrapper\">\n\t\t\t\t\t\t\t\t\t\t<span class=\"pp-icon-list-icon pp-icon \">\n\t\t\t\t\t\t<i aria-hidden=\"true\" class=\"fas fa-check\"><\/i><\/span>\t\t\t<\/span>\n\t\t\t\t\t\t\t\t\t\t<span class=\"pp-icon-list-text\">\n\t\t\t\t\t\t\t\tQue probablemente ning\u00fan poder humano hubiera podido remediar nuestro alcoholismo.\t\t\t\t\t\t\t<\/span>\n\t\t\t\t\t\t\t\t\t\t\t\t\t<\/li>\n\t\t\t\t\t\t\t\t\t\t\t\t\t\t\t\t\t\t\t\t\t\t\t\t\t\t\t<li class=\"pp-icon-list-item elementor-repeater-item-a73bafe\">\n\t\t\t\t\t\t\t\t\t\t<span class=\"pp-icon-wrapper\">\n\t\t\t\t\t\t\t\t\t\t<span class=\"pp-icon-list-icon pp-icon \">\n\t\t\t\t\t\t<i aria-hidden=\"true\" class=\"fas fa-check\"><\/i><\/span>\t\t\t<\/span>\n\t\t\t\t\t\t\t\t\t\t<span class=\"pp-icon-list-text\">\n\t\t\t\t\t\t\t\tQue Dios pod\u00eda remediarlo y lo remediar\u00eda, si Lo busc\u00e1bamos.\t\t\t\t\t\t\t<\/span>\n\t\t\t\t\t\t\t\t\t\t\t\t\t<\/li>\n\t\t\t\t\t\t\t\t\t\t\t\t\t<\/ul>\n\t\t<\/div>\n\t\t\t\t\t\t<\/div>\n\t\t\t\t<\/div>\n\t\t\t\t<div class=\"elementor-element elementor-element-125e2de elementor-widget elementor-widget-text-editor\" data-id=\"125e2de\" data-element_type=\"widget\" data-e-type=\"widget\" data-widget_type=\"text-editor.default\">\n\t\t\t\t<div class=\"elementor-widget-container\">\n\t\t\t\t\t\t\t\t\t<p>Extracto del libro <em style=\"color: #0398ca;\">Los Alcoh\u00f3licos an\u00f3nimos<\/em>,<br \/>el capitulo 5 \u2014 C\u00f3mo funciona,<br \/>p\u00e1gina 58, 59 y 60.<br \/>\u00a9 A.A.W.S. Inc.<br \/>Reproducidos con autorizaci\u00f3n.<\/p>\t\t\t\t\t\t\t\t<\/div>\n\t\t\t\t<\/div>\n\t\t\t\t\t<\/div>\n\t\t<\/div>\n\t\t\t\t\t<\/div>\n\t\t<\/section>\n\t\t\t\t<\/div>\n\t\t","protected":false},"excerpt":{"rendered":"<p>Rara vez hemos visto fracasar a una persona que haya seguido concienzudamente nuestro camino. Los \u00fanicos que no se recuperan son los individuos que no pueden, o no quieren entregarse [&hellip;]<\/p>\n","protected":false},"author":10,"featured_media":88113,"parent":84752,"menu_order":0,"comment_status":"closed","ping_status":"closed","template":"elementor_header_footer","meta":{"_price":"","_stock":"","_tribe_ticket_header":"","_tribe_default_ticket_provider":"","_ticket_start_date":"","_ticket_end_date":"","_tribe_ticket_show_description":"","_tribe_ticket_show_not_going":false,"_tribe_ticket_use_global_stock":"","_tribe_ticket_global_stock_level":"","_global_stock_mode":"","_global_stock_cap":"","_tribe_rsvp_for_event":"","_tribe_ticket_going_count":"","_tribe_ticket_not_going_count":"","_tribe_tickets_list":"[]","_tribe_ticket_has_attendee_info_fields":false,"footnotes":"","_tec_slr_enabled":"","_tec_slr_layout":""},"class_list":["post-84896","page","type-page","status-publish","has-post-thumbnail","hentry"],"aioseo_notices":[],"publishpress_future_action":{"enabled":false,"date":"2026-04-24 10:28:59","action":"change-status","newStatus":"draft","terms":[],"taxonomy":"translation_priority","extraData":[]},"publishpress_future_workflow_manual_trigger":{"enabledWorkflows":[]},"ticketed":false,"_links":{"self":[{"href":"https:\/\/www.aa87.org\/es\/wp-json\/wp\/v2\/pages\/84896","targetHints":{"allow":["GET"]}}],"collection":[{"href":"https:\/\/www.aa87.org\/es\/wp-json\/wp\/v2\/pages"}],"about":[{"href":"https:\/\/www.aa87.org\/es\/wp-json\/wp\/v2\/types\/page"}],"author":[{"embeddable":true,"href":"https:\/\/www.aa87.org\/es\/wp-json\/wp\/v2\/users\/10"}],"replies":[{"embeddable":true,"href":"https:\/\/www.aa87.org\/es\/wp-json\/wp\/v2\/comments?post=84896"}],"version-history":[{"count":0,"href":"https:\/\/www.aa87.org\/es\/wp-json\/wp\/v2\/pages\/84896\/revisions"}],"up":[{"embeddable":true,"href":"https:\/\/www.aa87.org\/es\/wp-json\/wp\/v2\/pages\/84752"}],"wp:featuredmedia":[{"embeddable":true,"href":"https:\/\/www.aa87.org\/es\/wp-json\/wp\/v2\/media\/88113"}],"wp:attachment":[{"href":"https:\/\/www.aa87.org\/es\/wp-json\/wp\/v2\/media?parent=84896"}],"curies":[{"name":"wp","href":"https:\/\/api.w.org\/{rel}","templated":true}]}}