{"id":84916,"date":"2022-05-12T14:39:11","date_gmt":"2022-05-12T18:39:11","guid":{"rendered":"https:\/\/www.aa87.org\/ressources\/bulletins\/"},"modified":"2023-03-18T20:48:35","modified_gmt":"2023-03-19T00:48:35","slug":"boletin","status":"publish","type":"page","link":"https:\/\/www.aa87.org\/es\/ressources\/boletin\/","title":{"rendered":"Bolet\u00edn"},"content":{"rendered":"\t\t<div data-elementor-type=\"wp-page\" data-elementor-id=\"84916\" class=\"elementor elementor-84916 elementor-79517\" data-elementor-post-type=\"page\">\n\t\t\t\t\t\t<section class=\"elementor-section elementor-top-section elementor-element elementor-element-e1dd29d elementor-section-boxed elementor-section-height-default elementor-section-height-default\" data-id=\"e1dd29d\" data-element_type=\"section\" data-e-type=\"section\">\n\t\t\t\t\t\t<div class=\"elementor-container elementor-column-gap-default\">\n\t\t\t\t\t<div class=\"elementor-column elementor-col-50 elementor-top-column elementor-element elementor-element-72ce8f4\" data-id=\"72ce8f4\" data-element_type=\"column\" data-e-type=\"column\">\n\t\t\t<div class=\"elementor-widget-wrap elementor-element-populated\">\n\t\t\t\t\t\t<div class=\"elementor-element elementor-element-a08c09f elementor-widget elementor-widget-template\" data-id=\"a08c09f\" data-element_type=\"widget\" data-e-type=\"widget\" data-widget_type=\"template.default\">\n\t\t\t\t<div class=\"elementor-widget-container\">\n\t\t\t\t\t\t\t<div class=\"elementor-template\">\n\t\t\t\t\t<div data-elementor-type=\"page\" data-elementor-id=\"139110\" class=\"elementor elementor-139110 elementor-78071 elementor-78071\" data-elementor-post-type=\"elementor_library\">\n\t\t\t\t\t\t<section class=\"elementor-section elementor-top-section elementor-element elementor-element-129e3bd elementor-section-boxed elementor-section-height-default elementor-section-height-default\" data-id=\"129e3bd\" data-element_type=\"section\" data-e-type=\"section\">\n\t\t\t\t\t\t<div class=\"elementor-container elementor-column-gap-no\">\n\t\t\t\t\t<div class=\"elementor-column elementor-col-100 elementor-top-column elementor-element elementor-element-d9cb6bb\" data-id=\"d9cb6bb\" data-element_type=\"column\" data-e-type=\"column\">\n\t\t\t<div class=\"elementor-widget-wrap elementor-element-populated\">\n\t\t\t\t\t\t<div class=\"elementor-element elementor-element-b5f8dd4 elementor-widget elementor-widget-heading\" data-id=\"b5f8dd4\" data-element_type=\"widget\" data-e-type=\"widget\" data-widget_type=\"heading.default\">\n\t\t\t\t<div class=\"elementor-widget-container\">\n\t\t\t\t\t<h2 class=\"elementor-heading-title elementor-size-default\">Recursos<\/h2>\t\t\t\t<\/div>\n\t\t\t\t<\/div>\n\t\t\t\t<div class=\"elementor-element elementor-element-fffa476 elementor-widget__width-inherit side-menu elementor-widget elementor-widget-ova_menu\" data-id=\"fffa476\" data-element_type=\"widget\" data-e-type=\"widget\" data-widget_type=\"ova_menu.default\">\n\t\t\t\t<div class=\"elementor-widget-container\">\n\t\t\t\t\t\n\t\t<div class=\"ova_menu_clasic\">\n\t\t\t<div class=\"ova_wrap_nav column NavBtn_left NavBtn_left_m\">\n\n\t\t\t\t\t<button class=\"ova_openNav\" aria-label=\"Menu Mobile\">\n\t\t\t\t\t\t<i class=\"fas fa-bars\"><\/i>\n\t\t\t\t\t<\/button>\n\n\t\t\t\t\t<div class=\"ova_nav canvas_left canvas_bg_gray\">\n\t\t\t\t\t\t<a href=\"javascript:void(0)\" class=\"ova_closeNav\"><i class=\"fas fa-times\"><\/i><\/a>\n\t\t\t\t\t\t<ul id=\"menu-side-menu-ressources-es\" class=\"menu sub_menu_dir_right\"><li id=\"menu-item-137810\" class=\"menu-item menu-item-type-custom menu-item-object-custom menu-item-137810\" menu-level=\"1\"><a href=\"https:\/\/aa87.sharepoint.com\/\">Intranet<\/a><\/li>\n<li id=\"menu-item-84982\" class=\"menu-item menu-item-type-custom menu-item-object-custom menu-item-84982\" menu-level=\"1\"><a href=\"https:\/\/www.aa87.org\/es\/eventos\/\">Calendrio<\/a><\/li>\n<li id=\"menu-item-139591\" class=\"menu-item menu-item-type-custom menu-item-object-custom menu-item-139591\" menu-level=\"1\"><a href=\"https:\/\/www.aa87.org\/es\/ressources\/boletin\/\">Bolet\u00edn<\/a><\/li>\n<li id=\"menu-item-139592\" class=\"menu-item menu-item-type-custom menu-item-object-custom menu-item-139592\" menu-level=\"1\"><a href=\"https:\/\/www.aa87.org\/es\/parcourirdesvideos\/\">Viendo vid\u00e9os<\/a><\/li>\n<li id=\"menu-item-84983\" class=\"externalicon menu-item menu-item-type-custom menu-item-object-custom menu-item-84983\" menu-level=\"1\"><a target=\"_blank\" href=\"https:\/\/www.dropbox.com\/sh\/twtz2gne0qc6qnm\/AACwdc53fluTH7veDCF65QHka?dl=0\/\" class=\"externalicon\">Un jour autrefois <img decoding=\"async\" class=\"lienexterne\" src=\"https:\/\/www.aa87.org\/wp-content\/uploads\/2020\/07\/external16.png\" \/><\/a><\/li>\n<li id=\"menu-item-84984\" class=\"externalicon menu-item menu-item-type-custom menu-item-object-custom menu-item-84984\" menu-level=\"1\"><a target=\"_blank\" href=\"https:\/\/www.unjouralafois-emission.org\/\" class=\"externalicon\">Un jour \u00e0 la fois  <img decoding=\"async\" class=\"lienexterne\" src=\"https:\/\/www.aa87.org\/wp-content\/uploads\/2020\/07\/external16.png\" \/><\/a><\/li>\n<li id=\"menu-item-84985\" class=\"externalicon menu-item menu-item-type-custom menu-item-object-custom menu-item-84985\" menu-level=\"1\"><a target=\"_blank\" href=\"https:\/\/www.aa87.org\/es\/ressources\/rq\" class=\"externalicon\">Reflexiones diarias<\/a><\/li>\n<li id=\"menu-item-139593\" class=\"menu-item menu-item-type-custom menu-item-object-custom menu-item-139593\" menu-level=\"1\"><a href=\"https:\/\/www.aa87.org\/es\/ressources\/tous-les-depliants\/\">Todos los folletos<\/a><\/li>\n<li id=\"menu-item-139594\" class=\"menu-item menu-item-type-custom menu-item-object-custom menu-item-139594\" menu-level=\"1\"><a href=\"https:\/\/www.aa87.org\/es\/ressources\/pochette-du-nouveau\/\">Portada de la nueva<\/a><\/li>\n<li id=\"menu-item-137814\" class=\"menu-item menu-item-type-custom menu-item-object-custom menu-item-137814\" menu-level=\"1\"><a href=\"https:\/\/www.aa87.org\/es\/pochettersg\/\">Paquete de RSG<\/a><\/li>\n<li id=\"menu-item-139595\" class=\"menu-item menu-item-type-custom menu-item-object-custom menu-item-139595\" menu-level=\"1\"><a href=\"https:\/\/www.aa87.org\/es\/formularios\/\">Formularios<\/a><\/li>\n<li id=\"menu-item-139596\" class=\"menu-item menu-item-type-custom menu-item-object-custom menu-item-139596\" menu-level=\"1\"><a href=\"https:\/\/www.aa87.org\/es\/congres-a-venir\/\">Pr\u00f3xima Conferencia de AA<\/a><\/li>\n<li id=\"menu-item-139597\" class=\"menu-item menu-item-type-custom menu-item-object-custom menu-item-139597\" menu-level=\"1\"><a href=\"https:\/\/www.aa87.org\/es\/categoria\/servicios\/\">Servicios<\/a><\/li>\n<\/ul>\t\t\t            <div class=\"shortcode\"><\/div>\n\t\t\t\t\t<\/div>\n\n\t\t\t\t<div class=\"ova_closeCanvas ova_closeNav\"><\/div>\n\t\t\t<\/div>\n\t\t<\/div>\n\t\t\n\n\t\t\t\t\t<\/div>\n\t\t\t\t<\/div>\n\t\t\t\t\t<\/div>\n\t\t<\/div>\n\t\t\t\t\t<\/div>\n\t\t<\/section>\n\t\t\t\t<\/div>\n\t\t\t\t<\/div>\n\t\t\t\t\t\t<\/div>\n\t\t\t\t<\/div>\n\t\t\t\t\t<\/div>\n\t\t<\/div>\n\t\t\t\t<div class=\"elementor-column elementor-col-50 elementor-top-column elementor-element elementor-element-bef0398\" data-id=\"bef0398\" data-element_type=\"column\" data-e-type=\"column\">\n\t\t\t<div class=\"elementor-widget-wrap elementor-element-populated\">\n\t\t\t\t\t\t<section class=\"elementor-section elementor-inner-section elementor-element elementor-element-280e218 elementor-section-boxed elementor-section-height-default elementor-section-height-default\" data-id=\"280e218\" data-element_type=\"section\" data-e-type=\"section\">\n\t\t\t\t\t\t<div class=\"elementor-container elementor-column-gap-default\">\n\t\t\t\t\t<div class=\"elementor-column elementor-col-50 elementor-inner-column elementor-element elementor-element-22cf503\" data-id=\"22cf503\" data-element_type=\"column\" data-e-type=\"column\">\n\t\t\t<div class=\"elementor-widget-wrap elementor-element-populated\">\n\t\t\t\t\t\t<div class=\"elementor-element elementor-element-f29e6fb elementor-widget elementor-widget-image\" data-id=\"f29e6fb\" data-element_type=\"widget\" data-e-type=\"widget\" data-widget_type=\"image.default\">\n\t\t\t\t<div class=\"elementor-widget-container\">\n\t\t\t\t\t\t\t\t\t\t\t\t\t\t\t\t<a href=\"https:\/\/www.aa87.org\/es\/categoria\/echo-echo-eco-es\/\">\n\t\t\t\t\t\t\t<img fetchpriority=\"high\" decoding=\"async\" width=\"250\" height=\"250\" src=\"https:\/\/www.aa87.org\/wp-content\/uploads\/2022\/05\/ES-Echo-Echo-Eco-Boletin-regional-1.png\" class=\"attachment-large size-large wp-image-101768\" alt=\"\" srcset=\"https:\/\/www.aa87.org\/wp-content\/uploads\/2022\/05\/ES-Echo-Echo-Eco-Boletin-regional-1.png 250w, https:\/\/www.aa87.org\/wp-content\/uploads\/2022\/05\/ES-Echo-Echo-Eco-Boletin-regional-1-150x150.png 150w\" sizes=\"(max-width: 250px) 100vw, 250px\" \/>\t\t\t\t\t\t\t\t<\/a>\n\t\t\t\t\t\t\t\t\t\t\t\t\t\t\t<\/div>\n\t\t\t\t<\/div>\n\t\t\t\t\t<\/div>\n\t\t<\/div>\n\t\t\t\t<div class=\"elementor-column elementor-col-50 elementor-inner-column elementor-element elementor-element-f9f65c0\" data-id=\"f9f65c0\" data-element_type=\"column\" data-e-type=\"column\">\n\t\t\t<div class=\"elementor-widget-wrap elementor-element-populated\">\n\t\t\t\t\t\t<div class=\"elementor-element elementor-element-8d3fd5f elementor-widget elementor-widget-heading\" data-id=\"8d3fd5f\" data-element_type=\"widget\" data-e-type=\"widget\" data-widget_type=\"heading.default\">\n\t\t\t\t<div class=\"elementor-widget-container\">\n\t\t\t\t\t<h2 class=\"elementor-heading-title elementor-size-default\">El bolet\u00edn regional \u00c9cho Echo Eco<\/h2>\t\t\t\t<\/div>\n\t\t\t\t<\/div>\n\t\t\t\t<div class=\"elementor-element elementor-element-fab61a7 elementor-widget elementor-widget-text-editor\" data-id=\"fab61a7\" data-element_type=\"widget\" data-e-type=\"widget\" data-widget_type=\"text-editor.default\">\n\t\t\t\t<div class=\"elementor-widget-container\">\n\t\t\t\t\t\t\t\t\t<p>El bolet\u00edn regional \u00c9cho Echo Eco llega a todos los grupos de los AA inscritos a la Mesa de los servicios de la Regi\u00f3n. Se publica en raz\u00f3n de seis n\u00fameros multiling\u00fces por a\u00f1o.<\/p><p>Los art\u00edculos presentados por los miembros se publican en su lengua de origen: en franc\u00e9s, en ingl\u00e9s o en espa\u00f1ol. Los temas se refieren principalmente a nuestra herencia de Unidad y Servicio.<\/p>\t\t\t\t\t\t\t\t<\/div>\n\t\t\t\t<\/div>\n\t\t\t\t<div class=\"elementor-element elementor-element-5c712038 elementor-align-left elementor-widget elementor-widget-button\" data-id=\"5c712038\" data-element_type=\"widget\" data-e-type=\"widget\" data-widget_type=\"button.default\">\n\t\t\t\t<div class=\"elementor-widget-container\">\n\t\t\t\t\t\t\t\t\t<div class=\"elementor-button-wrapper\">\n\t\t\t\t\t<a class=\"elementor-button elementor-button-link elementor-size-sm\" href=\"https:\/\/www.aa87.org\/es\/categoria\/echo-echo-eco-es\/\">\n\t\t\t\t\t\t<span class=\"elementor-button-content-wrapper\">\n\t\t\t\t\t\t\t\t\t<span class=\"elementor-button-text\">Ver boletines<\/span>\n\t\t\t\t\t<\/span>\n\t\t\t\t\t<\/a>\n\t\t\t\t<\/div>\n\t\t\t\t\t\t\t\t<\/div>\n\t\t\t\t<\/div>\n\t\t\t\t\t<\/div>\n\t\t<\/div>\n\t\t\t\t\t<\/div>\n\t\t<\/section>\n\t\t\t\t<section class=\"elementor-section elementor-inner-section elementor-element elementor-element-a068fcd elementor-section-boxed elementor-section-height-default elementor-section-height-default\" data-id=\"a068fcd\" data-element_type=\"section\" data-e-type=\"section\">\n\t\t\t\t\t\t<div class=\"elementor-container elementor-column-gap-default\">\n\t\t\t\t\t<div class=\"elementor-column elementor-col-33 elementor-inner-column elementor-element elementor-element-8c143c5\" data-id=\"8c143c5\" data-element_type=\"column\" data-e-type=\"column\">\n\t\t\t<div class=\"elementor-widget-wrap elementor-element-populated\">\n\t\t\t\t\t\t<div class=\"elementor-element elementor-element-6674658 elementor-widget elementor-widget-image\" data-id=\"6674658\" data-element_type=\"widget\" data-e-type=\"widget\" data-widget_type=\"image.default\">\n\t\t\t\t<div class=\"elementor-widget-container\">\n\t\t\t\t\t\t\t\t\t\t\t\t\t\t\t\t<a href=\"https:\/\/www.aa87.org\/es\/categoria\/area-87-noticias\/\">\n\t\t\t\t\t\t\t<img decoding=\"async\" width=\"250\" height=\"250\" src=\"https:\/\/www.aa87.org\/wp-content\/uploads\/2022\/05\/ES-Noticias-\u2013-Area-87.png\" class=\"attachment-large size-large wp-image-101781\" alt=\"\" srcset=\"https:\/\/www.aa87.org\/wp-content\/uploads\/2022\/05\/ES-Noticias-\u2013-Area-87.png 250w, https:\/\/www.aa87.org\/wp-content\/uploads\/2022\/05\/ES-Noticias-\u2013-Area-87-150x150.png 150w\" sizes=\"(max-width: 250px) 100vw, 250px\" \/>\t\t\t\t\t\t\t\t<\/a>\n\t\t\t\t\t\t\t\t\t\t\t\t\t\t\t<\/div>\n\t\t\t\t<\/div>\n\t\t\t\t<div class=\"elementor-element elementor-element-7d8bfd9 elementor-align-left elementor-widget elementor-widget-button\" data-id=\"7d8bfd9\" data-element_type=\"widget\" data-e-type=\"widget\" data-widget_type=\"button.default\">\n\t\t\t\t<div class=\"elementor-widget-container\">\n\t\t\t\t\t\t\t\t\t<div class=\"elementor-button-wrapper\">\n\t\t\t\t\t<a class=\"elementor-button elementor-button-link elementor-size-sm\" href=\"https:\/\/www.aa87.org\/es\/categoria\/area-87-noticias\/\">\n\t\t\t\t\t\t<span class=\"elementor-button-content-wrapper\">\n\t\t\t\t\t\t\t\t\t<span class=\"elementor-button-text\">Ver boletines<\/span>\n\t\t\t\t\t<\/span>\n\t\t\t\t\t<\/a>\n\t\t\t\t<\/div>\n\t\t\t\t\t\t\t\t<\/div>\n\t\t\t\t<\/div>\n\t\t\t\t\t<\/div>\n\t\t<\/div>\n\t\t\t\t<div class=\"elementor-column elementor-col-33 elementor-inner-column elementor-element elementor-element-a03ddc0\" data-id=\"a03ddc0\" data-element_type=\"column\" data-e-type=\"column\">\n\t\t\t<div class=\"elementor-widget-wrap elementor-element-populated\">\n\t\t\t\t\t\t<div class=\"elementor-element elementor-element-f15a4a0 elementor-widget elementor-widget-image\" data-id=\"f15a4a0\" data-element_type=\"widget\" data-e-type=\"widget\" data-widget_type=\"image.default\">\n\t\t\t\t<div class=\"elementor-widget-container\">\n\t\t\t\t\t\t\t\t\t\t\t\t\t\t\t\t<a href=\"https:\/\/www.aa87.org\/es\/categoria\/folletos\/\">\n\t\t\t\t\t\t\t<img decoding=\"async\" width=\"250\" height=\"250\" src=\"https:\/\/www.aa87.org\/wp-content\/uploads\/2022\/05\/ES-Folletos.png\" class=\"attachment-large size-large wp-image-101771\" alt=\"\" srcset=\"https:\/\/www.aa87.org\/wp-content\/uploads\/2022\/05\/ES-Folletos.png 250w, https:\/\/www.aa87.org\/wp-content\/uploads\/2022\/05\/ES-Folletos-150x150.png 150w\" sizes=\"(max-width: 250px) 100vw, 250px\" \/>\t\t\t\t\t\t\t\t<\/a>\n\t\t\t\t\t\t\t\t\t\t\t\t\t\t\t<\/div>\n\t\t\t\t<\/div>\n\t\t\t\t<div class=\"elementor-element elementor-element-30d7a20 elementor-align-left elementor-widget elementor-widget-button\" data-id=\"30d7a20\" data-element_type=\"widget\" data-e-type=\"widget\" data-widget_type=\"button.default\">\n\t\t\t\t<div class=\"elementor-widget-container\">\n\t\t\t\t\t\t\t\t\t<div class=\"elementor-button-wrapper\">\n\t\t\t\t\t<a class=\"elementor-button elementor-button-link elementor-size-sm\" href=\"https:\/\/www.aa87.org\/es\/categoria\/folletos\/\">\n\t\t\t\t\t\t<span class=\"elementor-button-content-wrapper\">\n\t\t\t\t\t\t\t\t\t<span class=\"elementor-button-text\">Ver boletines<\/span>\n\t\t\t\t\t<\/span>\n\t\t\t\t\t<\/a>\n\t\t\t\t<\/div>\n\t\t\t\t\t\t\t\t<\/div>\n\t\t\t\t<\/div>\n\t\t\t\t\t<\/div>\n\t\t<\/div>\n\t\t\t\t<div class=\"elementor-column elementor-col-33 elementor-inner-column elementor-element elementor-element-324ee56\" data-id=\"324ee56\" data-element_type=\"column\" data-e-type=\"column\">\n\t\t\t<div class=\"elementor-widget-wrap elementor-element-populated\">\n\t\t\t\t\t\t<div class=\"elementor-element elementor-element-0fe4609 elementor-widget elementor-widget-image\" data-id=\"0fe4609\" data-element_type=\"widget\" data-e-type=\"widget\" data-widget_type=\"image.default\">\n\t\t\t\t<div class=\"elementor-widget-container\">\n\t\t\t\t\t\t\t\t\t\t\t\t\t\t\t\t<a href=\"https:\/\/www.aa87.org\/es\/categoria\/box-459-es\/\">\n\t\t\t\t\t\t\t<img loading=\"lazy\" decoding=\"async\" width=\"250\" height=\"250\" src=\"https:\/\/www.aa87.org\/wp-content\/uploads\/2022\/05\/ES-Box-459.png\" class=\"attachment-large size-large wp-image-101759\" alt=\"\" srcset=\"https:\/\/www.aa87.org\/wp-content\/uploads\/2022\/05\/ES-Box-459.png 250w, https:\/\/www.aa87.org\/wp-content\/uploads\/2022\/05\/ES-Box-459-150x150.png 150w\" sizes=\"(max-width: 250px) 100vw, 250px\" \/>\t\t\t\t\t\t\t\t<\/a>\n\t\t\t\t\t\t\t\t\t\t\t\t\t\t\t<\/div>\n\t\t\t\t<\/div>\n\t\t\t\t<div class=\"elementor-element elementor-element-7f6d5d1 elementor-align-left elementor-widget elementor-widget-button\" data-id=\"7f6d5d1\" data-element_type=\"widget\" data-e-type=\"widget\" data-widget_type=\"button.default\">\n\t\t\t\t<div class=\"elementor-widget-container\">\n\t\t\t\t\t\t\t\t\t<div class=\"elementor-button-wrapper\">\n\t\t\t\t\t<a class=\"elementor-button elementor-button-link elementor-size-sm\" href=\"https:\/\/www.aa87.org\/es\/categoria\/box-459-es\/\">\n\t\t\t\t\t\t<span class=\"elementor-button-content-wrapper\">\n\t\t\t\t\t\t\t\t\t<span class=\"elementor-button-text\">Ver boletines<\/span>\n\t\t\t\t\t<\/span>\n\t\t\t\t\t<\/a>\n\t\t\t\t<\/div>\n\t\t\t\t\t\t\t\t<\/div>\n\t\t\t\t<\/div>\n\t\t\t\t\t<\/div>\n\t\t<\/div>\n\t\t\t\t\t<\/div>\n\t\t<\/section>\n\t\t\t\t<div class=\"elementor-element elementor-element-62067ac elementor-widget elementor-widget-spacer\" data-id=\"62067ac\" data-element_type=\"widget\" data-e-type=\"widget\" data-widget_type=\"spacer.default\">\n\t\t\t\t<div class=\"elementor-widget-container\">\n\t\t\t\t\t\t\t<div class=\"elementor-spacer\">\n\t\t\t<div class=\"elementor-spacer-inner\"><\/div>\n\t\t<\/div>\n\t\t\t\t\t\t<\/div>\n\t\t\t\t<\/div>\n\t\t\t\t\t<\/div>\n\t\t<\/div>\n\t\t\t\t\t<\/div>\n\t\t<\/section>\n\t\t\t\t<\/div>\n\t\t","protected":false},"excerpt":{"rendered":"<p>El bolet\u00edn regional \u00c9cho Echo Eco El bolet\u00edn regional \u00c9cho Echo Eco llega a todos los grupos de los AA inscritos a la Mesa de los servicios de la Regi\u00f3n. [&hellip;]<\/p>\n","protected":false},"author":10,"featured_media":88124,"parent":84761,"menu_order":0,"comment_status":"closed","ping_status":"closed","template":"elementor_header_footer","meta":{"_price":"","_stock":"","_tribe_ticket_header":"","_tribe_default_ticket_provider":"","_ticket_start_date":"","_ticket_end_date":"","_tribe_ticket_show_description":"","_tribe_ticket_show_not_going":false,"_tribe_ticket_use_global_stock":"","_tribe_ticket_global_stock_level":"","_global_stock_mode":"","_global_stock_cap":"","_tribe_rsvp_for_event":"","_tribe_ticket_going_count":"","_tribe_ticket_not_going_count":"","_tribe_tickets_list":"[]","_tribe_ticket_has_attendee_info_fields":false,"footnotes":"","_tec_slr_enabled":"","_tec_slr_layout":""},"class_list":["post-84916","page","type-page","status-publish","has-post-thumbnail","hentry"],"aioseo_notices":[],"publishpress_future_action":{"enabled":false,"date":"2026-04-24 09:26:10","action":"change-status","newStatus":"draft","terms":[],"taxonomy":"translation_priority","extraData":[]},"publishpress_future_workflow_manual_trigger":{"enabledWorkflows":[]},"ticketed":false,"_links":{"self":[{"href":"https:\/\/www.aa87.org\/es\/wp-json\/wp\/v2\/pages\/84916","targetHints":{"allow":["GET"]}}],"collection":[{"href":"https:\/\/www.aa87.org\/es\/wp-json\/wp\/v2\/pages"}],"about":[{"href":"https:\/\/www.aa87.org\/es\/wp-json\/wp\/v2\/types\/page"}],"author":[{"embeddable":true,"href":"https:\/\/www.aa87.org\/es\/wp-json\/wp\/v2\/users\/10"}],"replies":[{"embeddable":true,"href":"https:\/\/www.aa87.org\/es\/wp-json\/wp\/v2\/comments?post=84916"}],"version-history":[{"count":6,"href":"https:\/\/www.aa87.org\/es\/wp-json\/wp\/v2\/pages\/84916\/revisions"}],"predecessor-version":[{"id":101820,"href":"https:\/\/www.aa87.org\/es\/wp-json\/wp\/v2\/pages\/84916\/revisions\/101820"}],"up":[{"embeddable":true,"href":"https:\/\/www.aa87.org\/es\/wp-json\/wp\/v2\/pages\/84761"}],"wp:featuredmedia":[{"embeddable":true,"href":"https:\/\/www.aa87.org\/es\/wp-json\/wp\/v2\/media\/88124"}],"wp:attachment":[{"href":"https:\/\/www.aa87.org\/es\/wp-json\/wp\/v2\/media?parent=84916"}],"curies":[{"name":"wp","href":"https:\/\/api.w.org\/{rel}","templated":true}]}}