{"id":84919,"date":"2022-05-10T15:51:18","date_gmt":"2022-05-10T19:51:18","guid":{"rendered":"https:\/\/www.aa87.org\/ressources\/congres\/"},"modified":"2023-01-13T20:54:55","modified_gmt":"2023-01-14T01:54:55","slug":"congres","status":"publish","type":"page","link":"https:\/\/www.aa87.org\/es\/ressources\/congres\/","title":{"rendered":"Congr\u00e8s"},"content":{"rendered":"\t\t<div data-elementor-type=\"wp-page\" data-elementor-id=\"84919\" class=\"elementor elementor-84919 elementor-79197\" data-elementor-post-type=\"page\">\n\t\t\t\t\t\t<section class=\"elementor-section elementor-top-section elementor-element elementor-element-e1dd29d elementor-section-boxed elementor-section-height-default elementor-section-height-default\" data-id=\"e1dd29d\" data-element_type=\"section\" data-e-type=\"section\">\n\t\t\t\t\t\t<div class=\"elementor-container elementor-column-gap-default\">\n\t\t\t\t\t<div class=\"elementor-column elementor-col-50 elementor-top-column elementor-element elementor-element-72ce8f4\" data-id=\"72ce8f4\" data-element_type=\"column\" data-e-type=\"column\">\n\t\t\t<div class=\"elementor-widget-wrap elementor-element-populated\">\n\t\t\t\t\t\t<div class=\"elementor-element elementor-element-a08c09f elementor-widget elementor-widget-template\" data-id=\"a08c09f\" data-element_type=\"widget\" data-e-type=\"widget\" data-widget_type=\"template.default\">\n\t\t\t\t<div class=\"elementor-widget-container\">\n\t\t\t\t\t\t\t<div class=\"elementor-template\">\n\t\t\t\t\t<div data-elementor-type=\"page\" data-elementor-id=\"139110\" class=\"elementor elementor-139110 elementor-78071 elementor-78071\" data-elementor-post-type=\"elementor_library\">\n\t\t\t\t\t\t<section class=\"elementor-section elementor-top-section elementor-element elementor-element-129e3bd elementor-section-boxed elementor-section-height-default elementor-section-height-default\" data-id=\"129e3bd\" data-element_type=\"section\" data-e-type=\"section\">\n\t\t\t\t\t\t<div class=\"elementor-container elementor-column-gap-no\">\n\t\t\t\t\t<div class=\"elementor-column elementor-col-100 elementor-top-column elementor-element elementor-element-d9cb6bb\" data-id=\"d9cb6bb\" data-element_type=\"column\" data-e-type=\"column\">\n\t\t\t<div class=\"elementor-widget-wrap elementor-element-populated\">\n\t\t\t\t\t\t<div class=\"elementor-element elementor-element-b5f8dd4 elementor-widget elementor-widget-heading\" data-id=\"b5f8dd4\" data-element_type=\"widget\" data-e-type=\"widget\" data-widget_type=\"heading.default\">\n\t\t\t\t<div class=\"elementor-widget-container\">\n\t\t\t\t\t<h2 class=\"elementor-heading-title elementor-size-default\">Recursos<\/h2>\t\t\t\t<\/div>\n\t\t\t\t<\/div>\n\t\t\t\t<div class=\"elementor-element elementor-element-fffa476 elementor-widget__width-inherit side-menu elementor-widget elementor-widget-ova_menu\" data-id=\"fffa476\" data-element_type=\"widget\" data-e-type=\"widget\" data-widget_type=\"ova_menu.default\">\n\t\t\t\t<div class=\"elementor-widget-container\">\n\t\t\t\t\t\n\t\t<div class=\"ova_menu_clasic\">\n\t\t\t<div class=\"ova_wrap_nav column NavBtn_left NavBtn_left_m\">\n\n\t\t\t\t\t<button class=\"ova_openNav\" aria-label=\"Menu Mobile\">\n\t\t\t\t\t\t<i class=\"fas fa-bars\"><\/i>\n\t\t\t\t\t<\/button>\n\n\t\t\t\t\t<div class=\"ova_nav canvas_left canvas_bg_gray\">\n\t\t\t\t\t\t<a href=\"javascript:void(0)\" class=\"ova_closeNav\"><i class=\"fas fa-times\"><\/i><\/a>\n\t\t\t\t\t\t<ul id=\"menu-side-menu-ressources-es\" class=\"menu sub_menu_dir_right\"><li id=\"menu-item-137810\" class=\"menu-item menu-item-type-custom menu-item-object-custom menu-item-137810\" menu-level=\"1\"><a href=\"https:\/\/aa87.sharepoint.com\/\">Intranet<\/a><\/li>\n<li id=\"menu-item-84982\" class=\"menu-item menu-item-type-custom menu-item-object-custom menu-item-84982\" menu-level=\"1\"><a href=\"https:\/\/www.aa87.org\/es\/eventos\/\">Calendrio<\/a><\/li>\n<li id=\"menu-item-139591\" class=\"menu-item menu-item-type-custom menu-item-object-custom menu-item-139591\" menu-level=\"1\"><a href=\"https:\/\/www.aa87.org\/es\/ressources\/boletin\/\">Bolet\u00edn<\/a><\/li>\n<li id=\"menu-item-139592\" class=\"menu-item menu-item-type-custom menu-item-object-custom menu-item-139592\" menu-level=\"1\"><a href=\"https:\/\/www.aa87.org\/es\/parcourirdesvideos\/\">Viendo vid\u00e9os<\/a><\/li>\n<li id=\"menu-item-84983\" class=\"externalicon menu-item menu-item-type-custom menu-item-object-custom menu-item-84983\" menu-level=\"1\"><a target=\"_blank\" href=\"https:\/\/www.dropbox.com\/sh\/twtz2gne0qc6qnm\/AACwdc53fluTH7veDCF65QHka?dl=0\/\" class=\"externalicon\">Un jour autrefois <img decoding=\"async\" class=\"lienexterne\" src=\"https:\/\/www.aa87.org\/wp-content\/uploads\/2020\/07\/external16.png\" \/><\/a><\/li>\n<li id=\"menu-item-84984\" class=\"externalicon menu-item menu-item-type-custom menu-item-object-custom menu-item-84984\" menu-level=\"1\"><a target=\"_blank\" href=\"https:\/\/www.unjouralafois-emission.org\/\" class=\"externalicon\">Un jour \u00e0 la fois  <img decoding=\"async\" class=\"lienexterne\" src=\"https:\/\/www.aa87.org\/wp-content\/uploads\/2020\/07\/external16.png\" \/><\/a><\/li>\n<li id=\"menu-item-84985\" class=\"externalicon menu-item menu-item-type-custom menu-item-object-custom menu-item-84985\" menu-level=\"1\"><a target=\"_blank\" href=\"https:\/\/www.aa87.org\/es\/ressources\/rq\" class=\"externalicon\">Reflexiones diarias<\/a><\/li>\n<li id=\"menu-item-139593\" class=\"menu-item menu-item-type-custom menu-item-object-custom menu-item-139593\" menu-level=\"1\"><a href=\"https:\/\/www.aa87.org\/es\/ressources\/tous-les-depliants\/\">Todos los folletos<\/a><\/li>\n<li id=\"menu-item-139594\" class=\"menu-item menu-item-type-custom menu-item-object-custom menu-item-139594\" menu-level=\"1\"><a href=\"https:\/\/www.aa87.org\/es\/ressources\/pochette-du-nouveau\/\">Portada de la nueva<\/a><\/li>\n<li id=\"menu-item-137814\" class=\"menu-item menu-item-type-custom menu-item-object-custom menu-item-137814\" menu-level=\"1\"><a href=\"https:\/\/www.aa87.org\/es\/pochettersg\/\">Paquete de RSG<\/a><\/li>\n<li id=\"menu-item-139595\" class=\"menu-item menu-item-type-custom menu-item-object-custom menu-item-139595\" menu-level=\"1\"><a href=\"https:\/\/www.aa87.org\/es\/formularios\/\">Formularios<\/a><\/li>\n<li id=\"menu-item-139596\" class=\"menu-item menu-item-type-custom menu-item-object-custom menu-item-139596\" menu-level=\"1\"><a href=\"https:\/\/www.aa87.org\/es\/congres-a-venir\/\">Pr\u00f3xima Conferencia de AA<\/a><\/li>\n<li id=\"menu-item-139597\" class=\"menu-item menu-item-type-custom menu-item-object-custom menu-item-139597\" menu-level=\"1\"><a href=\"https:\/\/www.aa87.org\/es\/categoria\/servicios\/\">Servicios<\/a><\/li>\n<\/ul>\t\t\t            <div class=\"shortcode\"><\/div>\n\t\t\t\t\t<\/div>\n\n\t\t\t\t<div class=\"ova_closeCanvas ova_closeNav\"><\/div>\n\t\t\t<\/div>\n\t\t<\/div>\n\t\t\n\n\t\t\t\t\t<\/div>\n\t\t\t\t<\/div>\n\t\t\t\t\t<\/div>\n\t\t<\/div>\n\t\t\t\t\t<\/div>\n\t\t<\/section>\n\t\t\t\t<\/div>\n\t\t\t\t<\/div>\n\t\t\t\t\t\t<\/div>\n\t\t\t\t<\/div>\n\t\t\t\t\t<\/div>\n\t\t<\/div>\n\t\t\t\t<div class=\"elementor-column elementor-col-50 elementor-top-column elementor-element elementor-element-bef0398\" data-id=\"bef0398\" data-element_type=\"column\" data-e-type=\"column\">\n\t\t\t<div class=\"elementor-widget-wrap elementor-element-populated\">\n\t\t\t\t\t\t<div class=\"elementor-element elementor-element-3f76e6e elementor-widget elementor-widget-heading\" data-id=\"3f76e6e\" data-element_type=\"widget\" data-e-type=\"widget\" data-widget_type=\"heading.default\">\n\t\t\t\t<div class=\"elementor-widget-container\">\n\t\t\t\t\t<h3 class=\"elementor-heading-title elementor-size-default\">ASAAREC<\/h3>\t\t\t\t<\/div>\n\t\t\t\t<\/div>\n\t\t\t\t<div class=\"elementor-element elementor-element-aa627fa elementor-widget elementor-widget-text-editor\" data-id=\"aa627fa\" data-element_type=\"widget\" data-e-type=\"widget\" data-widget_type=\"text-editor.default\">\n\t\t\t\t<div class=\"elementor-widget-container\">\n\t\t\t\t\t\t\t\t\t<p>Esta Asamblea bianual es para delegados, M.C.D. y M.C.D.A., Coordinadores de Comit\u00e9s de Servicio, R.S.G. y miembros de Alcoh\u00f3licos An\u00f3nimos que deseen hacer o\u00edr su voz en este evento previo a la Conferencia. Tambi\u00e9n es una oportunidad para escuchar a los afiliados de las diez \u00e1reas del este de Canad\u00e1, no s\u00f3lo de la suya propia. Se trata de un foro en el que todos podemos examinar, debatir y aprender acerca de las preocupaciones y temas que figuran en el orden del d\u00eda de la pr\u00f3xima Conferencia. Es un fin de semana repleto de presentaciones estimulantes, temas para compartir, cestas de preguntas y oradores.<\/p>\t\t\t\t\t\t\t\t<\/div>\n\t\t\t\t<\/div>\n\t\t\t\t<div class=\"elementor-element elementor-element-15ad04f elementor-widget-divider--view-line elementor-widget elementor-widget-divider\" data-id=\"15ad04f\" data-element_type=\"widget\" data-e-type=\"widget\" data-widget_type=\"divider.default\">\n\t\t\t\t<div class=\"elementor-widget-container\">\n\t\t\t\t\t\t\t<div class=\"elementor-divider\">\n\t\t\t<span class=\"elementor-divider-separator\">\n\t\t\t\t\t\t<\/span>\n\t\t<\/div>\n\t\t\t\t\t\t<\/div>\n\t\t\t\t<\/div>\n\t\t\t\t<div class=\"elementor-element elementor-element-c469dbe elementor-widget elementor-widget-heading\" data-id=\"c469dbe\" data-element_type=\"widget\" data-e-type=\"widget\" data-widget_type=\"heading.default\">\n\t\t\t\t<div class=\"elementor-widget-container\">\n\t\t\t\t\t<h3 class=\"elementor-heading-title elementor-size-default\">Convenci\u00f3n internacional<\/h3>\t\t\t\t<\/div>\n\t\t\t\t<\/div>\n\t\t\t\t<div class=\"elementor-element elementor-element-14b8ab4 elementor-widget elementor-widget-text-editor\" data-id=\"14b8ab4\" data-element_type=\"widget\" data-e-type=\"widget\" data-widget_type=\"text-editor.default\">\n\t\t\t\t<div class=\"elementor-widget-container\">\n\t\t\t\t\t\t\t\t\t<p>La Convenci\u00f3n Internacional de A.A., que se celebra cada cinco a\u00f1os, conmemora el aniversario de la primera reuni\u00f3n de Bill W. con el Dr. Bob y el nacimiento de Alcoh\u00f3licos An\u00f3nimos en 1935. Miembros de A.A., sus familias y amigos de todo el mundo participan en este evento. En la Convenci\u00f3n Internacional se celebran reuniones, talleres, bailes y actos. Uno de los momentos m\u00e1s destacados es la tradicional ceremonia de la bandera para celebrar la sobriedad en todo el mundo. Vancouver acoger\u00e1 el pr\u00f3ximo Congreso Internacional del 2 al 5 de julio de 2025.<\/p>\t\t\t\t\t\t\t\t<\/div>\n\t\t\t\t<\/div>\n\t\t\t\t<div class=\"elementor-element elementor-element-3f36328 elementor-widget-divider--view-line elementor-widget elementor-widget-divider\" data-id=\"3f36328\" data-element_type=\"widget\" data-e-type=\"widget\" data-widget_type=\"divider.default\">\n\t\t\t\t<div class=\"elementor-widget-container\">\n\t\t\t\t\t\t\t<div class=\"elementor-divider\">\n\t\t\t<span class=\"elementor-divider-separator\">\n\t\t\t\t\t\t<\/span>\n\t\t<\/div>\n\t\t\t\t\t\t<\/div>\n\t\t\t\t<\/div>\n\t\t\t\t<div class=\"elementor-element elementor-element-fd60130 elementor-widget elementor-widget-heading\" data-id=\"fd60130\" data-element_type=\"widget\" data-e-type=\"widget\" data-widget_type=\"heading.default\">\n\t\t\t\t<div class=\"elementor-widget-container\">\n\t\t\t\t\t<h3 class=\"elementor-heading-title elementor-size-default\">Journ\u00e9e des centres de d\u00e9tention<\/h3>\t\t\t\t<\/div>\n\t\t\t\t<\/div>\n\t\t\t\t<div class=\"elementor-element elementor-element-98578cf elementor-widget elementor-widget-text-editor\" data-id=\"98578cf\" data-element_type=\"widget\" data-e-type=\"widget\" data-widget_type=\"text-editor.default\">\n\t\t\t\t<div class=\"elementor-widget-container\">\n\t\t\t\t\t\t\t\t\t<p>Une journ\u00e9e consacr\u00e9e \u00e0 des t\u00e9moignages de personnes \u00e0 qui le message des AA leur a \u00e9t\u00e9 transmis alors qu\u2019elles purgeaient une sentence d\u2019emprisonnement et qui sont libres aujourd\u2019hui, r\u00e9tablies et bien actives dans le service et qui ne sont jamais retourn\u00e9es en prison depuis.<\/p>\t\t\t\t\t\t\t\t<\/div>\n\t\t\t\t<\/div>\n\t\t\t\t<div class=\"elementor-element elementor-element-53056bb elementor-widget-divider--view-line elementor-widget elementor-widget-divider\" data-id=\"53056bb\" data-element_type=\"widget\" data-e-type=\"widget\" data-widget_type=\"divider.default\">\n\t\t\t\t<div class=\"elementor-widget-container\">\n\t\t\t\t\t\t\t<div class=\"elementor-divider\">\n\t\t\t<span class=\"elementor-divider-separator\">\n\t\t\t\t\t\t<\/span>\n\t\t<\/div>\n\t\t\t\t\t\t<\/div>\n\t\t\t\t<\/div>\n\t\t\t\t<div class=\"elementor-element elementor-element-b7a12c6 elementor-widget elementor-widget-heading\" data-id=\"b7a12c6\" data-element_type=\"widget\" data-e-type=\"widget\" data-widget_type=\"heading.default\">\n\t\t\t\t<div class=\"elementor-widget-container\">\n\t\t\t\t\t<h3 class=\"elementor-heading-title elementor-size-default\">NAATW<\/h3>\t\t\t\t<\/div>\n\t\t\t\t<\/div>\n\t\t\t\t<div class=\"elementor-element elementor-element-cfe338c elementor-widget elementor-widget-text-editor\" data-id=\"cfe338c\" data-element_type=\"widget\" data-e-type=\"widget\" data-widget_type=\"text-editor.default\">\n\t\t\t\t<div class=\"elementor-widget-container\">\n\t\t\t\t\t\t\t\t\t<p>Le NAATW est l\u2019atelier technologique national des AA. L\u2019atelier est un \u00e9v\u00e9nement annuel o\u00f9 les personnes int\u00e9ress\u00e9es \u00e0 utiliser la technologie au service des Alcooliques Anonymes se r\u00e9unissent pour partager leur exp\u00e9rience. L\u2019atelier est un endroit pour partager des id\u00e9es, entrer en contact avec d\u2019autres membres des AA int\u00e9ress\u00e9s par la technologie et ramener ces id\u00e9es dans nos foyers respectifs. \u00c9v\u00e9nement d\u2019un weekend g\u00e9n\u00e9ralement en septembre.<\/p>\t\t\t\t\t\t\t\t<\/div>\n\t\t\t\t<\/div>\n\t\t\t\t<div class=\"elementor-element elementor-element-fb8d87b elementor-widget-divider--view-line elementor-widget elementor-widget-divider\" data-id=\"fb8d87b\" data-element_type=\"widget\" data-e-type=\"widget\" data-widget_type=\"divider.default\">\n\t\t\t\t<div class=\"elementor-widget-container\">\n\t\t\t\t\t\t\t<div class=\"elementor-divider\">\n\t\t\t<span class=\"elementor-divider-separator\">\n\t\t\t\t\t\t<\/span>\n\t\t<\/div>\n\t\t\t\t\t\t<\/div>\n\t\t\t\t<\/div>\n\t\t\t\t<div class=\"elementor-element elementor-element-5134259 elementor-widget elementor-widget-heading\" data-id=\"5134259\" data-element_type=\"widget\" data-e-type=\"widget\" data-widget_type=\"heading.default\">\n\t\t\t\t<div class=\"elementor-widget-container\">\n\t\t\t\t\t<h3 class=\"elementor-heading-title elementor-size-default\">Autres congr\u00e8s<\/h3>\t\t\t\t<\/div>\n\t\t\t\t<\/div>\n\t\t\t\t<div class=\"elementor-element elementor-element-1cec7cdb pp-icon-list-traditional elementor-list-item-link-inline pp-icon-left elementor-widget elementor-widget-pp-icon-list\" data-id=\"1cec7cdb\" data-element_type=\"widget\" data-e-type=\"widget\" data-widget_type=\"pp-icon-list.default\">\n\t\t\t\t<div class=\"elementor-widget-container\">\n\t\t\t\t\t\t\t<div class=\"pp-list-container\">\n\t\t\t<ul class=\"pp-list-items\">\n\t\t\t\t\t\t\t\t\t\t\t\t\t\t\t\t\t\t\t\t\t<li class=\"pp-icon-list-item elementor-repeater-item-43bd744\">\n\t\t\t\t\t\t\t\t\t\t<span class=\"pp-icon-wrapper\">\n\t\t\t\t\t\t\t\t\t\t<span class=\"pp-icon-list-icon pp-icon \">\n\t\t\t\t\t\t<i aria-hidden=\"true\" class=\"fas fa-check\"><\/i><\/span>\t\t\t<\/span>\n\t\t\t\t\t\t\t\t\t\t<span class=\"pp-icon-list-text\">\n\t\t\t\t\t\t\t\tConf\u00e9rence bilingue sur le Gros Livre\t\t\t\t\t\t\t<\/span>\n\t\t\t\t\t\t\t\t\t\t\t\t\t<\/li>\n\t\t\t\t\t\t\t\t\t\t\t\t\t\t\t\t\t\t\t\t\t\t\t\t\t\t\t<li class=\"pp-icon-list-item elementor-repeater-item-f1691ca\">\n\t\t\t\t\t\t\t\t\t\t<span class=\"pp-icon-wrapper\">\n\t\t\t\t\t\t\t\t\t\t<span class=\"pp-icon-list-icon pp-icon \">\n\t\t\t\t\t\t<i aria-hidden=\"true\" class=\"fas fa-check\"><\/i><\/span>\t\t\t<\/span>\n\t\t\t\t\t\t\t\t\t\t<span class=\"pp-icon-list-text\">\n\t\t\t\t\t\t\t\tBrunch des archives\t\t\t\t\t\t\t<\/span>\n\t\t\t\t\t\t\t\t\t\t\t\t\t<\/li>\n\t\t\t\t\t\t\t\t\t\t\t\t\t\t\t\t\t\t\t\t\t\t\t\t\t\t\t<li class=\"pp-icon-list-item elementor-repeater-item-a73bafe\">\n\t\t\t\t\t\t\t\t\t\t<span class=\"pp-icon-wrapper\">\n\t\t\t\t\t\t\t\t\t\t<span class=\"pp-icon-list-icon pp-icon \">\n\t\t\t\t\t\t<i aria-hidden=\"true\" class=\"fas fa-check\"><\/i><\/span>\t\t\t<\/span>\n\t\t\t\t\t\t\t\t\t\t<span class=\"pp-icon-list-text\">\n\t\t\t\t\t\t\t\tForum territorial de l\u2019est du Canada\t\t\t\t\t\t\t<\/span>\n\t\t\t\t\t\t\t\t\t\t\t\t\t<\/li>\n\t\t\t\t\t\t\t\t\t\t\t\t\t\t\t\t\t\t\t\t\t\t\t\t\t\t\t<li class=\"pp-icon-list-item elementor-repeater-item-3fab917\">\n\t\t\t\t\t\t\t\t\t\t<span class=\"pp-icon-wrapper\">\n\t\t\t\t\t\t\t\t\t\t<span class=\"pp-icon-list-icon pp-icon \">\n\t\t\t\t\t\t<i aria-hidden=\"true\" class=\"fas fa-check\"><\/i><\/span>\t\t\t<\/span>\n\t\t\t\t\t\t\t\t\t\t<span class=\"pp-icon-list-text\">\n\t\t\t\t\t\t\t\tOrientation des d\u00e9l\u00e9gu\u00e9s\t\t\t\t\t\t\t<\/span>\n\t\t\t\t\t\t\t\t\t\t\t\t\t<\/li>\n\t\t\t\t\t\t\t\t\t\t\t\t\t\t\t\t\t\t\t\t\t\t\t\t\t\t\t<li class=\"pp-icon-list-item elementor-repeater-item-1cb023c\">\n\t\t\t\t\t\t\t\t\t\t<span class=\"pp-icon-wrapper\">\n\t\t\t\t\t\t\t\t\t\t<span class=\"pp-icon-list-icon pp-icon \">\n\t\t\t\t\t\t<i aria-hidden=\"true\" class=\"fas fa-check\"><\/i><\/span>\t\t\t<\/span>\n\t\t\t\t\t\t\t\t\t\t<span class=\"pp-icon-list-text\">\n\t\t\t\t\t\t\t\tFin de semaine de gratitude\t\t\t\t\t\t\t<\/span>\n\t\t\t\t\t\t\t\t\t\t\t\t\t<\/li>\n\t\t\t\t\t\t\t\t\t\t\t\t\t<\/ul>\n\t\t<\/div>\n\t\t\t\t\t\t<\/div>\n\t\t\t\t<\/div>\n\t\t\t\t\t<\/div>\n\t\t<\/div>\n\t\t\t\t\t<\/div>\n\t\t<\/section>\n\t\t\t\t<\/div>\n\t\t","protected":false},"excerpt":{"rendered":"<p>ASAAREC Esta Asamblea bianual es para delegados, M.C.D. y M.C.D.A., Coordinadores de Comit\u00e9s de Servicio, R.S.G. y miembros de Alcoh\u00f3licos An\u00f3nimos que deseen hacer o\u00edr su voz en este evento [&hellip;]<\/p>\n","protected":false},"author":10,"featured_media":82366,"parent":84761,"menu_order":0,"comment_status":"closed","ping_status":"closed","template":"elementor_header_footer","meta":{"_price":"","_stock":"","_tribe_ticket_header":"","_tribe_default_ticket_provider":"","_tribe_ticket_capacity":"0","_ticket_start_date":"","_ticket_end_date":"","_tribe_ticket_show_description":"","_tribe_ticket_show_not_going":false,"_tribe_ticket_use_global_stock":"","_tribe_ticket_global_stock_level":"","_global_stock_mode":"","_global_stock_cap":"","_tribe_rsvp_for_event":"","_tribe_ticket_going_count":"","_tribe_ticket_not_going_count":"","_tribe_tickets_list":"[]","_tribe_ticket_has_attendee_info_fields":false,"footnotes":"","_tec_slr_enabled":"","_tec_slr_layout":""},"class_list":["post-84919","page","type-page","status-publish","has-post-thumbnail","hentry"],"aioseo_notices":[],"publishpress_future_action":{"enabled":false,"date":"2026-05-16 00:04:01","action":"change-status","newStatus":"draft","terms":[],"taxonomy":"translation_priority","extraData":[]},"publishpress_future_workflow_manual_trigger":{"enabledWorkflows":[]},"ticketed":false,"_links":{"self":[{"href":"https:\/\/www.aa87.org\/es\/wp-json\/wp\/v2\/pages\/84919","targetHints":{"allow":["GET"]}}],"collection":[{"href":"https:\/\/www.aa87.org\/es\/wp-json\/wp\/v2\/pages"}],"about":[{"href":"https:\/\/www.aa87.org\/es\/wp-json\/wp\/v2\/types\/page"}],"author":[{"embeddable":true,"href":"https:\/\/www.aa87.org\/es\/wp-json\/wp\/v2\/users\/10"}],"replies":[{"embeddable":true,"href":"https:\/\/www.aa87.org\/es\/wp-json\/wp\/v2\/comments?post=84919"}],"version-history":[{"count":3,"href":"https:\/\/www.aa87.org\/es\/wp-json\/wp\/v2\/pages\/84919\/revisions"}],"predecessor-version":[{"id":99440,"href":"https:\/\/www.aa87.org\/es\/wp-json\/wp\/v2\/pages\/84919\/revisions\/99440"}],"up":[{"embeddable":true,"href":"https:\/\/www.aa87.org\/es\/wp-json\/wp\/v2\/pages\/84761"}],"wp:featuredmedia":[{"embeddable":true,"href":"https:\/\/www.aa87.org\/es\/wp-json\/wp\/v2\/media\/82366"}],"wp:attachment":[{"href":"https:\/\/www.aa87.org\/es\/wp-json\/wp\/v2\/media?parent=84919"}],"curies":[{"name":"wp","href":"https:\/\/api.w.org\/{rel}","templated":true}]}}