{"id":85422,"date":"2022-05-10T13:56:18","date_gmt":"2022-05-10T17:56:18","guid":{"rendered":"https:\/\/www.aa87.org\/miembros\/districts\/district-17\/"},"modified":"2022-07-13T15:47:52","modified_gmt":"2022-07-13T19:47:52","slug":"distrito-17","status":"publish","type":"page","link":"https:\/\/www.aa87.org\/es\/miembros\/distritos\/distrito-17\/","title":{"rendered":"Distrito 17 &#8211; FR"},"content":{"rendered":"\t\t<div data-elementor-type=\"wp-page\" data-elementor-id=\"85422\" class=\"elementor elementor-85422 elementor-79073\" data-elementor-post-type=\"page\">\n\t\t\t\t\t\t<section class=\"elementor-section elementor-top-section elementor-element elementor-element-e1dd29d elementor-section-boxed elementor-section-height-default elementor-section-height-default\" data-id=\"e1dd29d\" data-element_type=\"section\" data-e-type=\"section\">\n\t\t\t\t\t\t<div class=\"elementor-container elementor-column-gap-default\">\n\t\t\t\t\t<div class=\"elementor-column elementor-col-50 elementor-top-column elementor-element elementor-element-72ce8f4\" data-id=\"72ce8f4\" data-element_type=\"column\" data-e-type=\"column\">\n\t\t\t<div class=\"elementor-widget-wrap elementor-element-populated\">\n\t\t\t\t\t\t<div class=\"elementor-element elementor-element-a08c09f elementor-widget elementor-widget-template\" data-id=\"a08c09f\" data-element_type=\"widget\" data-e-type=\"widget\" data-widget_type=\"template.default\">\n\t\t\t\t<div class=\"elementor-widget-container\">\n\t\t\t\t\t\t\t<div class=\"elementor-template\">\n\t\t\t\t\t<div data-elementor-type=\"page\" data-elementor-id=\"85072\" class=\"elementor elementor-85072 elementor-78043 elementor-78043\" data-elementor-post-type=\"elementor_library\">\n\t\t\t\t\t\t<section class=\"elementor-section elementor-top-section elementor-element elementor-element-41bf438 elementor-section-boxed elementor-section-height-default elementor-section-height-default\" data-id=\"41bf438\" data-element_type=\"section\" data-e-type=\"section\">\n\t\t\t\t\t\t<div class=\"elementor-container elementor-column-gap-no\">\n\t\t\t\t\t<div class=\"elementor-column elementor-col-100 elementor-top-column elementor-element elementor-element-7e48ae9\" data-id=\"7e48ae9\" data-element_type=\"column\" data-e-type=\"column\">\n\t\t\t<div class=\"elementor-widget-wrap elementor-element-populated\">\n\t\t\t\t\t\t<div class=\"elementor-element elementor-element-a42ecb3 elementor-widget elementor-widget-heading\" data-id=\"a42ecb3\" data-element_type=\"widget\" data-e-type=\"widget\" data-widget_type=\"heading.default\">\n\t\t\t\t<div class=\"elementor-widget-container\">\n\t\t\t\t\t<h2 class=\"elementor-heading-title elementor-size-default\">Miembros<\/h2>\t\t\t\t<\/div>\n\t\t\t\t<\/div>\n\t\t\t\t<div class=\"elementor-element elementor-element-890944a elementor-widget__width-inherit side-menu elementor-widget elementor-widget-ova_menu\" data-id=\"890944a\" data-element_type=\"widget\" data-e-type=\"widget\" data-widget_type=\"ova_menu.default\">\n\t\t\t\t<div class=\"elementor-widget-container\">\n\t\t\t\t\t\n\t\t<div class=\"ova_menu_clasic\">\n\t\t\t<div class=\"ova_wrap_nav column NavBtn_left NavBtn_left_m\">\n\n\t\t\t\t\t<button class=\"ova_openNav\" aria-label=\"Menu Mobile\">\n\t\t\t\t\t\t<i class=\"fas fa-bars\"><\/i>\n\t\t\t\t\t<\/button>\n\n\t\t\t\t\t<div class=\"ova_nav canvas_left canvas_bg_gray\">\n\t\t\t\t\t\t<a href=\"javascript:void(0)\" class=\"ova_closeNav\"><i class=\"fas fa-times\"><\/i><\/a>\n\t\t\t\t\t\t<ul id=\"menu-side-menu-membres-es\" class=\"menu sub_menu_dir_right\"><li id=\"menu-item-146913\" class=\"menu-item menu-item-type-post_type menu-item-object-page menu-item-146913\" menu-level=\"1\"><a href=\"https:\/\/www.aa87.org\/es\/miembros\/distritos\/\">Distritos<\/a><\/li>\n<li id=\"menu-item-146914\" class=\"menu-item menu-item-type-post_type menu-item-object-page menu-item-146914\" menu-level=\"1\"><a href=\"https:\/\/www.aa87.org\/es\/miembros\/comites\/\">Comit\u00e9s<\/a><\/li>\n<li id=\"menu-item-146915\" class=\"menu-item menu-item-type-post_type menu-item-object-page menu-item-146915\" menu-level=\"1\"><a href=\"https:\/\/www.aa87.org\/es\/miembros\/asamblea-regional\/\">Asamblea Regional<\/a><\/li>\n<li id=\"menu-item-146916\" class=\"menu-item menu-item-type-post_type menu-item-object-page menu-item-146916\" menu-level=\"1\"><a href=\"https:\/\/www.aa87.org\/es\/miembros\/el-comite-de-area\/\">El Comit\u00e9 de \u00c1rea<\/a><\/li>\n<li id=\"menu-item-146917\" class=\"menu-item menu-item-type-post_type menu-item-object-page menu-item-146917\" menu-level=\"1\"><a href=\"https:\/\/www.aa87.org\/es\/miembros\/comite-de-direcion-de-area\/\">Comit\u00e9 de direcion de \u00c1rea<\/a><\/li>\n<li id=\"menu-item-146918\" class=\"menu-item menu-item-type-post_type menu-item-object-page menu-item-146918\" menu-level=\"1\"><a href=\"https:\/\/www.aa87.org\/es\/miembros\/oficina-del-area-87\/\">Oficina del \u00c1rea 87<\/a><\/li>\n<li id=\"menu-item-146919\" class=\"menu-item menu-item-type-post_type menu-item-object-page menu-item-146919\" menu-level=\"1\"><a href=\"https:\/\/www.aa87.org\/es\/miembros\/magasin-du-bsr\/\">Tienda OSR<\/a><\/li>\n<li id=\"menu-item-146920\" class=\"menu-item menu-item-type-post_type menu-item-object-page menu-item-146920\" menu-level=\"1\"><a href=\"https:\/\/www.aa87.org\/es\/miembros\/el-rincon-del-delegado\/\">El rinc\u00f3n del Delegado<\/a><\/li>\n<\/ul>\t\t\t            <div class=\"shortcode\"><\/div>\n\t\t\t\t\t<\/div>\n\n\t\t\t\t<div class=\"ova_closeCanvas ova_closeNav\"><\/div>\n\t\t\t<\/div>\n\t\t<\/div>\n\t\t\n\n\t\t\t\t\t<\/div>\n\t\t\t\t<\/div>\n\t\t\t\t\t<\/div>\n\t\t<\/div>\n\t\t\t\t\t<\/div>\n\t\t<\/section>\n\t\t\t\t<\/div>\n\t\t\t\t<\/div>\n\t\t\t\t\t\t<\/div>\n\t\t\t\t<\/div>\n\t\t\t\t\t<\/div>\n\t\t<\/div>\n\t\t\t\t<div class=\"elementor-column elementor-col-50 elementor-top-column elementor-element elementor-element-bef0398\" data-id=\"bef0398\" data-element_type=\"column\" data-e-type=\"column\">\n\t\t\t<div class=\"elementor-widget-wrap elementor-element-populated\">\n\t\t\t\t\t\t<section class=\"elementor-section elementor-inner-section elementor-element elementor-element-04847f6 elementor-section-content-middle elementor-section-boxed elementor-section-height-default elementor-section-height-default\" data-id=\"04847f6\" data-element_type=\"section\" data-e-type=\"section\">\n\t\t\t\t\t\t<div class=\"elementor-container elementor-column-gap-no\">\n\t\t\t\t\t<div class=\"elementor-column elementor-col-50 elementor-inner-column elementor-element elementor-element-c60d5bb\" data-id=\"c60d5bb\" data-element_type=\"column\" data-e-type=\"column\">\n\t\t\t<div class=\"elementor-widget-wrap elementor-element-populated\">\n\t\t\t\t\t\t<div class=\"elementor-element elementor-element-7f82ad6 elementor-widget elementor-widget-image\" data-id=\"7f82ad6\" data-element_type=\"widget\" data-e-type=\"widget\" data-widget_type=\"image.default\">\n\t\t\t\t<div class=\"elementor-widget-container\">\n\t\t\t\t\t\t\t\t\t\t\t\t\t\t\t<img fetchpriority=\"high\" decoding=\"async\" width=\"533\" height=\"533\" src=\"https:\/\/www.aa87.org\/wp-content\/uploads\/2022\/06\/district-map.jpg\" class=\"attachment-full size-full wp-image-83805\" alt=\"\" srcset=\"https:\/\/www.aa87.org\/wp-content\/uploads\/2022\/06\/district-map.jpg 533w, https:\/\/www.aa87.org\/wp-content\/uploads\/2022\/06\/district-map-300x300.jpg 300w, https:\/\/www.aa87.org\/wp-content\/uploads\/2022\/06\/district-map-150x150.jpg 150w\" sizes=\"(max-width: 533px) 100vw, 533px\" \/>\t\t\t\t\t\t\t\t\t\t\t\t\t\t\t<\/div>\n\t\t\t\t<\/div>\n\t\t\t\t\t<\/div>\n\t\t<\/div>\n\t\t\t\t<div class=\"elementor-column elementor-col-50 elementor-inner-column elementor-element elementor-element-dbfda53\" data-id=\"dbfda53\" data-element_type=\"column\" data-e-type=\"column\" data-settings=\"{&quot;background_background&quot;:&quot;classic&quot;}\">\n\t\t\t<div class=\"elementor-widget-wrap elementor-element-populated\">\n\t\t\t\t\t\t<div class=\"elementor-element elementor-element-1181d31 elementor-widget elementor-widget-heading\" data-id=\"1181d31\" data-element_type=\"widget\" data-e-type=\"widget\" data-widget_type=\"heading.default\">\n\t\t\t\t<div class=\"elementor-widget-container\">\n\t\t\t\t\t<h2 class=\"elementor-heading-title elementor-size-default\">Distrito 17 &#8211; FR<\/h2>\t\t\t\t<\/div>\n\t\t\t\t<\/div>\n\t\t\t\t<div class=\"elementor-element elementor-element-9895970 nomarginp elementor-widget elementor-widget-text-editor\" data-id=\"9895970\" data-element_type=\"widget\" data-e-type=\"widget\" data-widget_type=\"text-editor.default\">\n\t\t\t\t<div class=\"elementor-widget-container\">\n\t\t\t\t\t\t\t\t\tMontr\u00e9al-Est\/Anjou\t\t\t\t\t\t\t\t<\/div>\n\t\t\t\t<\/div>\n\t\t\t\t<div class=\"elementor-element elementor-element-bbb6720 elementor-align-left elementor-mobile-align-center elementor-widget elementor-widget-button\" data-id=\"bbb6720\" data-element_type=\"widget\" data-e-type=\"widget\" data-widget_type=\"button.default\">\n\t\t\t\t<div class=\"elementor-widget-container\">\n\t\t\t\t\t\t\t\t\t<div class=\"elementor-button-wrapper\">\n\t\t\t\t\t<a class=\"elementor-button elementor-button-link elementor-size-sm\" href=\"https:\/\/meetings.aa87.org\/meetings\/?tsml-day=any&#038;tsml-district=87-17-montreal-est-anjou\" target=\"_blank\">\n\t\t\t\t\t\t<span class=\"elementor-button-content-wrapper\">\n\t\t\t\t\t\t\t\t\t<span class=\"elementor-button-text\">Trouver une r\u00e9union dans ce district<\/span>\n\t\t\t\t\t<\/span>\n\t\t\t\t\t<\/a>\n\t\t\t\t<\/div>\n\t\t\t\t\t\t\t\t<\/div>\n\t\t\t\t<\/div>\n\t\t\t\t\t<\/div>\n\t\t<\/div>\n\t\t\t\t\t<\/div>\n\t\t<\/section>\n\t\t\t\t<div class=\"elementor-element elementor-element-d040ca7 elementor-widget elementor-widget-text-editor\" data-id=\"d040ca7\" data-element_type=\"widget\" data-e-type=\"widget\" data-widget_type=\"text-editor.default\">\n\t\t\t\t<div class=\"elementor-widget-container\">\n\t\t\t\t\t\t\t\t\t<p><strong>Bienvenue &#8211; District 17<\/strong><\/p><p>Chaque ann\u00e9e, le District 17 organise trois activit\u00e9s :<\/p><ul><li>L\u2019\u00e9pluchette<\/li><li>La f\u00eate de No\u00ebl<\/li><li>La gratitude<\/li><\/ul>\t\t\t\t\t\t\t\t<\/div>\n\t\t\t\t<\/div>\n\t\t\t\t<div class=\"elementor-element elementor-element-9133e57 elementor-widget-divider--view-line elementor-widget elementor-widget-divider\" data-id=\"9133e57\" data-element_type=\"widget\" data-e-type=\"widget\" data-widget_type=\"divider.default\">\n\t\t\t\t<div class=\"elementor-widget-container\">\n\t\t\t\t\t\t\t<div class=\"elementor-divider\">\n\t\t\t<span class=\"elementor-divider-separator\">\n\t\t\t\t\t\t<\/span>\n\t\t<\/div>\n\t\t\t\t\t\t<\/div>\n\t\t\t\t<\/div>\n\t\t\t\t<section class=\"elementor-section elementor-inner-section elementor-element elementor-element-538f46b elementor-section-content-middle elementor-hidden-desktop elementor-hidden-tablet elementor-hidden-mobile elementor-section-boxed elementor-section-height-default elementor-section-height-default\" data-id=\"538f46b\" data-element_type=\"section\" data-e-type=\"section\">\n\t\t\t\t\t\t<div class=\"elementor-container elementor-column-gap-no\">\n\t\t\t\t\t<div class=\"elementor-column elementor-col-50 elementor-inner-column elementor-element elementor-element-02a08e2\" data-id=\"02a08e2\" data-element_type=\"column\" data-e-type=\"column\">\n\t\t\t<div class=\"elementor-widget-wrap elementor-element-populated\">\n\t\t\t\t\t\t<div class=\"elementor-element elementor-element-5b82f40 pp-icon-list-traditional elementor-list-item-link-inline pp-icon-left elementor-widget elementor-widget-pp-icon-list\" data-id=\"5b82f40\" data-element_type=\"widget\" data-e-type=\"widget\" data-widget_type=\"pp-icon-list.default\">\n\t\t\t\t<div class=\"elementor-widget-container\">\n\t\t\t\t\t\t\t<div class=\"pp-list-container\">\n\t\t\t<ul class=\"pp-list-items\">\n\t\t\t\t\t\t\t\t\t\t\t\t\t\t\t\t\t\t\t\t\t<li class=\"pp-icon-list-item elementor-repeater-item-b9c8e7d\">\n\t\t\t\t\t\t\t\t\t\t\t\t\t\t\t<a href=\"https:\/\/www.aa87.org\/es\/eventos\/mes\/?tribe_eventcategory%5B0%5D=429\">\n\t\t\t\t\t\t\t\t\t\t\t<span class=\"pp-icon-wrapper\">\n\t\t\t\t\t\t\t\t\t\t<span class=\"pp-icon-list-icon pp-icon \">\n\t\t\t\t\t\t<i aria-hidden=\"true\" class=\"fas fa-calendar-alt\"><\/i><\/span>\t\t\t<\/span>\n\t\t\t\t\t\t\t\t\t\t<span class=\"pp-icon-list-text\">\n\t\t\t\t\t\t\t\tListe des activit\u00e9s\t\t\t\t\t\t\t<\/span>\n\t\t\t\t\t\t\t\t\t\t\t\t\t\t\t<\/a>\n\t\t\t\t\t\t\t\t\t\t\t\t\t\t<\/li>\n\t\t\t\t\t\t\t\t\t\t\t\t\t<\/ul>\n\t\t<\/div>\n\t\t\t\t\t\t<\/div>\n\t\t\t\t<\/div>\n\t\t\t\t\t<\/div>\n\t\t<\/div>\n\t\t\t\t<div class=\"elementor-column elementor-col-50 elementor-inner-column elementor-element elementor-element-8ca223d\" data-id=\"8ca223d\" data-element_type=\"column\" data-e-type=\"column\">\n\t\t\t<div class=\"elementor-widget-wrap elementor-element-populated\">\n\t\t\t\t\t\t<div class=\"elementor-element elementor-element-fa90767 pp-icon-list-traditional elementor-list-item-link-inline pp-icon-left elementor-widget elementor-widget-pp-icon-list\" data-id=\"fa90767\" data-element_type=\"widget\" data-e-type=\"widget\" data-widget_type=\"pp-icon-list.default\">\n\t\t\t\t<div class=\"elementor-widget-container\">\n\t\t\t\t\t\t\t<div class=\"pp-list-container\">\n\t\t\t<ul class=\"pp-list-items\">\n\t\t\t\t\t\t\t\t\t\t\t\t\t\t\t\t\t\t\t\t\t<li class=\"pp-icon-list-item elementor-repeater-item-b9c8e7d\">\n\t\t\t\t\t\t\t\t\t\t\t\t\t\t\t<a href=\"mailto:district17@aa87.org\">\n\t\t\t\t\t\t\t\t\t\t\t<span class=\"pp-icon-wrapper\">\n\t\t\t\t\t\t\t\t\t\t<span class=\"pp-icon-list-icon pp-icon \">\n\t\t\t\t\t\t<i aria-hidden=\"true\" class=\"fas fa-envelope\"><\/i><\/span>\t\t\t<\/span>\n\t\t\t\t\t\t\t\t\t\t<span class=\"pp-icon-list-text\">\n\t\t\t\t\t\t\t\tEnvoyer un courriel <br>au RDR\t\t\t\t\t\t\t<\/span>\n\t\t\t\t\t\t\t\t\t\t\t\t\t\t\t<\/a>\n\t\t\t\t\t\t\t\t\t\t\t\t\t\t<\/li>\n\t\t\t\t\t\t\t\t\t\t\t\t\t<\/ul>\n\t\t<\/div>\n\t\t\t\t\t\t<\/div>\n\t\t\t\t<\/div>\n\t\t\t\t\t<\/div>\n\t\t<\/div>\n\t\t\t\t\t<\/div>\n\t\t<\/section>\n\t\t\t\t<section class=\"elementor-section elementor-inner-section elementor-element elementor-element-3dfccfa elementor-section-content-top elementor-section-boxed elementor-section-height-default elementor-section-height-default\" data-id=\"3dfccfa\" data-element_type=\"section\" data-e-type=\"section\">\n\t\t\t\t\t\t<div class=\"elementor-container elementor-column-gap-no\">\n\t\t\t\t\t<div class=\"elementor-column elementor-col-50 elementor-inner-column elementor-element elementor-element-528a2f4\" data-id=\"528a2f4\" data-element_type=\"column\" data-e-type=\"column\">\n\t\t\t<div class=\"elementor-widget-wrap elementor-element-populated\">\n\t\t\t\t\t\t<div class=\"elementor-element elementor-element-454c3e9 elementor-widget elementor-widget-ova_list_link\" data-id=\"454c3e9\" data-element_type=\"widget\" data-e-type=\"widget\" data-widget_type=\"ova_list_link.default\">\n\t\t\t\t<div class=\"elementor-widget-container\">\n\t\t\t\t\t\t\t<div class=\"ova_list_link \">\n\t\t\t\t\t\t<h3 class=\"title\">\n\t\t\t\tDocuments\t\t\t<\/h3>\n\t\t\t\t\t\t\t\t\t<ul class=\"content\">\n\t\t\t\t\t\t\t\t\t<li class=\"item\">\n\t\t\t\t\t\t<a href=\"https:\/\/www.aa87.org\/wp-content\/uploads\/2020\/07\/2018-Ligne-de-conduite-district-17.pdf\" target=&quot;_blank&quot;>\n\t\t\t\t\t\t\t2018 \u2013 Ligne de conduite\t\t\t\t\t\t\t\t\t\t\t\t\t    \t\t\t\t\t\t\t<span class=\"icon-hover\">\n\t\t\t\t\t\t\t\t<i data-feather=\"arrow-up-right\"><\/i>\n\t\t\t\t\t\t\t<\/span>\n\t\t\t\t\t\t\t \t\t\t\t\t\t<\/a>\n\n\t\t\t\t\t<\/li>\n\t\t\t\t\t\t\t\t\t<li class=\"item\">\n\t\t\t\t\t\t<a href=\"https:\/\/www.aa87.org\/wp-content\/uploads\/2020\/07\/2018-Lignes-de-conduite-Comite-des-activites-District-87-17.pdf\" target=&quot;_blank&quot;>\n\t\t\t\t\t\t\t2018 \u2013 Ligne de conduite Comit\u00e9 des activit\u00e9s\t\t\t\t\t\t\t\t\t\t\t\t\t    \t\t\t\t\t\t\t<span class=\"icon-hover\">\n\t\t\t\t\t\t\t\t<i data-feather=\"arrow-up-right\"><\/i>\n\t\t\t\t\t\t\t<\/span>\n\t\t\t\t\t\t\t \t\t\t\t\t\t<\/a>\n\n\t\t\t\t\t<\/li>\n\t\t\t\t\t\t\t\t\t<li class=\"item\">\n\t\t\t\t\t\t<a href=\"https:\/\/www.aa87.org\/wp-content\/uploads\/2020\/07\/2020-District-87-17-Calendrier-des-reunions.pdf\" target=&quot;_blank&quot;>\n\t\t\t\t\t\t\tCalendrier des r\u00e9unions 2020\t\t\t\t\t\t\t\t\t\t\t\t\t    \t\t\t\t\t\t\t<span class=\"icon-hover\">\n\t\t\t\t\t\t\t\t<i data-feather=\"arrow-up-right\"><\/i>\n\t\t\t\t\t\t\t<\/span>\n\t\t\t\t\t\t\t \t\t\t\t\t\t<\/a>\n\n\t\t\t\t\t<\/li>\n\t\t\t\t\t\t\t\t\t<li class=\"item\">\n\t\t\t\t\t\t<a href=\"https:\/\/www.aa87.org\/wp-content\/uploads\/2020\/07\/2019-Rapport_de_depenses-Modele-District-87-17.xlsx\" target=&quot;_blank&quot;>\n\t\t\t\t\t\t\t2019 \u2013 Rapport de d\u00e9penses (.xlsx)\t\t\t\t\t\t\t\t\t\t\t\t\t    \t\t\t\t\t\t\t<span class=\"icon-hover\">\n\t\t\t\t\t\t\t\t<i data-feather=\"arrow-up-right\"><\/i>\n\t\t\t\t\t\t\t<\/span>\n\t\t\t\t\t\t\t \t\t\t\t\t\t<\/a>\n\n\t\t\t\t\t<\/li>\n\t\t\t\t\t\t\t\t\t<li class=\"item\">\n\t\t\t\t\t\t<a href=\"https:\/\/www.aa87.org\/wp-content\/uploads\/2020\/07\/District-17-Guide-du-secretaire.docx\" target=&quot;_blank&quot;>\n\t\t\t\t\t\t\tGuide du secr\u00e9taire (.docx)\t\t\t\t\t\t\t\t\t\t\t\t\t    \t\t\t\t\t\t\t<span class=\"icon-hover\">\n\t\t\t\t\t\t\t\t<i data-feather=\"arrow-up-right\"><\/i>\n\t\t\t\t\t\t\t<\/span>\n\t\t\t\t\t\t\t \t\t\t\t\t\t<\/a>\n\n\t\t\t\t\t<\/li>\n\t\t\t\t\t\t\t\t\t<li class=\"item\">\n\t\t\t\t\t\t<a href=\"https:\/\/www.aa87.org\/wp-content\/uploads\/2020\/07\/District-17-Presences-Signature.xlsx\" target=&quot;_blank&quot;>\n\t\t\t\t\t\t\tPr\u00e9sences des RSG \u2013 Signature (.xlsx)\t\t\t\t\t\t\t\t\t\t\t\t\t    \t\t\t\t\t\t\t<span class=\"icon-hover\">\n\t\t\t\t\t\t\t\t<i data-feather=\"arrow-up-right\"><\/i>\n\t\t\t\t\t\t\t<\/span>\n\t\t\t\t\t\t\t \t\t\t\t\t\t<\/a>\n\n\t\t\t\t\t<\/li>\n\t\t\t\t\t\t\t\t\t<li class=\"item\">\n\t\t\t\t\t\t<a href=\"https:\/\/www.aa87.org\/wp-content\/uploads\/2020\/07\/District-17-Rapport-mensuel-RSG.xlsx\" target=&quot;_blank&quot;>\n\t\t\t\t\t\t\tRapport mensuel RSG (.xlsx)\t\t\t\t\t\t\t\t\t\t\t\t\t    \t\t\t\t\t\t\t<span class=\"icon-hover\">\n\t\t\t\t\t\t\t\t<i data-feather=\"arrow-up-right\"><\/i>\n\t\t\t\t\t\t\t<\/span>\n\t\t\t\t\t\t\t \t\t\t\t\t\t<\/a>\n\n\t\t\t\t\t<\/li>\n\t\t\t\t\t\t\t\t\t<li class=\"item\">\n\t\t\t\t\t\t<a href=\"https:\/\/www.aa87.org\/wp-content\/uploads\/2020\/07\/District-17-Dates-de-fondation-des-groupes_2018.docx\" target=&quot;_blank&quot;>\n\t\t\t\t\t\t\t2018 \u2013 Dates de fondation des groupes (.docx)\t\t\t\t\t\t\t\t\t\t\t\t\t    \t\t\t\t\t\t\t<span class=\"icon-hover\">\n\t\t\t\t\t\t\t\t<i data-feather=\"arrow-up-right\"><\/i>\n\t\t\t\t\t\t\t<\/span>\n\t\t\t\t\t\t\t \t\t\t\t\t\t<\/a>\n\n\t\t\t\t\t<\/li>\n\t\t\t\t\t\t\t\t\t<li class=\"item\">\n\t\t\t\t\t\t<a href=\"https:\/\/www.aa87.org\/wp-content\/uploads\/2020\/07\/2020-01-12-Liste-des-groupes-District-87-17-23-groupes.pdf\" target=&quot;_blank&quot;>\n\t\t\t\t\t\t\tListe des groupes\t\t\t\t\t\t\t\t\t\t\t\t\t    \t\t\t\t\t\t\t<span class=\"icon-hover\">\n\t\t\t\t\t\t\t\t<i data-feather=\"arrow-up-right\"><\/i>\n\t\t\t\t\t\t\t<\/span>\n\t\t\t\t\t\t\t \t\t\t\t\t\t<\/a>\n\n\t\t\t\t\t<\/li>\n\t\t\t\t\t\t\t<\/ul>\n\t\t\t\t\t<\/div>\n\t\t\t\t\t\t<\/div>\n\t\t\t\t<\/div>\n\t\t\t\t\t<\/div>\n\t\t<\/div>\n\t\t\t\t<div class=\"elementor-column elementor-col-50 elementor-inner-column elementor-element elementor-element-e57c95c\" data-id=\"e57c95c\" data-element_type=\"column\" data-e-type=\"column\">\n\t\t\t<div class=\"elementor-widget-wrap elementor-element-populated\">\n\t\t\t\t\t\t<div class=\"elementor-element elementor-element-a4981de pp-icon-list-traditional elementor-list-item-link-inline pp-icon-left elementor-widget elementor-widget-pp-icon-list\" data-id=\"a4981de\" data-element_type=\"widget\" data-e-type=\"widget\" data-widget_type=\"pp-icon-list.default\">\n\t\t\t\t<div class=\"elementor-widget-container\">\n\t\t\t\t\t\t\t<div class=\"pp-list-container\">\n\t\t\t<ul class=\"pp-list-items\">\n\t\t\t\t\t\t\t\t\t\t\t\t\t\t\t\t\t\t\t\t\t<li class=\"pp-icon-list-item elementor-repeater-item-b9c8e7d\">\n\t\t\t\t\t\t\t\t\t\t\t\t\t\t\t<a href=\"https:\/\/www.aa87.org\/es\/eventos\/mes\/?tribe_eventcategory%5B0%5D=429\">\n\t\t\t\t\t\t\t\t\t\t\t<span class=\"pp-icon-wrapper\">\n\t\t\t\t\t\t\t\t\t\t<span class=\"pp-icon-list-icon pp-icon \">\n\t\t\t\t\t\t<i aria-hidden=\"true\" class=\"fas fa-calendar-alt\"><\/i><\/span>\t\t\t<\/span>\n\t\t\t\t\t\t\t\t\t\t<span class=\"pp-icon-list-text\">\n\t\t\t\t\t\t\t\tListe des activit\u00e9s\t\t\t\t\t\t\t<\/span>\n\t\t\t\t\t\t\t\t\t\t\t\t\t\t\t<\/a>\n\t\t\t\t\t\t\t\t\t\t\t\t\t\t<\/li>\n\t\t\t\t\t\t\t\t\t\t\t\t\t<\/ul>\n\t\t<\/div>\n\t\t\t\t\t\t<\/div>\n\t\t\t\t<\/div>\n\t\t\t\t<div class=\"elementor-element elementor-element-a705025 elementor-widget elementor-widget-spacer\" data-id=\"a705025\" data-element_type=\"widget\" data-e-type=\"widget\" data-widget_type=\"spacer.default\">\n\t\t\t\t<div class=\"elementor-widget-container\">\n\t\t\t\t\t\t\t<div class=\"elementor-spacer\">\n\t\t\t<div class=\"elementor-spacer-inner\"><\/div>\n\t\t<\/div>\n\t\t\t\t\t\t<\/div>\n\t\t\t\t<\/div>\n\t\t\t\t<div class=\"elementor-element elementor-element-eed3665 pp-icon-list-traditional elementor-list-item-link-inline pp-icon-left elementor-widget elementor-widget-pp-icon-list\" data-id=\"eed3665\" data-element_type=\"widget\" data-e-type=\"widget\" data-widget_type=\"pp-icon-list.default\">\n\t\t\t\t<div class=\"elementor-widget-container\">\n\t\t\t\t\t\t\t<div class=\"pp-list-container\">\n\t\t\t<ul class=\"pp-list-items\">\n\t\t\t\t\t\t\t\t\t\t\t\t\t\t\t\t\t\t\t\t\t<li class=\"pp-icon-list-item elementor-repeater-item-b9c8e7d\">\n\t\t\t\t\t\t\t\t\t\t\t\t\t\t\t<a href=\"mailto:district17@aa87.org\">\n\t\t\t\t\t\t\t\t\t\t\t<span class=\"pp-icon-wrapper\">\n\t\t\t\t\t\t\t\t\t\t<span class=\"pp-icon-list-icon pp-icon \">\n\t\t\t\t\t\t<i aria-hidden=\"true\" class=\"fas fa-envelope\"><\/i><\/span>\t\t\t<\/span>\n\t\t\t\t\t\t\t\t\t\t<span class=\"pp-icon-list-text\">\n\t\t\t\t\t\t\t\tEnvoyer un courriel <br>au RDR\t\t\t\t\t\t\t<\/span>\n\t\t\t\t\t\t\t\t\t\t\t\t\t\t\t<\/a>\n\t\t\t\t\t\t\t\t\t\t\t\t\t\t<\/li>\n\t\t\t\t\t\t\t\t\t\t\t\t\t<\/ul>\n\t\t<\/div>\n\t\t\t\t\t\t<\/div>\n\t\t\t\t<\/div>\n\t\t\t\t\t<\/div>\n\t\t<\/div>\n\t\t\t\t\t<\/div>\n\t\t<\/section>\n\t\t\t\t\t<\/div>\n\t\t<\/div>\n\t\t\t\t\t<\/div>\n\t\t<\/section>\n\t\t\t\t<section class=\"elementor-section elementor-top-section elementor-element elementor-element-9cb541d elementor-section-boxed elementor-section-height-default elementor-section-height-default\" data-id=\"9cb541d\" data-element_type=\"section\" data-e-type=\"section\">\n\t\t\t\t\t\t<div class=\"elementor-container elementor-column-gap-default\">\n\t\t\t\t\t<div class=\"elementor-column elementor-col-100 elementor-top-column elementor-element elementor-element-d165dce\" data-id=\"d165dce\" data-element_type=\"column\" data-e-type=\"column\">\n\t\t\t<div class=\"elementor-widget-wrap elementor-element-populated\">\n\t\t\t\t\t\t<div class=\"elementor-element elementor-element-7099a6c elementor-widget elementor-widget-spacer\" data-id=\"7099a6c\" data-element_type=\"widget\" data-e-type=\"widget\" data-widget_type=\"spacer.default\">\n\t\t\t\t<div class=\"elementor-widget-container\">\n\t\t\t\t\t\t\t<div class=\"elementor-spacer\">\n\t\t\t<div class=\"elementor-spacer-inner\"><\/div>\n\t\t<\/div>\n\t\t\t\t\t\t<\/div>\n\t\t\t\t<\/div>\n\t\t\t\t\t<\/div>\n\t\t<\/div>\n\t\t\t\t\t<\/div>\n\t\t<\/section>\n\t\t\t\t<\/div>\n\t\t","protected":false},"excerpt":{"rendered":"<p>Montr\u00e9al-Est\/Anjou Trouver une r\u00e9union dans ce district Bienvenue &#8211; District 17 Chaque ann\u00e9e, le District 17 organise trois activit\u00e9s : L\u2019\u00e9pluchette La f\u00eate de No\u00ebl La gratitude Liste des activit\u00e9s [&hellip;]<\/p>\n","protected":false},"author":10,"featured_media":0,"parent":84866,"menu_order":0,"comment_status":"closed","ping_status":"closed","template":"elementor_header_footer","meta":{"_price":"","_stock":"","_tribe_ticket_header":"","_tribe_default_ticket_provider":"","_ticket_start_date":"","_ticket_end_date":"","_tribe_ticket_show_description":"","_tribe_ticket_show_not_going":false,"_tribe_ticket_use_global_stock":"","_tribe_ticket_global_stock_level":"","_global_stock_mode":"","_global_stock_cap":"","_tribe_rsvp_for_event":"","_tribe_ticket_going_count":"","_tribe_ticket_not_going_count":"","_tribe_tickets_list":"[]","_tribe_ticket_has_attendee_info_fields":false,"footnotes":"","_tec_slr_enabled":"","_tec_slr_layout":""},"class_list":["post-85422","page","type-page","status-publish","hentry"],"aioseo_notices":[],"publishpress_future_action":{"enabled":false,"date":"2026-04-28 09:56:10","action":"change-status","newStatus":"draft","terms":[],"taxonomy":"translation_priority","extraData":[]},"publishpress_future_workflow_manual_trigger":{"enabledWorkflows":[]},"ticketed":false,"_links":{"self":[{"href":"https:\/\/www.aa87.org\/es\/wp-json\/wp\/v2\/pages\/85422","targetHints":{"allow":["GET"]}}],"collection":[{"href":"https:\/\/www.aa87.org\/es\/wp-json\/wp\/v2\/pages"}],"about":[{"href":"https:\/\/www.aa87.org\/es\/wp-json\/wp\/v2\/types\/page"}],"author":[{"embeddable":true,"href":"https:\/\/www.aa87.org\/es\/wp-json\/wp\/v2\/users\/10"}],"replies":[{"embeddable":true,"href":"https:\/\/www.aa87.org\/es\/wp-json\/wp\/v2\/comments?post=85422"}],"version-history":[{"count":0,"href":"https:\/\/www.aa87.org\/es\/wp-json\/wp\/v2\/pages\/85422\/revisions"}],"up":[{"embeddable":true,"href":"https:\/\/www.aa87.org\/es\/wp-json\/wp\/v2\/pages\/84866"}],"wp:attachment":[{"href":"https:\/\/www.aa87.org\/es\/wp-json\/wp\/v2\/media?parent=85422"}],"curies":[{"name":"wp","href":"https:\/\/api.w.org\/{rel}","templated":true}]}}