{"id":92239,"date":"2022-09-02T16:45:49","date_gmt":"2022-09-02T20:45:49","guid":{"rendered":"https:\/\/www.aa87.org\/miembros\/comites\/sitio-web\/servira-comite-technologie\/"},"modified":"2022-10-30T14:29:25","modified_gmt":"2022-10-30T18:29:25","slug":"servira-comite-technologie","status":"publish","type":"page","link":"https:\/\/www.aa87.org\/es\/miembros\/comites\/comite-des-technologies\/servira-comite-technologie\/","title":{"rendered":"Membres int\u00e9ress\u00e9s \u00e0 servir le Comit\u00e9 des technologies"},"content":{"rendered":"\t\t<div data-elementor-type=\"wp-page\" data-elementor-id=\"92239\" class=\"elementor elementor-92239 elementor-92233\" data-elementor-post-type=\"page\">\n\t\t\t\t\t\t<section class=\"elementor-section elementor-top-section elementor-element elementor-element-ea8d082 elementor-section-boxed elementor-section-height-default elementor-section-height-default\" data-id=\"ea8d082\" data-element_type=\"section\" data-e-type=\"section\">\n\t\t\t\t\t\t<div class=\"elementor-container elementor-column-gap-default\">\n\t\t\t\t\t<div class=\"elementor-column elementor-col-100 elementor-top-column elementor-element elementor-element-20dda6c\" data-id=\"20dda6c\" data-element_type=\"column\" data-e-type=\"column\">\n\t\t\t<div class=\"elementor-widget-wrap elementor-element-populated\">\n\t\t\t\t\t\t<section class=\"elementor-section elementor-inner-section elementor-element elementor-element-b411002 elementor-section-boxed elementor-section-height-default elementor-section-height-default\" data-id=\"b411002\" data-element_type=\"section\" data-e-type=\"section\">\n\t\t\t\t\t\t<div class=\"elementor-container elementor-column-gap-default\">\n\t\t\t\t\t<div class=\"elementor-column elementor-col-50 elementor-inner-column elementor-element elementor-element-90a1708\" data-id=\"90a1708\" data-element_type=\"column\" data-e-type=\"column\">\n\t\t\t<div class=\"elementor-widget-wrap elementor-element-populated\">\n\t\t\t\t\t\t<div class=\"elementor-element elementor-element-170aef3 elementor-widget elementor-widget-template\" data-id=\"170aef3\" data-element_type=\"widget\" data-e-type=\"widget\" data-widget_type=\"template.default\">\n\t\t\t\t<div class=\"elementor-widget-container\">\n\t\t\t\t\t\t\t<div class=\"elementor-template\">\n\t\t\t\t\t<div data-elementor-type=\"page\" data-elementor-id=\"85072\" class=\"elementor elementor-85072 elementor-78043 elementor-78043\" data-elementor-post-type=\"elementor_library\">\n\t\t\t\t\t\t<section class=\"elementor-section elementor-top-section elementor-element elementor-element-41bf438 elementor-section-boxed elementor-section-height-default elementor-section-height-default\" data-id=\"41bf438\" data-element_type=\"section\" data-e-type=\"section\">\n\t\t\t\t\t\t<div class=\"elementor-container elementor-column-gap-no\">\n\t\t\t\t\t<div class=\"elementor-column elementor-col-100 elementor-top-column elementor-element elementor-element-7e48ae9\" data-id=\"7e48ae9\" data-element_type=\"column\" data-e-type=\"column\">\n\t\t\t<div class=\"elementor-widget-wrap elementor-element-populated\">\n\t\t\t\t\t\t<div class=\"elementor-element elementor-element-a42ecb3 elementor-widget elementor-widget-heading\" data-id=\"a42ecb3\" data-element_type=\"widget\" data-e-type=\"widget\" data-widget_type=\"heading.default\">\n\t\t\t\t<div class=\"elementor-widget-container\">\n\t\t\t\t\t<h2 class=\"elementor-heading-title elementor-size-default\">Miembros<\/h2>\t\t\t\t<\/div>\n\t\t\t\t<\/div>\n\t\t\t\t<div class=\"elementor-element elementor-element-890944a elementor-widget__width-inherit side-menu elementor-widget elementor-widget-ova_menu\" data-id=\"890944a\" data-element_type=\"widget\" data-e-type=\"widget\" data-widget_type=\"ova_menu.default\">\n\t\t\t\t<div class=\"elementor-widget-container\">\n\t\t\t\t\t\n\t\t<div class=\"ova_menu_clasic\">\n\t\t\t<div class=\"ova_wrap_nav column NavBtn_left NavBtn_left_m\">\n\n\t\t\t\t\t<button class=\"ova_openNav\" aria-label=\"Menu Mobile\">\n\t\t\t\t\t\t<i class=\"fas fa-bars\"><\/i>\n\t\t\t\t\t<\/button>\n\n\t\t\t\t\t<div class=\"ova_nav canvas_left canvas_bg_gray\">\n\t\t\t\t\t\t<a href=\"javascript:void(0)\" class=\"ova_closeNav\"><i class=\"fas fa-times\"><\/i><\/a>\n\t\t\t\t\t\t<ul id=\"menu-side-menu-membres-es\" class=\"menu sub_menu_dir_right\"><li id=\"menu-item-146913\" class=\"menu-item menu-item-type-post_type menu-item-object-page menu-item-146913\" menu-level=\"1\"><a href=\"https:\/\/www.aa87.org\/es\/miembros\/distritos\/\">Distritos<\/a><\/li>\n<li id=\"menu-item-146914\" class=\"menu-item menu-item-type-post_type menu-item-object-page menu-item-146914\" menu-level=\"1\"><a href=\"https:\/\/www.aa87.org\/es\/miembros\/comites\/\">Comit\u00e9s<\/a><\/li>\n<li id=\"menu-item-146915\" class=\"menu-item menu-item-type-post_type menu-item-object-page menu-item-146915\" menu-level=\"1\"><a href=\"https:\/\/www.aa87.org\/es\/miembros\/asamblea-regional\/\">Asamblea Regional<\/a><\/li>\n<li id=\"menu-item-146916\" class=\"menu-item menu-item-type-post_type menu-item-object-page menu-item-146916\" menu-level=\"1\"><a href=\"https:\/\/www.aa87.org\/es\/miembros\/el-comite-de-area\/\">El Comit\u00e9 de \u00c1rea<\/a><\/li>\n<li id=\"menu-item-146917\" class=\"menu-item menu-item-type-post_type menu-item-object-page menu-item-146917\" menu-level=\"1\"><a href=\"https:\/\/www.aa87.org\/es\/miembros\/comite-de-direcion-de-area\/\">Comit\u00e9 de direcion de \u00c1rea<\/a><\/li>\n<li id=\"menu-item-146918\" class=\"menu-item menu-item-type-post_type menu-item-object-page menu-item-146918\" menu-level=\"1\"><a href=\"https:\/\/www.aa87.org\/es\/miembros\/oficina-del-area-87\/\">Oficina del \u00c1rea 87<\/a><\/li>\n<li id=\"menu-item-146919\" class=\"menu-item menu-item-type-post_type menu-item-object-page menu-item-146919\" menu-level=\"1\"><a href=\"https:\/\/www.aa87.org\/es\/miembros\/magasin-du-bsr\/\">Tienda OSR<\/a><\/li>\n<li id=\"menu-item-146920\" class=\"menu-item menu-item-type-post_type menu-item-object-page menu-item-146920\" menu-level=\"1\"><a href=\"https:\/\/www.aa87.org\/es\/miembros\/el-rincon-del-delegado\/\">El rinc\u00f3n del Delegado<\/a><\/li>\n<\/ul>\t\t\t            <div class=\"shortcode\"><\/div>\n\t\t\t\t\t<\/div>\n\n\t\t\t\t<div class=\"ova_closeCanvas ova_closeNav\"><\/div>\n\t\t\t<\/div>\n\t\t<\/div>\n\t\t\n\n\t\t\t\t\t<\/div>\n\t\t\t\t<\/div>\n\t\t\t\t\t<\/div>\n\t\t<\/div>\n\t\t\t\t\t<\/div>\n\t\t<\/section>\n\t\t\t\t<\/div>\n\t\t\t\t<\/div>\n\t\t\t\t\t\t<\/div>\n\t\t\t\t<\/div>\n\t\t\t\t\t<\/div>\n\t\t<\/div>\n\t\t\t\t<div class=\"elementor-column elementor-col-50 elementor-inner-column elementor-element elementor-element-2bcdcf1\" data-id=\"2bcdcf1\" data-element_type=\"column\" data-e-type=\"column\">\n\t\t\t<div class=\"elementor-widget-wrap elementor-element-populated\">\n\t\t\t\t\t\t<div class=\"elementor-element elementor-element-d8542ab elementor-widget elementor-widget-text-editor\" data-id=\"d8542ab\" data-element_type=\"widget\" data-e-type=\"widget\" data-widget_type=\"text-editor.default\">\n\t\t\t\t<div class=\"elementor-widget-container\">\n\t\t\t\t\t\t\t\t\t<h2 style=\"text-align: center;\"><u style=\"font-size: 1.75rem; letter-spacing: 0px;\">Avis aux int\u00e9ress\u00e9s \u00e0 s\u2019impliquer au Comit\u00e9 des technologies\u00a0<\/u><\/h2><p>\u2014 \u00ab Une t\u00e2che qui nous procure un sentiment d\u2019accomplissement et beaucoup de plaisir en cours de route ! \u00bb<\/p><p>Le Comit\u00e9 des technologies a pour mandat d\u2019assurer la pr\u00e9sence de la R\u00e9gion 87 sur Internet \u00e0 l\u2019aide de diff\u00e9rentes sites Web et de permettre l\u2019acc\u00e8s \u00e0 diff\u00e9rentes technologies num\u00e9riques et d\u2019information.<\/p><p>L&#8217;\u00e9quipe de travail du Comit\u00e9 des technologies est compos\u00e9e de plusieurs membres de service AA qui offrent g\u00e9n\u00e9reusement leur temps et leur exp\u00e9rience pour assurer que la pr\u00e9sence sur Internet soit utile aux personnes \u00e0 la recherche d\u2019aide pour un probl\u00e8me d\u2019alcool et ainsi, continuer de r\u00e9pondre \u00e0 notre objectif de 12<sup>i\u00e8me<\/sup> \u00c9tape.<\/p><p>Nous tenons des r\u00e9unions sur Teams \u00e0 tous les 2<sup>e<\/sup> mercredi du mois, except\u00e9 l\u2019\u00e9t\u00e9. Peut-\u00eatre tiendrons-nous des r\u00e9unions en pr\u00e9sentiel !<\/p><p>Le 15 juillet 2022 &#8211; aa87.org a fait peau neuve ! Ce fut le lancement de la mise \u00e0 jour importante de notre site Web des Alcooliques anonymes (AA) de la R\u00e9gion 87 <a href=\"https:\/\/www.aa87.org\">https:\/\/www.aa87.org<\/a>. De nombreuses personnes au Comit\u00e9 des technologies, du BSR et autres Comit\u00e9s ont travaill\u00e9 dur et avec amour sur ce projet. Cela repr\u00e9sente un bel exemple de collaboration et illustre le travail des principes des AA ici dans nos bureaux.<\/p><p><img fetchpriority=\"high\" decoding=\"async\" class=\"alignleft\" src=\"https:\/\/www.aa87.org\/wp-content\/uploads\/2022\/05\/clavier-sourire.png\" alt=\"\" width=\"250\" height=\"200\" \/><\/p><p>Bient\u00f4t, nous allons faire une formation sur la maintenance du site Web, ajouter un vid\u00e9o sur Youtube et les sauvegardes.<\/p><p>Voici nos lignes de conduite pour une description d\u00e9taill\u00e9e des postes : <a href=\"https:\/\/www.aa87.org\/wp-content\/uploads\/2022\/05\/2021-12-08-Ligne-conduite-Comite-Web-Version-approuvee.pdf\">Lignes de conduite<\/a><\/p><p>Nous t\u2019invitons \u00e0 notre prochaine r\u00e9union si tu d\u00e9sires en savoir plus\u00a0: <a href=\"https:\/\/teams.microsoft.com\/l\/meetup-join\/19%3ameeting_Nzk0NjI3MWMtZTE3YS00ZTc5LWFmZTktY2ExZjgzNTg1ODI3%40thread.v2\/0?context=%7b%22Tid%22%3a%22e3623cde-a164-4d46-a596-657be4982d6b%22%2c%22Oid%22%3a%22d35a54b3-8f36-4c23-8600-d1458bd876df%22%7d\">R\u00e9union de service<\/a><\/p><p>Voici le formulaire pour nous rejoindre\u00a0: <a href=\"https:\/\/www.aa87.org\/formulaires\/rejoindre-le-comite-des-technologies\/\">Formulaire<\/a><\/p><p><span style=\"letter-spacing: 0px;\">\u00a0<\/span><\/p><p><span style=\"letter-spacing: 0px;\">Bon 24hrs, Amour et Service<\/span><\/p><p>L\u2019\u00e9quipe du Comit\u00e9 des technologies<\/p>\t\t\t\t\t\t\t\t<\/div>\n\t\t\t\t<\/div>\n\t\t\t\t\t<\/div>\n\t\t<\/div>\n\t\t\t\t\t<\/div>\n\t\t<\/section>\n\t\t\t\t\t<\/div>\n\t\t<\/div>\n\t\t\t\t\t<\/div>\n\t\t<\/section>\n\t\t\t\t<\/div>\n\t\t","protected":false},"excerpt":{"rendered":"<p>Avis aux int\u00e9ress\u00e9s \u00e0 s\u2019impliquer au Comit\u00e9 des technologies\u00a0 \u2014 \u00ab Une t\u00e2che qui nous procure un sentiment d\u2019accomplissement et beaucoup de plaisir en cours de route ! \u00bb Le [&hellip;]<\/p>\n","protected":false},"author":2,"featured_media":0,"parent":85494,"menu_order":0,"comment_status":"closed","ping_status":"closed","template":"elementor_header_footer","meta":{"_price":"","_stock":"","_tribe_ticket_header":"","_tribe_default_ticket_provider":"","_tribe_ticket_capacity":"0","_ticket_start_date":"","_ticket_end_date":"","_tribe_ticket_show_description":"","_tribe_ticket_show_not_going":false,"_tribe_ticket_use_global_stock":"","_tribe_ticket_global_stock_level":"","_global_stock_mode":"","_global_stock_cap":"","_tribe_rsvp_for_event":"","_tribe_ticket_going_count":"","_tribe_ticket_not_going_count":"","_tribe_tickets_list":"[]","_tribe_ticket_has_attendee_info_fields":false,"footnotes":"","_tec_slr_enabled":"","_tec_slr_layout":""},"class_list":["post-92239","page","type-page","status-publish","hentry"],"aioseo_notices":[],"publishpress_future_action":{"enabled":false,"date":"2026-05-19 11:39:12","action":"change-status","newStatus":"draft","terms":[],"taxonomy":"translation_priority","extraData":[]},"publishpress_future_workflow_manual_trigger":{"enabledWorkflows":[]},"ticketed":false,"_links":{"self":[{"href":"https:\/\/www.aa87.org\/es\/wp-json\/wp\/v2\/pages\/92239","targetHints":{"allow":["GET"]}}],"collection":[{"href":"https:\/\/www.aa87.org\/es\/wp-json\/wp\/v2\/pages"}],"about":[{"href":"https:\/\/www.aa87.org\/es\/wp-json\/wp\/v2\/types\/page"}],"author":[{"embeddable":true,"href":"https:\/\/www.aa87.org\/es\/wp-json\/wp\/v2\/users\/2"}],"replies":[{"embeddable":true,"href":"https:\/\/www.aa87.org\/es\/wp-json\/wp\/v2\/comments?post=92239"}],"version-history":[{"count":1,"href":"https:\/\/www.aa87.org\/es\/wp-json\/wp\/v2\/pages\/92239\/revisions"}],"predecessor-version":[{"id":92240,"href":"https:\/\/www.aa87.org\/es\/wp-json\/wp\/v2\/pages\/92239\/revisions\/92240"}],"up":[{"embeddable":true,"href":"https:\/\/www.aa87.org\/es\/wp-json\/wp\/v2\/pages\/85494"}],"wp:attachment":[{"href":"https:\/\/www.aa87.org\/es\/wp-json\/wp\/v2\/media?parent=92239"}],"curies":[{"name":"wp","href":"https:\/\/api.w.org\/{rel}","templated":true}]}}